{"id":2333,"date":"2016-05-24T15:51:32","date_gmt":"2016-05-24T13:51:32","guid":{"rendered":"http:\/\/www.glm-laser.com\/?page_id=2333"},"modified":"2020-10-23T10:09:52","modified_gmt":"2020-10-23T08:09:52","slug":"sokkia-t60e","status":"publish","type":"page","link":"https:\/\/www.glm-laser.com\/glm\/optische-vermessungsinstrumente-3\/uebersicht\/theodolite\/sokkisha-tm-t-ts\/sokkia-t60e\/","title":{"rendered":"Theodolit T60E"},"content":{"rendered":"<h1>Der Theodolit T60E aus dem Hause Sokkia<\/h1>\n<div class=\"section\">\n<p align=\"justify\"><img loading=\"lazy\" decoding=\"async\" class=\"alignright wp-image-2356 size-full\" title=\"Theodolit T60E\" src=\"https:\/\/www.glm-laser.com\/glm\/wp-content\/uploads\/T60E.jpg\" alt=\"Theodolit T60E\" width=\"200\" height=\"140\" \/>Der Theodolit T60E aus dem Hause Sokkia (Sokkisha) wird nicht mehr produziert. Das passende Nachfolgemodell ist der Digitaltheodolit DT940. GLM Laserme\u00dftechnik bietet ihnen einen rundum Service (Inspektion, Reparatur, Verkauf und Beratung) f\u00fcr den T60E an.<\/p>\n<p align=\"justify\"><strong>Auszug aus den technischen Daten des T60E:<\/strong><\/p>\n<ul>\n<li>Vergr\u00f6\u00dferung\/ Aufl\u00f6sung: 30x \/ 3&#8243;<\/li>\n<li>Winkelmessgenauigkeit: 20&#8243;\/ 5mgon<\/li>\n<li>K\u00fcrzeste Zielweite: 1,3m<\/li>\n<\/ul>\n<p><strong>Zubeh\u00f6r:<\/strong><\/p>\n<ul>\n<li>Kreuzschlitten bzw. Kreuztisch<\/li>\n<\/ul>\n<p>&nbsp;<\/p>\n<div class=\"section\">\n<p align=\"justify\">W\u00fcnschen Sie weitere Informationen oder m\u00f6chten Sie einen Termin zur\u00a0Inspektion vereinbaren? <a href=\"mailto:werkstatt@glm-laser.de\">Dann schreiben Sie uns einfach eine E-Mail. <\/a><\/p>\n<div class=\"section\"><\/div>\n<p align=\"justify\"><img loading=\"lazy\" decoding=\"async\" class=\"alignleft size-full wp-image-958\" src=\"https:\/\/www.glm-laser.com\/glm\/wp-content\/uploads\/pdf-icon.png\" alt=\"Download PDF\" width=\"38\" height=\"42\" \/><\/p>\n<p align=\"justify\"><a href=\"https:\/\/www.glm-laser.com\/glm\/wp-content\/uploads\/sokkia_theodolit.pdf\" target=\"_blank\" rel=\"noopener noreferrer\"><br \/>\nProspekt Sokkisha Theodolit (7 MB)<\/a><\/p>\n<\/div>\n<p align=\"justify\">\n<\/div>\n","protected":false},"excerpt":{"rendered":"<p>Der Theodolit T60E aus dem Hause Sokkia Der Theodolit T60E aus dem Hause Sokkia (Sokkisha) wird nicht mehr produziert. Das passende Nachfolgemodell ist der Digitaltheodolit DT940. GLM Laserme\u00dftechnik bietet ihnen einen rundum Service (Inspektion, Reparatur, Verkauf und Beratung) f\u00fcr den T60E an. Auszug aus den technischen Daten des T60E: Vergr\u00f6\u00dferung\/ Aufl\u00f6sung: 30x \/ 3&#8243; Winkelmessgenauigkeit: [&hellip;]<\/p>\n","protected":false},"author":1,"featured_media":0,"parent":905,"menu_order":0,"comment_status":"closed","ping_status":"closed","template":"page_submenu.php","meta":{"footnotes":""},"class_list":["post-2333","page","type-page","status-publish","hentry"],"_links":{"self":[{"href":"https:\/\/www.glm-laser.com\/glm\/wp-json\/wp\/v2\/pages\/2333"}],"collection":[{"href":"https:\/\/www.glm-laser.com\/glm\/wp-json\/wp\/v2\/pages"}],"about":[{"href":"https:\/\/www.glm-laser.com\/glm\/wp-json\/wp\/v2\/types\/page"}],"author":[{"embeddable":true,"href":"https:\/\/www.glm-laser.com\/glm\/wp-json\/wp\/v2\/users\/1"}],"replies":[{"embeddable":true,"href":"https:\/\/www.glm-laser.com\/glm\/wp-json\/wp\/v2\/comments?post=2333"}],"version-history":[{"count":10,"href":"https:\/\/www.glm-laser.com\/glm\/wp-json\/wp\/v2\/pages\/2333\/revisions"}],"predecessor-version":[{"id":8417,"href":"https:\/\/www.glm-laser.com\/glm\/wp-json\/wp\/v2\/pages\/2333\/revisions\/8417"}],"up":[{"embeddable":true,"href":"https:\/\/www.glm-laser.com\/glm\/wp-json\/wp\/v2\/pages\/905"}],"wp:attachment":[{"href":"https:\/\/www.glm-laser.com\/glm\/wp-json\/wp\/v2\/media?parent=2333"}],"curies":[{"name":"wp","href":"https:\/\/api.w.org\/{rel}","templated":true}]}}