{"id":2361,"date":"2016-05-24T16:28:17","date_gmt":"2016-05-24T14:28:17","guid":{"rendered":"http:\/\/www.glm-laser.com\/?page_id=2361"},"modified":"2020-10-26T14:41:20","modified_gmt":"2020-10-26T13:41:20","slug":"sokkia-dt2","status":"publish","type":"page","link":"https:\/\/www.glm-laser.com\/glm\/optische-vermessungsinstrumente-3\/uebersicht\/theodolite\/sokkia-dt-2-4-5-5a-6\/sokkia-dt2\/","title":{"rendered":"Sokkia DT2"},"content":{"rendered":"<h1>Der Digitaltheodolit DT2 aus dem Hause Sokkisha<\/h1>\n<div class=\"section\">\n<p align=\"justify\"><img loading=\"lazy\" decoding=\"async\" class=\"size-full wp-image-2380 alignright\" src=\"https:\/\/www.glm-laser.com\/glm\/wp-content\/uploads\/DT2.jpg\" alt=\"DT2\" width=\"199\" height=\"327\" srcset=\"https:\/\/www.glm-laser.com\/glm\/wp-content\/uploads\/DT2.jpg 199w, https:\/\/www.glm-laser.com\/glm\/wp-content\/uploads\/DT2-183x300.jpg 183w\" sizes=\"(max-width: 199px) 100vw, 199px\" \/>Der Digitaltheodolit DT2 aus dem Hause Sokkisha wird nicht mehr produziert. Das passende Nachfolgemodell ist der Digitaltheodolit DT240. GLM Laserme\u00dftechnik bietet ihnen einen rundum Service (Inspektion, Reparatur, Verkauf und Beratung) f\u00fcr den DT2 an.<\/p>\n<p align=\"justify\"><strong>Auszug aus den technischen Daten des DT2:<\/strong><\/p>\n<div align=\"justify\">\n<ul>\n<li>Vergr\u00f6\u00dferung\/ Aufl\u00f6sung: 32x \/ 2,5&#8243;<\/li>\n<li>Winkelmessgenauigkeit: 2&#8243; \/ 0,6mg<\/li>\n<li>K\u00fcrzeste Zielweite 1,3m<\/li>\n<\/ul>\n<\/div>\n<p align=\"justify\"><strong>Zubeh\u00f6r:<\/strong><\/p>\n<div align=\"justify\">\n<ul>\n<li>Batterie BDC18<\/li>\n<li>REDMINI2<\/li>\n<li>Kreuzschlitten bzw. Kreuztisch<\/li>\n<\/ul>\n<\/div>\n<p align=\"justify\">W\u00fcnschen Sie weitere Informationen oder m\u00f6chten Sie einen Termin zur Inspektion vereinbaren? <a href=\"mailto:werkstatt@glm-laser.de\">Dann schreiben Sie uns einfach eine E-Mail.<\/a><\/p>\n<\/div>\n<p align=\"justify\"><img loading=\"lazy\" decoding=\"async\" class=\"alignleft size-full wp-image-958\" src=\"https:\/\/www.glm-laser.com\/glm\/wp-content\/uploads\/pdf-icon.png\" alt=\"Download PDF\" width=\"38\" height=\"42\" \/><\/p>\n<p align=\"justify\"><a href=\"https:\/\/www.glm-laser.com\/glm\/wp-content\/uploads\/sokkia_theodolit.pdf\"><br \/>\n<\/a><a href=\"https:\/\/www.glm-laser.com\/glm\/wp-content\/uploads\/sokkia_dt2_dt4.pdf\" target=\"_blank\" rel=\"noopener noreferrer\">Bedienungsanleitung Sokkisha DT2 (5 MB)<\/a><\/p>\n<p align=\"justify\">\n<p align=\"justify\">\n<p align=\"justify\">&#8211; \u00dcbersicht Theodolite Sokkia &#8211; <\/p>\n","protected":false},"excerpt":{"rendered":"<p>Der Digitaltheodolit DT2 aus dem Hause Sokkisha Der Digitaltheodolit DT2 aus dem Hause Sokkisha wird nicht mehr produziert. Das passende Nachfolgemodell ist der Digitaltheodolit DT240. GLM Laserme\u00dftechnik bietet ihnen einen rundum Service (Inspektion, Reparatur, Verkauf und Beratung) f\u00fcr den DT2 an. Auszug aus den technischen Daten des DT2: Vergr\u00f6\u00dferung\/ Aufl\u00f6sung: 32x \/ 2,5&#8243; Winkelmessgenauigkeit: 2&#8243; [&hellip;]<\/p>\n","protected":false},"author":1,"featured_media":0,"parent":903,"menu_order":1,"comment_status":"closed","ping_status":"closed","template":"page_submenu.php","meta":{"footnotes":""},"class_list":["post-2361","page","type-page","status-publish","hentry"],"_links":{"self":[{"href":"https:\/\/www.glm-laser.com\/glm\/wp-json\/wp\/v2\/pages\/2361"}],"collection":[{"href":"https:\/\/www.glm-laser.com\/glm\/wp-json\/wp\/v2\/pages"}],"about":[{"href":"https:\/\/www.glm-laser.com\/glm\/wp-json\/wp\/v2\/types\/page"}],"author":[{"embeddable":true,"href":"https:\/\/www.glm-laser.com\/glm\/wp-json\/wp\/v2\/users\/1"}],"replies":[{"embeddable":true,"href":"https:\/\/www.glm-laser.com\/glm\/wp-json\/wp\/v2\/comments?post=2361"}],"version-history":[{"count":11,"href":"https:\/\/www.glm-laser.com\/glm\/wp-json\/wp\/v2\/pages\/2361\/revisions"}],"predecessor-version":[{"id":8677,"href":"https:\/\/www.glm-laser.com\/glm\/wp-json\/wp\/v2\/pages\/2361\/revisions\/8677"}],"up":[{"embeddable":true,"href":"https:\/\/www.glm-laser.com\/glm\/wp-json\/wp\/v2\/pages\/903"}],"wp:attachment":[{"href":"https:\/\/www.glm-laser.com\/glm\/wp-json\/wp\/v2\/media?parent=2361"}],"curies":[{"name":"wp","href":"https:\/\/api.w.org\/{rel}","templated":true}]}}