{"id":2367,"date":"2016-05-24T16:29:48","date_gmt":"2016-05-24T14:29:48","guid":{"rendered":"http:\/\/www.glm-laser.com\/?page_id=2367"},"modified":"2020-10-26T14:46:39","modified_gmt":"2020-10-26T13:46:39","slug":"sokkia-dt-4e","status":"publish","type":"page","link":"https:\/\/www.glm-laser.com\/glm\/optische-vermessungsinstrumente-3\/uebersicht\/theodolite\/sokkia-dt-2-4-5-5a-6\/sokkia-dt-4e\/","title":{"rendered":"Sokkia DT 4E"},"content":{"rendered":"<h1>Der Digitaltheodolit DT4E aus dem Hause Sokkia<\/h1>\n<div class=\"section\">\n<p align=\"justify\"><img loading=\"lazy\" decoding=\"async\" class=\"size-full wp-image-2424 alignright\" src=\"https:\/\/www.glm-laser.com\/glm\/wp-content\/uploads\/DT4E.jpg\" alt=\"DT4E\" width=\"200\" height=\"390\" srcset=\"https:\/\/www.glm-laser.com\/glm\/wp-content\/uploads\/DT4E.jpg 200w, https:\/\/www.glm-laser.com\/glm\/wp-content\/uploads\/DT4E-154x300.jpg 154w\" sizes=\"(max-width: 200px) 100vw, 200px\" \/>Der Digitaltheodolit DT4E aus dem Hause Sokkia wird nicht mehr produziert. Das passende Nachfolgemodell ist der Digitaltheodolit DT540. GLM Laserme\u00dftechnik bietet ihnen einen rundum Service (Inspektion, Reparatur, Verkauf und Beratung) f\u00fcr den DT4E an.<\/p>\n<p align=\"justify\"><strong>Auszug aus den technischen Daten des DT4E:<\/strong><\/p>\n<div align=\"justify\">\n<ul>\n<li>Vergr\u00f6\u00dferung\/ Aufl\u00f6sung: 30x \/ 3&#8243;<\/li>\n<li>Winkelmessgenauigkeit: 5&#8243; \/ 1,5mg\/ 0.025mil<\/li>\n<li>K\u00fcrzeste Zielweite 0,9m<\/li>\n<\/ul>\n<\/div>\n<p align=\"justify\"><strong>Zubeh\u00f6r:<\/strong><\/p>\n<div align=\"justify\">\n<ul>\n<li>Batterie BDC25A<\/li>\n<li>Ladeschuh inkl. Kabel CDC11 und EDC19<\/li>\n<li>Steilsichtokular DE25<\/li>\n<li>Schnittstellenkabel DOC27<\/li>\n<li>Kreuzschlitten bzw. Kreuztisch<\/li>\n<\/ul>\n<p>W\u00fcnschen Sie weitere Informationen oder m\u00f6chten Sie einen Termin zur Inspektion vereinbaren? <a href=\"mailto:werkstatt@glm-laser.de\">Dann schreiben Sie uns einfach eine E-Mail.<\/a><\/p>\n<\/div>\n<div class=\"section\">\n<p align=\"justify\"><img loading=\"lazy\" decoding=\"async\" class=\"alignleft size-full wp-image-958\" src=\"https:\/\/www.glm-laser.com\/glm\/wp-content\/uploads\/pdf-icon.png\" alt=\"Download PDF\" width=\"38\" height=\"42\" \/><\/p>\n<p align=\"justify\"><a href=\"https:\/\/www.glm-laser.com\/glm\/wp-content\/uploads\/sokkia_theodolit.pdf\"><br \/>\n<\/a>Prospekt Sokkia DT2E DT4E DT4F (4 MB)<\/p>\n<\/div>\n<\/div>\n<p align=\"justify\">\n<p align=\"justify\">\n<div class=\"section\">\n<p align=\"justify\">&#8211; \u00dcbersicht Theodolite Sokkia &#8211; <\/p>\n<\/div>\n","protected":false},"excerpt":{"rendered":"<p>Der Digitaltheodolit DT4E aus dem Hause Sokkia Der Digitaltheodolit DT4E aus dem Hause Sokkia wird nicht mehr produziert. Das passende Nachfolgemodell ist der Digitaltheodolit DT540. GLM Laserme\u00dftechnik bietet ihnen einen rundum Service (Inspektion, Reparatur, Verkauf und Beratung) f\u00fcr den DT4E an. Auszug aus den technischen Daten des DT4E: Vergr\u00f6\u00dferung\/ Aufl\u00f6sung: 30x \/ 3&#8243; Winkelmessgenauigkeit: 5&#8243; [&hellip;]<\/p>\n","protected":false},"author":1,"featured_media":0,"parent":903,"menu_order":4,"comment_status":"closed","ping_status":"closed","template":"page_submenu.php","meta":{"footnotes":""},"class_list":["post-2367","page","type-page","status-publish","hentry"],"_links":{"self":[{"href":"https:\/\/www.glm-laser.com\/glm\/wp-json\/wp\/v2\/pages\/2367"}],"collection":[{"href":"https:\/\/www.glm-laser.com\/glm\/wp-json\/wp\/v2\/pages"}],"about":[{"href":"https:\/\/www.glm-laser.com\/glm\/wp-json\/wp\/v2\/types\/page"}],"author":[{"embeddable":true,"href":"https:\/\/www.glm-laser.com\/glm\/wp-json\/wp\/v2\/users\/1"}],"replies":[{"embeddable":true,"href":"https:\/\/www.glm-laser.com\/glm\/wp-json\/wp\/v2\/comments?post=2367"}],"version-history":[{"count":18,"href":"https:\/\/www.glm-laser.com\/glm\/wp-json\/wp\/v2\/pages\/2367\/revisions"}],"predecessor-version":[{"id":8718,"href":"https:\/\/www.glm-laser.com\/glm\/wp-json\/wp\/v2\/pages\/2367\/revisions\/8718"}],"up":[{"embeddable":true,"href":"https:\/\/www.glm-laser.com\/glm\/wp-json\/wp\/v2\/pages\/903"}],"wp:attachment":[{"href":"https:\/\/www.glm-laser.com\/glm\/wp-json\/wp\/v2\/media?parent=2367"}],"curies":[{"name":"wp","href":"https:\/\/api.w.org\/{rel}","templated":true}]}}