{"id":2369,"date":"2016-05-24T16:30:25","date_gmt":"2016-05-24T14:30:25","guid":{"rendered":"http:\/\/www.glm-laser.com\/?page_id=2369"},"modified":"2020-10-26T14:41:20","modified_gmt":"2020-10-26T13:41:20","slug":"sokkia-dt4s","status":"publish","type":"page","link":"https:\/\/www.glm-laser.com\/glm\/optische-vermessungsinstrumente-3\/uebersicht\/theodolite\/sokkia-dt-2-4-5-5a-6\/sokkia-dt4s\/","title":{"rendered":"Sokkia DT4S"},"content":{"rendered":"<h1>Der Digitaltheodolit DT4S aus dem Hause Sokkia<\/h1>\n<div class=\"section\">\n<p align=\"justify\"><img loading=\"lazy\" decoding=\"async\" class=\"size-full wp-image-2422 alignright\" src=\"https:\/\/www.glm-laser.com\/glm\/wp-content\/uploads\/DT4S.jpg\" alt=\"DT4S\" width=\"200\" height=\"271\" \/>Der Digitaltheodolit DT4S aus dem Hause Sokkia wird nicht mehr produziert.\u00a0 Das passende Nachfolgemodell ist der Digitaltheodolit DT540. GLM Laserme\u00dftechnik bietet ihnen einen rundum Service (Inspektion, Reparatur, Verkauf und Beratung) f\u00fcr den DT4S an.<\/p>\n<p align=\"justify\"><strong>Auszug aus den technischen Daten des DT4S:<\/strong><\/p>\n<div align=\"justify\">\n<ul>\n<li>Vergr\u00f6\u00dferung\/ Aufl\u00f6sung: 30x \/ 3&#8243;<\/li>\n<li>Winkelmessgenauigkeit: 5&#8243; \/ 1,5mg\/ 0.025mil<\/li>\n<li>K\u00fcrzeste Zielweite 0,9m<\/li>\n<\/ul>\n<\/div>\n<div class=\"section\">\n<p align=\"justify\"><strong>Zubeh\u00f6r:<\/strong><\/p>\n<div align=\"justify\">\n<ul>\n<li>Batterie BDC21<\/li>\n<li>Steilsichtokular DE17<\/li>\n<li>Kreuzschlitten bzw. Kreuztisch<\/li>\n<\/ul>\n<\/div>\n<p align=\"justify\">W\u00fcnschen Sie weitere Informationen oder m\u00f6chten Sie einen Termin zur Inspektion vereinbaren? <a href=\"mailto:werkstatt@glm-laser.de\">Dann schreiben Sie uns einfach eine E-Mail.<\/a><\/p>\n<\/div>\n<div class=\"section\">\n<p align=\"justify\"><img loading=\"lazy\" decoding=\"async\" class=\"alignleft size-full wp-image-958\" src=\"https:\/\/www.glm-laser.com\/glm\/wp-content\/uploads\/pdf-icon.png\" alt=\"Download PDF\" width=\"38\" height=\"42\" \/><\/p>\n<p align=\"justify\"><a href=\"https:\/\/www.glm-laser.com\/glm\/wp-content\/uploads\/sokkia_dt4.pdf\" target=\"_blank\" rel=\"noopener noreferrer\">Prospekt Sokkia DT4 (2 MB)<br \/>\n<\/a><a href=\"https:\/\/www.glm-laser.com\/glm\/wp-content\/uploads\/operators_manual_dt4_and_dt4s.pdf\" target=\"_blank\" rel=\"noopener noreferrer\">Operator\u00b4s Manual Sokkisha DT4 and DT4S (2 MB)&#8216;<br \/>\n<\/a><\/p>\n<p align=\"justify\">\n<p align=\"justify\">\n<\/div>\n<div class=\"section\">\n<p>&#8211; \u00dcbersicht Theodolite Sokkia &#8211; <\/p>\n<\/div>\n<\/div>\n","protected":false},"excerpt":{"rendered":"<p>Der Digitaltheodolit DT4S aus dem Hause Sokkia Der Digitaltheodolit DT4S aus dem Hause Sokkia wird nicht mehr produziert.\u00a0 Das passende Nachfolgemodell ist der Digitaltheodolit DT540. GLM Laserme\u00dftechnik bietet ihnen einen rundum Service (Inspektion, Reparatur, Verkauf und Beratung) f\u00fcr den DT4S an. Auszug aus den technischen Daten des DT4S: Vergr\u00f6\u00dferung\/ Aufl\u00f6sung: 30x \/ 3&#8243; Winkelmessgenauigkeit: 5&#8243; [&hellip;]<\/p>\n","protected":false},"author":1,"featured_media":0,"parent":903,"menu_order":5,"comment_status":"closed","ping_status":"closed","template":"page_submenu.php","meta":{"footnotes":""},"class_list":["post-2369","page","type-page","status-publish","hentry"],"_links":{"self":[{"href":"https:\/\/www.glm-laser.com\/glm\/wp-json\/wp\/v2\/pages\/2369"}],"collection":[{"href":"https:\/\/www.glm-laser.com\/glm\/wp-json\/wp\/v2\/pages"}],"about":[{"href":"https:\/\/www.glm-laser.com\/glm\/wp-json\/wp\/v2\/types\/page"}],"author":[{"embeddable":true,"href":"https:\/\/www.glm-laser.com\/glm\/wp-json\/wp\/v2\/users\/1"}],"replies":[{"embeddable":true,"href":"https:\/\/www.glm-laser.com\/glm\/wp-json\/wp\/v2\/comments?post=2369"}],"version-history":[{"count":14,"href":"https:\/\/www.glm-laser.com\/glm\/wp-json\/wp\/v2\/pages\/2369\/revisions"}],"predecessor-version":[{"id":8681,"href":"https:\/\/www.glm-laser.com\/glm\/wp-json\/wp\/v2\/pages\/2369\/revisions\/8681"}],"up":[{"embeddable":true,"href":"https:\/\/www.glm-laser.com\/glm\/wp-json\/wp\/v2\/pages\/903"}],"wp:attachment":[{"href":"https:\/\/www.glm-laser.com\/glm\/wp-json\/wp\/v2\/media?parent=2369"}],"curies":[{"name":"wp","href":"https:\/\/api.w.org\/{rel}","templated":true}]}}