{"id":2375,"date":"2016-05-24T16:32:51","date_gmt":"2016-05-24T14:32:51","guid":{"rendered":"http:\/\/www.glm-laser.com\/?page_id=2375"},"modified":"2020-10-26T14:41:20","modified_gmt":"2020-10-26T13:41:20","slug":"sokkia-dt5a","status":"publish","type":"page","link":"https:\/\/www.glm-laser.com\/glm\/optische-vermessungsinstrumente-3\/uebersicht\/theodolite\/sokkia-dt-2-4-5-5a-6\/sokkia-dt5a\/","title":{"rendered":"Sokkia DT5A"},"content":{"rendered":"<h1>Der Digitaltheodolit DT5A aus dem Hause Sokkia<\/h1>\n<div class=\"section\">\n<p align=\"justify\"><img loading=\"lazy\" decoding=\"async\" class=\"size-full wp-image-2434 alignright\" src=\"https:\/\/www.glm-laser.com\/glm\/wp-content\/uploads\/DT5A.jpg\" alt=\"DT5A\" width=\"199\" height=\"345\" srcset=\"https:\/\/www.glm-laser.com\/glm\/wp-content\/uploads\/DT5A.jpg 199w, https:\/\/www.glm-laser.com\/glm\/wp-content\/uploads\/DT5A-173x300.jpg 173w\" sizes=\"(max-width: 199px) 100vw, 199px\" \/>\u00a0Der Digitaltheodolit DT5A aus dem Hause Sokkia wird nicht mehr produziert. Das Nachfolgemodelle ist der elektronischen Theodolite DT940. GLM Laserme\u00dftechnik bietet Ihnen den Rundumservice (Reparatur, Inspektion, Verkauf und Beratung) f\u00fcr den Digitaltheodolit DT5A an.<\/p>\n<p align=\"justify\"><strong>Auszug aus den technischen Daten des DT5A<\/strong>;<\/p>\n<div align=\"justify\">\n<ul>\n<li>Vergr\u00f6\u00dferung \/ Aufl\u00f6sung: 30x \/ 3&#8243;<\/li>\n<li>Winkelmessgenauigkeit: 10&#8243; \/ 2mgon<\/li>\n<li>K\u00fcrzeste Zielweite: 0,9 m<\/li>\n<\/ul>\n<\/div>\n<p align=\"justify\"><strong>Zubeh\u00f6r:<\/strong><\/p>\n<div align=\"justify\">\n<ul>\n<li>Batterie BDC25<\/li>\n<li>Ladeeinheit EDC19 \/ CDC27<\/li>\n<li>Kreuzschlitten bzw. Kreuztisch<\/li>\n<\/ul>\n<div align=\"justify\">\n<p>W\u00fcnschen Sie weitere Informationen oder m\u00f6chten Sie einen Termin zur Inspektion vereinbaren? <a href=\"mailto:werkstatt@glm-laser.de\">Dann schreiben Sie uns einfach eine E-Mail.<\/a><\/p>\n<\/div>\n<div class=\"section\">\n<p align=\"justify\"><img loading=\"lazy\" decoding=\"async\" class=\"alignleft size-full wp-image-958\" src=\"https:\/\/www.glm-laser.com\/glm\/wp-content\/uploads\/pdf-icon.png\" alt=\"Download PDF\" width=\"38\" height=\"42\" \/><\/p>\n<p align=\"justify\"><a href=\"https:\/\/www.glm-laser.com\/glm\/wp-content\/uploads\/sokkia_theodolit.pdf\"><br \/>\n<\/a><a href=\"https:\/\/www.glm-laser.com\/glm\/wp-content\/uploads\/bediengsanleitung_sokkia_dt5_serie.pdf\" target=\"_blank\" rel=\"noopener noreferrer\">Bedienungsanleitung Sokkia DT5 Serie (1 MB)<\/a><\/p>\n<p align=\"justify\">\n<p align=\"justify\">\n<\/div>\n<p align=\"justify\">&#8211; \u00dcbersicht Theodolite Sokkia &#8211; <\/p>\n<\/div>\n<\/div>\n","protected":false},"excerpt":{"rendered":"<p>Der Digitaltheodolit DT5A aus dem Hause Sokkia \u00a0Der Digitaltheodolit DT5A aus dem Hause Sokkia wird nicht mehr produziert. Das Nachfolgemodelle ist der elektronischen Theodolite DT940. GLM Laserme\u00dftechnik bietet Ihnen den Rundumservice (Reparatur, Inspektion, Verkauf und Beratung) f\u00fcr den Digitaltheodolit DT5A an. Auszug aus den technischen Daten des DT5A; Vergr\u00f6\u00dferung \/ Aufl\u00f6sung: 30x \/ 3&#8243; Winkelmessgenauigkeit: [&hellip;]<\/p>\n","protected":false},"author":1,"featured_media":0,"parent":903,"menu_order":8,"comment_status":"closed","ping_status":"closed","template":"page_submenu.php","meta":{"footnotes":""},"class_list":["post-2375","page","type-page","status-publish","hentry"],"_links":{"self":[{"href":"https:\/\/www.glm-laser.com\/glm\/wp-json\/wp\/v2\/pages\/2375"}],"collection":[{"href":"https:\/\/www.glm-laser.com\/glm\/wp-json\/wp\/v2\/pages"}],"about":[{"href":"https:\/\/www.glm-laser.com\/glm\/wp-json\/wp\/v2\/types\/page"}],"author":[{"embeddable":true,"href":"https:\/\/www.glm-laser.com\/glm\/wp-json\/wp\/v2\/users\/1"}],"replies":[{"embeddable":true,"href":"https:\/\/www.glm-laser.com\/glm\/wp-json\/wp\/v2\/comments?post=2375"}],"version-history":[{"count":8,"href":"https:\/\/www.glm-laser.com\/glm\/wp-json\/wp\/v2\/pages\/2375\/revisions"}],"predecessor-version":[{"id":8684,"href":"https:\/\/www.glm-laser.com\/glm\/wp-json\/wp\/v2\/pages\/2375\/revisions\/8684"}],"up":[{"embeddable":true,"href":"https:\/\/www.glm-laser.com\/glm\/wp-json\/wp\/v2\/pages\/903"}],"wp:attachment":[{"href":"https:\/\/www.glm-laser.com\/glm\/wp-json\/wp\/v2\/media?parent=2375"}],"curies":[{"name":"wp","href":"https:\/\/api.w.org\/{rel}","templated":true}]}}