{"id":2377,"date":"2016-05-24T16:33:41","date_gmt":"2016-05-24T14:33:41","guid":{"rendered":"http:\/\/www.glm-laser.com\/?page_id=2377"},"modified":"2020-10-26T14:41:20","modified_gmt":"2020-10-26T13:41:20","slug":"sokkia-dt6","status":"publish","type":"page","link":"https:\/\/www.glm-laser.com\/glm\/optische-vermessungsinstrumente-3\/uebersicht\/theodolite\/sokkia-dt-2-4-5-5a-6\/sokkia-dt6\/","title":{"rendered":"Sokkia DT6"},"content":{"rendered":"<h1>Der elektronsiche Theodolit DT6 aus dem Hause Sokkia<\/h1>\n<div class=\"section\">\n<p align=\"justify\"><img loading=\"lazy\" decoding=\"async\" class=\"size-full wp-image-2440 alignright\" src=\"https:\/\/www.glm-laser.com\/glm\/wp-content\/uploads\/DT6.jpg\" alt=\"DT6\" width=\"173\" height=\"295\" \/>Der Digitaltheodolit DT6 aus dem Hause Sokkia wird nicht mehr produziert. Das Nachfolgemodelle ist der elektronischen Theodolite DT940. GLM Laserme\u00dftechnik bietet Ihnen den Rundumservice (Reparatur, Inspektion, Verkauf und Beratung) f\u00fcr den Digitaltheodolit DT6 an.<\/p>\n<p><strong>Auszug aus den technischen Daten des DT6<\/strong>;<\/p>\n<ul>\n<li>Vergr\u00f6\u00dferung \/ Aufl\u00f6sung: 26x \/ 3,5&#8243;<\/li>\n<li>Winkelmessgenauigkeit: 20&#8243; \/ 4mgon<\/li>\n<li>K\u00fcrzeste Zielweite: 0,9 m<\/li>\n<\/ul>\n<p><strong>Zubeh\u00f6r:<\/strong><\/p>\n<ul>\n<li>Batterie BDC25<\/li>\n<li>Ladeeinheit EDC19 \/ CDC27<\/li>\n<li>Kreuzschlitten bzw. Kreuztisch<\/li>\n<\/ul>\n<p>&nbsp;<\/p>\n<div align=\"justify\">\n<p>W\u00fcnschen Sie weitere Informationen oder m\u00f6chten Sie einen Termin zur Inspektion vereinbaren? <a href=\"mailto:werkstatt@glm-laser.de\">Dann schreiben Sie uns einfach eine E-Mail.<\/a><\/p>\n<\/div>\n<div class=\"section\">\n<p align=\"justify\"><img loading=\"lazy\" decoding=\"async\" class=\"alignleft size-full wp-image-958\" src=\"https:\/\/www.glm-laser.com\/glm\/wp-content\/uploads\/pdf-icon.png\" alt=\"Download PDF\" width=\"38\" height=\"42\" \/><\/p>\n<p align=\"justify\"><a href=\"https:\/\/www.glm-laser.com\/glm\/wp-content\/uploads\/sokkia_theodolit.pdf\"><br \/>\n<\/a><a href=\"https:\/\/www.glm-laser.com\/glm\/wp-content\/uploads\/sokkia_dt6_bedienungsanleitung.pdf\" target=\"_blank\" rel=\"noopener noreferrer\">Bedienungsanleitung Sokkia DT6 (1 MB)<\/a><\/p>\n<p align=\"justify\">\n<p align=\"justify\">\n<\/div>\n<p align=\"justify\">&#8211; \u00dcbersicht Theodolite Sokkia &#8211; <\/p>\n<\/div>\n","protected":false},"excerpt":{"rendered":"<p>Der elektronsiche Theodolit DT6 aus dem Hause Sokkia Der Digitaltheodolit DT6 aus dem Hause Sokkia wird nicht mehr produziert. Das Nachfolgemodelle ist der elektronischen Theodolite DT940. GLM Laserme\u00dftechnik bietet Ihnen den Rundumservice (Reparatur, Inspektion, Verkauf und Beratung) f\u00fcr den Digitaltheodolit DT6 an. Auszug aus den technischen Daten des DT6; Vergr\u00f6\u00dferung \/ Aufl\u00f6sung: 26x \/ 3,5&#8243; [&hellip;]<\/p>\n","protected":false},"author":1,"featured_media":0,"parent":903,"menu_order":9,"comment_status":"closed","ping_status":"closed","template":"page_submenu.php","meta":{"footnotes":""},"class_list":["post-2377","page","type-page","status-publish","hentry"],"_links":{"self":[{"href":"https:\/\/www.glm-laser.com\/glm\/wp-json\/wp\/v2\/pages\/2377"}],"collection":[{"href":"https:\/\/www.glm-laser.com\/glm\/wp-json\/wp\/v2\/pages"}],"about":[{"href":"https:\/\/www.glm-laser.com\/glm\/wp-json\/wp\/v2\/types\/page"}],"author":[{"embeddable":true,"href":"https:\/\/www.glm-laser.com\/glm\/wp-json\/wp\/v2\/users\/1"}],"replies":[{"embeddable":true,"href":"https:\/\/www.glm-laser.com\/glm\/wp-json\/wp\/v2\/comments?post=2377"}],"version-history":[{"count":8,"href":"https:\/\/www.glm-laser.com\/glm\/wp-json\/wp\/v2\/pages\/2377\/revisions"}],"predecessor-version":[{"id":8685,"href":"https:\/\/www.glm-laser.com\/glm\/wp-json\/wp\/v2\/pages\/2377\/revisions\/8685"}],"up":[{"embeddable":true,"href":"https:\/\/www.glm-laser.com\/glm\/wp-json\/wp\/v2\/pages\/903"}],"wp:attachment":[{"href":"https:\/\/www.glm-laser.com\/glm\/wp-json\/wp\/v2\/media?parent=2377"}],"curies":[{"name":"wp","href":"https:\/\/api.w.org\/{rel}","templated":true}]}}