{"id":2452,"date":"2016-05-25T13:57:36","date_gmt":"2016-05-25T11:57:36","guid":{"rendered":"http:\/\/www.glm-laser.com\/?page_id=2452"},"modified":"2020-10-26T14:46:39","modified_gmt":"2020-10-26T13:46:39","slug":"sokkia-dt600","status":"publish","type":"page","link":"https:\/\/www.glm-laser.com\/glm\/optische-vermessungsinstrumente-3\/uebersicht\/theodolite\/sokkia-dtx00\/sokkia-dt600\/","title":{"rendered":"Sokkia DT600"},"content":{"rendered":"<h1>Der Digitaltheodolit DT600 aus dem Hause Sokkia<\/h1>\n<div class=\"section\">\n<p align=\"justify\"><img loading=\"lazy\" decoding=\"async\" class=\"alignright size-full wp-image-2474\" src=\"https:\/\/www.glm-laser.com\/glm\/wp-content\/uploads\/DT600.jpg\" alt=\"DT600\" width=\"199\" height=\"321\" srcset=\"https:\/\/www.glm-laser.com\/glm\/wp-content\/uploads\/DT600.jpg 199w, https:\/\/www.glm-laser.com\/glm\/wp-content\/uploads\/DT600-186x300.jpg 186w\" sizes=\"(max-width: 199px) 100vw, 199px\" \/>Der Digitaltheodolit DT600 aus dem Hause Sokkia wird nicht mehr produziert.\u00a0 Das passende Nachfolgemodell ist der Digitaltheodolit DT740. GLM Laserme\u00dftechnik bietet ihnen einen rundum Service (Inspektion, Reparatur, Verkauf und Beratung) f\u00fcr den DT600 an.<\/p>\n<p align=\"justify\"><strong>Auszug aus den technischen Daten des DT600:<\/strong><\/p>\n<div align=\"justify\">\n<ul>\n<li>Vergr\u00f6\u00dferung\/ Aufl\u00f6sung: 26x \/ 3,5&#8243;<\/li>\n<li>Winkelmessgenauigkeit: 7&#8243;<\/li>\n<li>Staub- und Wasserschutz: IP66<\/li>\n<li>graphisches Display auf einer Seiten<\/li>\n<\/ul>\n<\/div>\n<p align=\"justify\"><strong>Zubeh\u00f6r:<\/strong><\/p>\n<div align=\"justify\">\n<ul>\n<li>Batterie R14 \/ C x 2<\/li>\n<li>Zenit- bzw. Steilsichtokular DE25<\/li>\n<li>Schnittstellenkabel DOC27<\/li>\n<li>Fernrohrokular EL6; Vergr\u00f6\u00dferung auf 30X<\/li>\n<li>Kreuzschlitten bzw. Kreuztisch<\/li>\n<\/ul>\n<div align=\"justify\">\n<p>W\u00fcnschen Sie weitere Informationen oder m\u00f6chten Sie einen Termin zur Inspektion vereinbaren? <a href=\"mailto:werkstatt@glm-laser.de\">Dann schreiben Sie uns einfach eine E-Mail.<\/a><\/p>\n<\/div>\n<div class=\"section\">\n<p align=\"justify\"><img loading=\"lazy\" decoding=\"async\" class=\"alignleft size-full wp-image-958\" src=\"https:\/\/www.glm-laser.com\/glm\/wp-content\/uploads\/pdf-icon.png\" alt=\"Download PDF\" width=\"38\" height=\"42\" \/><\/p>\n<p align=\"justify\"><a href=\"https:\/\/www.glm-laser.com\/glm\/wp-content\/uploads\/bedienungsanleitung_dt500_dt600.pdf\">Bedienungsanleitung DT500 DT600 (2 MB)<\/a><br \/>\n<a href=\"https:\/\/www.glm-laser.com\/glm\/wp-content\/uploads\/sokkia_dtx00.pdf\">Prospekt Sokkia DTx00 (2 MB)<\/a><\/p>\n<p align=\"justify\">\n<p align=\"justify\">\n<\/div>\n<p align=\"justify\">&#8211; \u00dcbersicht Theodolite Sokkia &#8211; <\/p>\n<\/div>\n<\/div>\n","protected":false},"excerpt":{"rendered":"<p>Der Digitaltheodolit DT600 aus dem Hause Sokkia Der Digitaltheodolit DT600 aus dem Hause Sokkia wird nicht mehr produziert.\u00a0 Das passende Nachfolgemodell ist der Digitaltheodolit DT740. GLM Laserme\u00dftechnik bietet ihnen einen rundum Service (Inspektion, Reparatur, Verkauf und Beratung) f\u00fcr den DT600 an. Auszug aus den technischen Daten des DT600: Vergr\u00f6\u00dferung\/ Aufl\u00f6sung: 26x \/ 3,5&#8243; Winkelmessgenauigkeit: 7&#8243; [&hellip;]<\/p>\n","protected":false},"author":1,"featured_media":0,"parent":901,"menu_order":5,"comment_status":"closed","ping_status":"closed","template":"page_submenu.php","meta":{"footnotes":""},"class_list":["post-2452","page","type-page","status-publish","hentry"],"_links":{"self":[{"href":"https:\/\/www.glm-laser.com\/glm\/wp-json\/wp\/v2\/pages\/2452"}],"collection":[{"href":"https:\/\/www.glm-laser.com\/glm\/wp-json\/wp\/v2\/pages"}],"about":[{"href":"https:\/\/www.glm-laser.com\/glm\/wp-json\/wp\/v2\/types\/page"}],"author":[{"embeddable":true,"href":"https:\/\/www.glm-laser.com\/glm\/wp-json\/wp\/v2\/users\/1"}],"replies":[{"embeddable":true,"href":"https:\/\/www.glm-laser.com\/glm\/wp-json\/wp\/v2\/comments?post=2452"}],"version-history":[{"count":9,"href":"https:\/\/www.glm-laser.com\/glm\/wp-json\/wp\/v2\/pages\/2452\/revisions"}],"predecessor-version":[{"id":8722,"href":"https:\/\/www.glm-laser.com\/glm\/wp-json\/wp\/v2\/pages\/2452\/revisions\/8722"}],"up":[{"embeddable":true,"href":"https:\/\/www.glm-laser.com\/glm\/wp-json\/wp\/v2\/pages\/901"}],"wp:attachment":[{"href":"https:\/\/www.glm-laser.com\/glm\/wp-json\/wp\/v2\/media?parent=2452"}],"curies":[{"name":"wp","href":"https:\/\/api.w.org\/{rel}","templated":true}]}}