{"id":2488,"date":"2016-05-25T14:36:02","date_gmt":"2016-05-25T12:36:02","guid":{"rendered":"http:\/\/www.glm-laser.com\/?page_id=2488"},"modified":"2020-10-26T14:46:39","modified_gmt":"2020-10-26T13:46:39","slug":"sokkia-dt610","status":"publish","type":"page","link":"https:\/\/www.glm-laser.com\/glm\/optische-vermessungsinstrumente-3\/uebersicht\/theodolite\/sokkia-dtx10\/sokkia-dt610\/","title":{"rendered":"Sokkia DT610"},"content":{"rendered":"<h1>Der Digitaltheodolit DT610 aus dem Hause Sokkia<\/h1>\n<div class=\"section\">\n<p align=\"justify\"><img loading=\"lazy\" decoding=\"async\" class=\"alignright size-full wp-image-2568\" src=\"https:\/\/www.glm-laser.com\/glm\/wp-content\/uploads\/610.jpg\" alt=\"610\" width=\"199\" height=\"286\" \/>Der Digitaltheodolit DT610 aus dem Hause Sokkia wird nicht mehr produziert. Das passende Nachfolgemodell ist der Digitaltheodolit DT740. GLM Laserme\u00dftechnik bietet ihnen einen rundum Service (Inspektion, Reparatur, Verkauf und Beratung) f\u00fcr den DT610 an.<\/p>\n<p align=\"justify\"><strong>Auszug aus den technischen Daten des DT610:<\/strong><\/p>\n<div align=\"justify\">\n<ul>\n<li>Vergr\u00f6\u00dferung\/ Aufl\u00f6sung: 26x \/ 3,5&#8243;<\/li>\n<li>Winkelmessgenauigkeit: 7&#8243; \/ 2,2mg<\/li>\n<li>Staub- und Wasserschutz: IP66<\/li>\n<\/ul>\n<\/div>\n<p align=\"justify\"><strong>Zubeh\u00f6r:<\/strong><\/p>\n<div align=\"justify\">\n<ul>\n<li>Batterie LR14\/C<\/li>\n<li>Steilsichtokular DE25<\/li>\n<li>Okular f\u00fcr automatische Zielachskorretur ACE1<\/li>\n<li>Fernrohrokular EL6<\/li>\n<li>Schnittstellenkabel DOC27<\/li>\n<li>Kreuzschlitten bzw. Kreuztisch<\/li>\n<\/ul>\n<p>W\u00fcnschen Sie weitere Informationen oder m\u00f6chten Sie einen Termin zur Inspektion vereinbaren? <a href=\"mailto:werkstatt@glm-laser.de\">Dann schreiben Sie uns einfach eine E-Mail.<\/a><\/p>\n<div class=\"section\">\n<p align=\"justify\"><img loading=\"lazy\" decoding=\"async\" class=\"alignleft size-full wp-image-958\" src=\"https:\/\/www.glm-laser.com\/glm\/wp-content\/uploads\/pdf-icon.png\" alt=\"Download PDF\" width=\"38\" height=\"42\" \/><\/p>\n<div class=\"section\">\n<div class=\"section\">\n<p align=\"justify\"><a href=\"https:\/\/www.glm-laser.com\/glm\/wp-content\/uploads\/bedinungsanleitung_dtx101.pdf\" target=\"_blank\" rel=\"noopener noreferrer\"><br \/>\nBedienungsanleitung DTx10 (3 MB)<\/a><\/p>\n<p align=\"justify\">\n<p align=\"justify\">\n<\/div>\n<\/div>\n<p align=\"justify\">&#8211; \u00dcbersicht Theodolite Sokkia &#8211; <\/p>\n<p align=\"justify\">Hauptartikel \u2013 DT210 \u2013 DT510 \u2013 DT510A \u2013 DT610<\/p>\n<\/div>\n<\/div>\n<\/div>\n","protected":false},"excerpt":{"rendered":"<p>Der Digitaltheodolit DT610 aus dem Hause Sokkia Der Digitaltheodolit DT610 aus dem Hause Sokkia wird nicht mehr produziert. Das passende Nachfolgemodell ist der Digitaltheodolit DT740. GLM Laserme\u00dftechnik bietet ihnen einen rundum Service (Inspektion, Reparatur, Verkauf und Beratung) f\u00fcr den DT610 an. Auszug aus den technischen Daten des DT610: Vergr\u00f6\u00dferung\/ Aufl\u00f6sung: 26x \/ 3,5&#8243; Winkelmessgenauigkeit: 7&#8243; [&hellip;]<\/p>\n","protected":false},"author":1,"featured_media":0,"parent":899,"menu_order":4,"comment_status":"closed","ping_status":"closed","template":"page_submenu.php","meta":{"footnotes":""},"class_list":["post-2488","page","type-page","status-publish","hentry"],"_links":{"self":[{"href":"https:\/\/www.glm-laser.com\/glm\/wp-json\/wp\/v2\/pages\/2488"}],"collection":[{"href":"https:\/\/www.glm-laser.com\/glm\/wp-json\/wp\/v2\/pages"}],"about":[{"href":"https:\/\/www.glm-laser.com\/glm\/wp-json\/wp\/v2\/types\/page"}],"author":[{"embeddable":true,"href":"https:\/\/www.glm-laser.com\/glm\/wp-json\/wp\/v2\/users\/1"}],"replies":[{"embeddable":true,"href":"https:\/\/www.glm-laser.com\/glm\/wp-json\/wp\/v2\/comments?post=2488"}],"version-history":[{"count":18,"href":"https:\/\/www.glm-laser.com\/glm\/wp-json\/wp\/v2\/pages\/2488\/revisions"}],"predecessor-version":[{"id":8727,"href":"https:\/\/www.glm-laser.com\/glm\/wp-json\/wp\/v2\/pages\/2488\/revisions\/8727"}],"up":[{"embeddable":true,"href":"https:\/\/www.glm-laser.com\/glm\/wp-json\/wp\/v2\/pages\/899"}],"wp:attachment":[{"href":"https:\/\/www.glm-laser.com\/glm\/wp-json\/wp\/v2\/media?parent=2488"}],"curies":[{"name":"wp","href":"https:\/\/api.w.org\/{rel}","templated":true}]}}