{"id":2495,"date":"2016-05-25T15:13:16","date_gmt":"2016-05-25T13:13:16","guid":{"rendered":"http:\/\/www.glm-laser.com\/?page_id=2495"},"modified":"2021-11-08T15:40:35","modified_gmt":"2021-11-08T14:40:35","slug":"sokkia-dt210-hauptartikel","status":"publish","type":"page","link":"https:\/\/www.glm-laser.com\/glm\/optische-vermessungsinstrumente-3\/uebersicht\/theodolite\/sokkia-dtx10\/sokkia-dt210-hauptartikel\/","title":{"rendered":"Sokkia DTx10-Hauptartikel"},"content":{"rendered":"<h1>Die Digitaltheodolit der Serie DTx10 aus dem Hause Sokkia<\/h1>\n<p class=\"section\"><img loading=\"lazy\" decoding=\"async\" class=\"alignright size-full wp-image-2498\" src=\"https:\/\/www.glm-laser.com\/glm\/wp-content\/uploads\/DT210.jpg\" alt=\"DT210\" width=\"199\" height=\"286\" \/>Die elektronischen Digitaltheodolite von Sokkia zeichnen sich durch ihre Zuverl\u00e4ssigkeit und die lange Betriebsdauer aus. Die Bedienung ist einfach und komfortabel. Die vielf\u00e4ltigen Anzeigem\u00f6glichkeiten lassen sich bequem \u00fcber die vier Tasten steuern. Sobald das Ger\u00e4t eingeschaltet wird, kann mit der Arbeit begonnen werden.<\/p>\n<p align=\"justify\"><strong>Charakteristische Merkmale<\/strong><\/p>\n<ul type=\"disc\">\n<li>Zweiachskompensator<\/li>\n<li>Display in beiden Fernrohrlagen<\/li>\n<\/ul>\n<p align=\"justify\"><strong>Weitere Merkmale<\/strong><\/p>\n<ul type=\"disc\">\n<li>Staub- und Wasserschutz gem\u00e4\u00df IP66<\/li>\n<li>Absolutteilkreis<\/li>\n<li>Bedienung \u00fcber 4 Funktionstasten<\/li>\n<li>Dreifu\u00df abnehmbar<\/li>\n<li>Serielle Schnittstelle<\/li>\n<li>Batteriefach f\u00fcr 2 AA-Zellen (75 Stunden)<\/li>\n<li>Akustisches Rechtwinkelsignal<\/li>\n<li>Vergr\u00f6\u00dferung 30x<\/li>\n<\/ul>\n<p align=\"justify\"><strong>Lieferumfang<\/strong><\/p>\n<ul type=\"disc\">\n<li>2 Batterien (R14\/C)<\/li>\n<li>Koffer, Tragegurt<\/li>\n<li>Objektivkappe, Schnurlot, Sonnenblende, Werkzeugsatz<\/li>\n<\/ul>\n<p align=\"justify\"><strong>Die Digitaltheodolite DT510A und DT610 sind derzeit die vielseitigsten Einstiegermodelle auf dem Markt.<\/strong><\/p>\n<p align=\"justify\">Mit einem Wasserschutz nach IP66 arbeitet die DT Serie auch dort noch zuverl\u00e4ssig, wo konventionelle Theodolite aufgeben m\u00fcssen &#8211; z.B. bei pl\u00f6tzlich einsetzenden Schauern, in anhaltendem Nieselregen oder in Umgebungen mit sehr hoher Luftfeuchtigkeit.<\/p>\n<p align=\"justify\"><strong>Charakteristische Merkmale<\/strong><\/p>\n<ul type=\"disc\">\n<li>Nivellierung \u00fcber Libellen<\/li>\n<li>Display in Fernrohrlage 1<\/li>\n<\/ul>\n<p align=\"justify\"><strong>Lieferumfang<\/strong><\/p>\n<ul type=\"disc\">\n<li>2 Batterien (R14\/C)<\/li>\n<li>Koffer, Tragegurt<\/li>\n<li>Objektivkappe<\/li>\n<li>Schnurlot<\/li>\n<li>Sonnenblende<\/li>\n<li>Werkzeugsatz<\/li>\n<\/ul>\n<p align=\"justify\"><img loading=\"lazy\" decoding=\"async\" class=\"alignleft size-full wp-image-958\" src=\"https:\/\/www.glm-laser.com\/glm\/wp-content\/uploads\/pdf-icon.png\" alt=\"Download PDF\" width=\"38\" height=\"42\" \/><\/p>\n<p align=\"justify\">\n<a href=\"https:\/\/www.glm-laser.com\/glm\/wp-content\/uploads\/bedinungsanleitung_dtx10.pdf\">Bedienungsanleitung DTx10 (3 MB)<\/a><\/p>\n<p align=\"justify\">\n<p align=\"justify\">\n<div class=\"section\"><\/div>\n<div class=\"section\"><\/div>\n<div class=\"section\"><\/div>\n<div class=\"section\"><\/div>\n<div class=\"section\"><\/div>\n<div class=\"section\">\n<p style=\"text-align: left;\" align=\"justify\">&#8211; \u00dcbersicht Theodolite Sokkia &#8211; <\/p>\n<p style=\"text-align: left;\" align=\"justify\">Hauptartikel \u2013 DT210 \u2013 DT510 \u2013 DT510A \u2013 DT610<\/p>\n<\/div>\n<p>&nbsp;<\/p>\n","protected":false},"excerpt":{"rendered":"<p>Die Digitaltheodolit der Serie DTx10 aus dem Hause Sokkia Die elektronischen Digitaltheodolite von Sokkia zeichnen sich durch ihre Zuverl\u00e4ssigkeit und die lange Betriebsdauer aus. Die Bedienung ist einfach und komfortabel. Die vielf\u00e4ltigen Anzeigem\u00f6glichkeiten lassen sich bequem \u00fcber die vier Tasten steuern. Sobald das Ger\u00e4t eingeschaltet wird, kann mit der Arbeit begonnen werden. Charakteristische Merkmale Zweiachskompensator [&hellip;]<\/p>\n","protected":false},"author":1,"featured_media":0,"parent":899,"menu_order":0,"comment_status":"closed","ping_status":"closed","template":"page_submenu.php","meta":{"footnotes":""},"class_list":["post-2495","page","type-page","status-publish","hentry"],"_links":{"self":[{"href":"https:\/\/www.glm-laser.com\/glm\/wp-json\/wp\/v2\/pages\/2495"}],"collection":[{"href":"https:\/\/www.glm-laser.com\/glm\/wp-json\/wp\/v2\/pages"}],"about":[{"href":"https:\/\/www.glm-laser.com\/glm\/wp-json\/wp\/v2\/types\/page"}],"author":[{"embeddable":true,"href":"https:\/\/www.glm-laser.com\/glm\/wp-json\/wp\/v2\/users\/1"}],"replies":[{"embeddable":true,"href":"https:\/\/www.glm-laser.com\/glm\/wp-json\/wp\/v2\/comments?post=2495"}],"version-history":[{"count":31,"href":"https:\/\/www.glm-laser.com\/glm\/wp-json\/wp\/v2\/pages\/2495\/revisions"}],"predecessor-version":[{"id":10016,"href":"https:\/\/www.glm-laser.com\/glm\/wp-json\/wp\/v2\/pages\/2495\/revisions\/10016"}],"up":[{"embeddable":true,"href":"https:\/\/www.glm-laser.com\/glm\/wp-json\/wp\/v2\/pages\/899"}],"wp:attachment":[{"href":"https:\/\/www.glm-laser.com\/glm\/wp-json\/wp\/v2\/media?parent=2495"}],"curies":[{"name":"wp","href":"https:\/\/api.w.org\/{rel}","templated":true}]}}