{"id":2561,"date":"2016-05-25T16:22:33","date_gmt":"2016-05-25T14:22:33","guid":{"rendered":"http:\/\/www.glm-laser.com\/?page_id=2561"},"modified":"2020-10-26T14:41:21","modified_gmt":"2020-10-26T13:41:21","slug":"sokkia-ldt50","status":"publish","type":"page","link":"https:\/\/www.glm-laser.com\/glm\/optische-vermessungsinstrumente-3\/uebersicht\/theodolite\/sokkia-ldt50\/","title":{"rendered":"Sokkia LDT50"},"content":{"rendered":"<h1>Der Lasertheodolit LDT50 aus dem Hause Sokkia<\/h1>\n<div class=\"section\">\n<p align=\"justify\"><img loading=\"lazy\" decoding=\"async\" class=\"alignright size-full wp-image-2570\" src=\"https:\/\/www.glm-laser.com\/glm\/wp-content\/uploads\/LDT50.jpg\" alt=\"LDT50\" width=\"200\" height=\"322\" srcset=\"https:\/\/www.glm-laser.com\/glm\/wp-content\/uploads\/LDT50.jpg 200w, https:\/\/www.glm-laser.com\/glm\/wp-content\/uploads\/LDT50-186x300.jpg 186w\" sizes=\"(max-width: 200px) 100vw, 200px\" \/>Der Lasertheodolit LDT50 aus dem Hause Sokkia wird nicht mehr produziert. Das passende Nachfolgemodell ist die Laserstation NET1AX. GLM Laserme\u00dftechnik bietet ihnen einen rundum Service (Inspektion, Reparatur, Verkauf und Beratung) f\u00fcr den LDT50 an.<\/p>\n<p align=\"justify\"><strong>Auszug aus den technischen Daten des LDT50:<\/strong><\/p>\n<ul>\n<li>Vergr\u00f6\u00dferung\/ Aufl\u00f6sung: 30x \/ 3&#8243;<\/li>\n<li>Winkelmessgenauigkeit: 5&#8243; \/ 1,5mg\/ 0.02mil<\/li>\n<li>Arbeitstemparatur: -20\u00b0C bis 50\u00b0C<\/li>\n<\/ul>\n<p align=\"justify\"><strong>Zubeh\u00f6r:<\/strong><\/p>\n<ul>\n<li>Batterie BDC25A<\/li>\n<li>Steilsichtokular DE24, DE17A<\/li>\n<li>Schnittstellenkabel DOC27<\/li>\n<li>Kreuzschlitten bzw. Kreuztisch<\/li>\n<\/ul>\n<p align=\"justify\">W\u00fcnschen Sie weitere Informationen oder m\u00f6chten Sie einen Termin zur\u00a0Inspektion\u00a0vereinbaren? <a href=\"mailto:werkstatt@glm-laser.de\">Dann schreiben Sie uns einfach eine E-Mail. <\/a><\/p>\n<p align=\"justify\">\n<\/div>\n<div class=\"rex-cnt-slc-otp\">\n<p><img loading=\"lazy\" decoding=\"async\" class=\"alignleft size-full wp-image-958\" src=\"https:\/\/www.glm-laser.com\/glm\/wp-content\/uploads\/pdf-icon.png\" alt=\"Download PDF\" width=\"38\" height=\"42\" \/><\/p>\n<\/div>\n<p class=\"rex-cnt-slc-otp\"><a href=\"https:\/\/www.glm-laser.com\/glm\/wp-content\/uploads\/dt220_en.pdf\" target=\"_blank\" rel=\"noopener noreferrer\"><br \/>\n<\/a><a href=\"https:\/\/www.glm-laser.com\/glm\/wp-content\/uploads\/sokkia_ldt50_en.pdf\" target=\"_blank\" rel=\"noopener noreferrer\">Sokkia Prospekt LDT50 (5 MB)<\/p>\n<p><\/a><\/p>\n<p class=\"rex-cnt-slc-otp\">\n<p class=\"rex-cnt-slc-otp\">\u00dcbersicht Sokkia Theodolit &#8211; Lasertheodolit LDT520<\/p>\n","protected":false},"excerpt":{"rendered":"<p>Der Lasertheodolit LDT50 aus dem Hause Sokkia Der Lasertheodolit LDT50 aus dem Hause Sokkia wird nicht mehr produziert. Das passende Nachfolgemodell ist die Laserstation NET1AX. GLM Laserme\u00dftechnik bietet ihnen einen rundum Service (Inspektion, Reparatur, Verkauf und Beratung) f\u00fcr den LDT50 an. Auszug aus den technischen Daten des LDT50: Vergr\u00f6\u00dferung\/ Aufl\u00f6sung: 30x \/ 3&#8243; Winkelmessgenauigkeit: 5&#8243; [&hellip;]<\/p>\n","protected":false},"author":1,"featured_media":0,"parent":819,"menu_order":0,"comment_status":"closed","ping_status":"closed","template":"page_submenu.php","meta":{"footnotes":""},"class_list":["post-2561","page","type-page","status-publish","hentry"],"_links":{"self":[{"href":"https:\/\/www.glm-laser.com\/glm\/wp-json\/wp\/v2\/pages\/2561"}],"collection":[{"href":"https:\/\/www.glm-laser.com\/glm\/wp-json\/wp\/v2\/pages"}],"about":[{"href":"https:\/\/www.glm-laser.com\/glm\/wp-json\/wp\/v2\/types\/page"}],"author":[{"embeddable":true,"href":"https:\/\/www.glm-laser.com\/glm\/wp-json\/wp\/v2\/users\/1"}],"replies":[{"embeddable":true,"href":"https:\/\/www.glm-laser.com\/glm\/wp-json\/wp\/v2\/comments?post=2561"}],"version-history":[{"count":10,"href":"https:\/\/www.glm-laser.com\/glm\/wp-json\/wp\/v2\/pages\/2561\/revisions"}],"predecessor-version":[{"id":8701,"href":"https:\/\/www.glm-laser.com\/glm\/wp-json\/wp\/v2\/pages\/2561\/revisions\/8701"}],"up":[{"embeddable":true,"href":"https:\/\/www.glm-laser.com\/glm\/wp-json\/wp\/v2\/pages\/819"}],"wp:attachment":[{"href":"https:\/\/www.glm-laser.com\/glm\/wp-json\/wp\/v2\/media?parent=2561"}],"curies":[{"name":"wp","href":"https:\/\/api.w.org\/{rel}","templated":true}]}}