{"id":2600,"date":"2016-05-27T08:31:52","date_gmt":"2016-05-27T06:31:52","guid":{"rendered":"http:\/\/www.glm-laser.com\/?page_id=2600"},"modified":"2020-10-26T14:41:16","modified_gmt":"2020-10-26T13:41:16","slug":"sokkia-set3e","status":"publish","type":"page","link":"https:\/\/www.glm-laser.com\/glm\/optische-vermessungsinstrumente-3\/uebersicht\/historische-totalstationen\/sokkia-serie-set3\/sokkia-set3e\/","title":{"rendered":"Sokkia SET3E"},"content":{"rendered":"<h1>Die Totalstation SET3E aus dem Hause Sokkia<\/h1>\n<div class=\"section\">\n<p align=\"justify\"><img loading=\"lazy\" decoding=\"async\" class=\"alignright size-full wp-image-2592\" src=\"https:\/\/www.glm-laser.com\/glm\/wp-content\/uploads\/sokkisha_set3.jpeg\" alt=\"sokkisha_set3\" width=\"199\" height=\"371\" srcset=\"https:\/\/www.glm-laser.com\/glm\/wp-content\/uploads\/sokkisha_set3.jpeg 199w, https:\/\/www.glm-laser.com\/glm\/wp-content\/uploads\/sokkisha_set3-161x300.jpeg 161w\" sizes=\"(max-width: 199px) 100vw, 199px\" \/>Die Totalstation SET3E aus dem Hause Sokkia wird seit 1990 nicht mehr produziert. Das passende Nachfolgemodell ist die Totalstation CX-103. GLM Laserme\u00dftechnik bietet ihnen einen\u00a0<a href=\"https:\/\/www.glm-laser.com\/glm\/leistungen\/ganzheitliche-loesungen\/\">Rundum-Service<\/a> (Inspektion, Reparatur, Verkauf und\u00a0Schulung) f\u00fcr das SET3E an.<\/p>\n<p><strong>Auszug aus den technischen Daten des SET3E:<\/strong><\/p>\n<ul>\n<li>Vergr\u00f6\u00dferung\/Aufl\u00f6sung: 30x \/ 3&#8243;<\/li>\n<li>Winkelmessgenauigkeit: 3&#8243; \/ 1mg \/ 0.015mil<\/li>\n<li>Streckenmessgenauigkeit:\n<ul>\n<li>Prisma:\u00a0 +\/- (3 + 2ppm * D)mm<\/li>\n<\/ul>\n<\/li>\n<li>Arbeitstemparatur: -20\u00b0C &#8211; +50\u00b0C<\/li>\n<\/ul>\n<p><strong>Zubeh\u00f6r:<\/strong><\/p>\n<ul>\n<li>Ni-MH-Batterie BDC25<\/li>\n<li>CDC27 \/ CDC31 Schnelladeger\u00e4t<\/li>\n<li>Daten\u00fcbertragungskabel DOC27<\/li>\n<\/ul>\n<p>W\u00fcnschen Sie weitere Informationen oder m\u00f6chten Sie einen Termin zur Inspektion vereinbaren? Dann schreiben Sie uns eine <a href=\"mailto:werkstatt@glm-laser.com\">E-Mail<\/a>.<\/p>\n<p align=\"justify\"><img loading=\"lazy\" decoding=\"async\" class=\"size-full wp-image-958 alignleft\" src=\"https:\/\/www.glm-laser.com\/glm\/wp-content\/uploads\/pdf-icon.png\" alt=\"Download PDF\" width=\"38\" height=\"42\" \/><\/p>\n<p><a href=\"https:\/\/www.glm-laser.com\/glm\/wp-content\/uploads\/operator_manual_sokkisha_set3.pdf\" target=\"_blank\" rel=\"noopener noreferrer\"><br \/>\n<\/a><a href=\"https:\/\/www.glm-laser.com\/glm\/wp-content\/uploads\/handbuch_set3e_set4e_set5e_set5es.pdf\" target=\"_blank\" rel=\"noopener noreferrer\">Handbuch SETxE (3 MB)<\/a><\/p>\n<p align=\"justify\">\n<\/div>\n","protected":false},"excerpt":{"rendered":"<p>Die Totalstation SET3E aus dem Hause Sokkia Die Totalstation SET3E aus dem Hause Sokkia wird seit 1990 nicht mehr produziert. Das passende Nachfolgemodell ist die Totalstation CX-103. GLM Laserme\u00dftechnik bietet ihnen einen\u00a0Rundum-Service (Inspektion, Reparatur, Verkauf und\u00a0Schulung) f\u00fcr das SET3E an. Auszug aus den technischen Daten des SET3E: Vergr\u00f6\u00dferung\/Aufl\u00f6sung: 30x \/ 3&#8243; Winkelmessgenauigkeit: 3&#8243; \/ 1mg [&hellip;]<\/p>\n","protected":false},"author":1,"featured_media":0,"parent":885,"menu_order":1,"comment_status":"closed","ping_status":"closed","template":"page_submenu.php","meta":{"footnotes":""},"class_list":["post-2600","page","type-page","status-publish","hentry"],"_links":{"self":[{"href":"https:\/\/www.glm-laser.com\/glm\/wp-json\/wp\/v2\/pages\/2600"}],"collection":[{"href":"https:\/\/www.glm-laser.com\/glm\/wp-json\/wp\/v2\/pages"}],"about":[{"href":"https:\/\/www.glm-laser.com\/glm\/wp-json\/wp\/v2\/types\/page"}],"author":[{"embeddable":true,"href":"https:\/\/www.glm-laser.com\/glm\/wp-json\/wp\/v2\/users\/1"}],"replies":[{"embeddable":true,"href":"https:\/\/www.glm-laser.com\/glm\/wp-json\/wp\/v2\/comments?post=2600"}],"version-history":[{"count":8,"href":"https:\/\/www.glm-laser.com\/glm\/wp-json\/wp\/v2\/pages\/2600\/revisions"}],"predecessor-version":[{"id":8600,"href":"https:\/\/www.glm-laser.com\/glm\/wp-json\/wp\/v2\/pages\/2600\/revisions\/8600"}],"up":[{"embeddable":true,"href":"https:\/\/www.glm-laser.com\/glm\/wp-json\/wp\/v2\/pages\/885"}],"wp:attachment":[{"href":"https:\/\/www.glm-laser.com\/glm\/wp-json\/wp\/v2\/media?parent=2600"}],"curies":[{"name":"wp","href":"https:\/\/api.w.org\/{rel}","templated":true}]}}