{"id":2613,"date":"2016-05-27T09:04:20","date_gmt":"2016-05-27T07:04:20","guid":{"rendered":"http:\/\/www.glm-laser.com\/?page_id=2613"},"modified":"2020-10-26T14:41:16","modified_gmt":"2020-10-26T13:41:16","slug":"sokkia-set3b","status":"publish","type":"page","link":"https:\/\/www.glm-laser.com\/glm\/optische-vermessungsinstrumente-3\/uebersicht\/historische-totalstationen\/sokkia-serie-set3\/sokkia-set3b\/","title":{"rendered":"Sokkia SET3B"},"content":{"rendered":"<h1>Die Totalstation SET3B aus dem Hause Sokkia<\/h1>\n<div class=\"section\">\n<p align=\"justify\"><img loading=\"lazy\" decoding=\"async\" class=\"alignright size-full wp-image-2614\" src=\"https:\/\/www.glm-laser.com\/glm\/wp-content\/uploads\/sokkia_setb.gif\" alt=\"sokkia_setb\" width=\"199\" height=\"354\" \/>Die Totalstation SET3B aus dem Hause Sokkia wird nicht mehr produziert. Das passende Nachfolgemodell ist die Totalstation CX-103. GLM Laserme\u00dftechnik bietet ihnen einen\u00a0<a href=\"https:\/\/www.glm-laser.com\/glm\/leistungen\/ganzheitliche-loesungen\/\">Rundum-Service<\/a> (Inspektion, Reparatur, Verkauf und\u00a0Schulung) f\u00fcr das SET3B an.<\/p>\n<p><strong>Auszug aus den technischen Daten des SET3B:<\/strong><\/p>\n<ul>\n<li>Vergr\u00f6\u00dferung\/Aufl\u00f6sung: 30x \/ 3&#8243;<\/li>\n<li>Winkelmessgenauigkeit: 1&#8243; \/ 1,0 mg<\/li>\n<li>Streckenmessgenauigkeit:\n<ul>\n<li>Prisma:\u00a0 +\/- (3 + 3ppm * D)mm<\/li>\n<\/ul>\n<\/li>\n<li>Arbeitstemparatur: -20\u00b0C &#8211; +50\u00b0C<\/li>\n<\/ul>\n<p><strong>Zubeh\u00f6r:<\/strong><\/p>\n<ul>\n<li>Batterie BDC25<\/li>\n<li>Schnelladeger\u00e4t CDC11 (100 ~ 120V AC), CDC11D (220 ~ 240V AC), CDC11E (220 ~ 240V AC) fitted with a Euro plug (two round pins)<\/li>\n<li>EDC19 Ladeschuh<\/li>\n<li>Daten\u00fcbertragungskabel DOC27<\/li>\n<\/ul>\n<p>W\u00fcnschen Sie weitere Informationen oder m\u00f6chten Sie einen Termin zur Inspektion vereinbaren? Dann schreiben Sie uns eine <a href=\"mailto:werkstatt@glm-laser.com\">E-Mail<\/a>.<\/p>\n<p style=\"text-align: left;\">SET2B &#8211; SET4B<\/p>\n<p align=\"justify\"><img loading=\"lazy\" decoding=\"async\" class=\"size-full wp-image-958 alignleft\" src=\"https:\/\/www.glm-laser.com\/glm\/wp-content\/uploads\/pdf-icon.png\" alt=\"Download PDF\" width=\"38\" height=\"42\" \/><\/p>\n<p><a href=\"https:\/\/www.glm-laser.com\/glm\/wp-content\/uploads\/operator_manual_sokkisha_set3.pdf\" target=\"_blank\" rel=\"noopener noreferrer\"><br \/>\n<\/a><a href=\"https:\/\/www.glm-laser.com\/glm\/wp-content\/uploads\/prospekt_sokkia_setb.pdf\" target=\"_blank\" rel=\"noopener noreferrer\">Prospekt Sokkia SETB (343 kB)<\/a><\/p>\n<p align=\"justify\">\n<\/div>\n<div class=\"section\"><\/div>\n","protected":false},"excerpt":{"rendered":"<p>Die Totalstation SET3B aus dem Hause Sokkia Die Totalstation SET3B aus dem Hause Sokkia wird nicht mehr produziert. Das passende Nachfolgemodell ist die Totalstation CX-103. GLM Laserme\u00dftechnik bietet ihnen einen\u00a0Rundum-Service (Inspektion, Reparatur, Verkauf und\u00a0Schulung) f\u00fcr das SET3B an. Auszug aus den technischen Daten des SET3B: Vergr\u00f6\u00dferung\/Aufl\u00f6sung: 30x \/ 3&#8243; Winkelmessgenauigkeit: 1&#8243; \/ 1,0 mg Streckenmessgenauigkeit: [&hellip;]<\/p>\n","protected":false},"author":1,"featured_media":0,"parent":885,"menu_order":2,"comment_status":"closed","ping_status":"closed","template":"page_submenu.php","meta":{"footnotes":""},"class_list":["post-2613","page","type-page","status-publish","hentry"],"_links":{"self":[{"href":"https:\/\/www.glm-laser.com\/glm\/wp-json\/wp\/v2\/pages\/2613"}],"collection":[{"href":"https:\/\/www.glm-laser.com\/glm\/wp-json\/wp\/v2\/pages"}],"about":[{"href":"https:\/\/www.glm-laser.com\/glm\/wp-json\/wp\/v2\/types\/page"}],"author":[{"embeddable":true,"href":"https:\/\/www.glm-laser.com\/glm\/wp-json\/wp\/v2\/users\/1"}],"replies":[{"embeddable":true,"href":"https:\/\/www.glm-laser.com\/glm\/wp-json\/wp\/v2\/comments?post=2613"}],"version-history":[{"count":9,"href":"https:\/\/www.glm-laser.com\/glm\/wp-json\/wp\/v2\/pages\/2613\/revisions"}],"predecessor-version":[{"id":8602,"href":"https:\/\/www.glm-laser.com\/glm\/wp-json\/wp\/v2\/pages\/2613\/revisions\/8602"}],"up":[{"embeddable":true,"href":"https:\/\/www.glm-laser.com\/glm\/wp-json\/wp\/v2\/pages\/885"}],"wp:attachment":[{"href":"https:\/\/www.glm-laser.com\/glm\/wp-json\/wp\/v2\/media?parent=2613"}],"curies":[{"name":"wp","href":"https:\/\/api.w.org\/{rel}","templated":true}]}}