{"id":2654,"date":"2016-05-27T10:23:17","date_gmt":"2016-05-27T08:23:17","guid":{"rendered":"http:\/\/www.glm-laser.com\/?page_id=2654"},"modified":"2020-10-22T15:14:10","modified_gmt":"2020-10-22T13:14:10","slug":"set2cii","status":"publish","type":"page","link":"https:\/\/www.glm-laser.com\/glm\/optische-vermessungsinstrumente-3\/uebersicht\/historische-totalstationen\/sokkia-serie-set-b-c\/sokkia-set2c\/set2cii\/","title":{"rendered":"Sokkia SET2CII"},"content":{"rendered":"<h1>Die Totalstation SET2CII aus dem Hause Sokkia<\/h1>\n<div class=\"section\">\n<p align=\"justify\"><img loading=\"lazy\" decoding=\"async\" class=\"alignright size-full wp-image-2650\" src=\"https:\/\/www.glm-laser.com\/glm\/wp-content\/uploads\/set2c.jpeg\" alt=\"set2c\" width=\"200\" height=\"349\" srcset=\"https:\/\/www.glm-laser.com\/glm\/wp-content\/uploads\/set2c.jpeg 200w, https:\/\/www.glm-laser.com\/glm\/wp-content\/uploads\/set2c-172x300.jpeg 172w\" sizes=\"(max-width: 200px) 100vw, 200px\" \/>Die Totalstation SET2CII aus dem Hause Sokkia wird seit 1995 nicht mehr produziert. Das passende Nachfolgemodell ist die Totalstation CX-102. GLM Laserme\u00dftechnik bietet ihnen einen\u00a0<a href=\"https:\/\/www.glm-laser.com\/glm\/leistungen\/ganzheitliche-loesungen\/\">Rundum-Service<\/a> (Inspektion, Reparatur, Verkauf und\u00a0Schulung) f\u00fcr die SET2CII an.<\/p>\n<p><strong>Auszug aus den technischen Daten des SET2CII:<\/strong><\/p>\n<ul>\n<li>Vergr\u00f6\u00dferung\/Aufl\u00f6sung: 30x \/ 3&#8243;<\/li>\n<li>Winkelmessgenauigkeit: 2&#8243; \/ 0,6mg<\/li>\n<li>Streckenmessgenauigkeit:\n<ul>\n<li>Prisma:\u00a0 +\/- (3 + 3ppm * D)mm<\/li>\n<\/ul>\n<\/li>\n<li>Arbeitstemparatur: -30\u00b0C &#8211; +60\u00b0C<\/li>\n<\/ul>\n<p><strong>Zubeh\u00f6r:<\/strong><\/p>\n<ul>\n<li>Batterie BDC25<\/li>\n<li>CDC11 \/ CDC11D Schnelladeger\u00e4t<\/li>\n<li>EDC11 Ladeschuh<\/li>\n<li>Schnittstellenkabel DOC27 Lieferbar<\/li>\n<\/ul>\n<p>W\u00fcnschen Sie weitere Informationen oder m\u00f6chten Sie einen Termin zur Inspektion vereinbaren? Dann schreiben Sie uns eine <a href=\"mailto:werkstatt@glm-laser.com\">E-Mail<\/a>.<\/p>\n<p align=\"justify\"><img loading=\"lazy\" decoding=\"async\" class=\"size-full wp-image-958 alignleft\" src=\"https:\/\/www.glm-laser.com\/glm\/wp-content\/uploads\/pdf-icon.png\" alt=\"Download PDF\" width=\"38\" height=\"42\" \/><\/p>\n<p><a href=\"https:\/\/www.glm-laser.com\/glm\/wp-content\/uploads\/operator_manual_sokkisha_set3.pdf\" target=\"_blank\" rel=\"noopener noreferrer\"><br \/>\n<\/a><a href=\"https:\/\/www.glm-laser.com\/glm\/wp-content\/uploads\/operators_manual_set2c.pdf\" target=\"_blank\" rel=\"noopener noreferrer\">Handbuch SET2CII En (6 MB)<\/a><\/p>\n<\/div>\n","protected":false},"excerpt":{"rendered":"<p>Die Totalstation SET2CII aus dem Hause Sokkia Die Totalstation SET2CII aus dem Hause Sokkia wird seit 1995 nicht mehr produziert. Das passende Nachfolgemodell ist die Totalstation CX-102. GLM Laserme\u00dftechnik bietet ihnen einen\u00a0Rundum-Service (Inspektion, Reparatur, Verkauf und\u00a0Schulung) f\u00fcr die SET2CII an. Auszug aus den technischen Daten des SET2CII: Vergr\u00f6\u00dferung\/Aufl\u00f6sung: 30x \/ 3&#8243; Winkelmessgenauigkeit: 2&#8243; \/ 0,6mg [&hellip;]<\/p>\n","protected":false},"author":1,"featured_media":0,"parent":2649,"menu_order":3,"comment_status":"closed","ping_status":"closed","template":"page_submenu.php","meta":{"footnotes":""},"class_list":["post-2654","page","type-page","status-publish","hentry"],"_links":{"self":[{"href":"https:\/\/www.glm-laser.com\/glm\/wp-json\/wp\/v2\/pages\/2654"}],"collection":[{"href":"https:\/\/www.glm-laser.com\/glm\/wp-json\/wp\/v2\/pages"}],"about":[{"href":"https:\/\/www.glm-laser.com\/glm\/wp-json\/wp\/v2\/types\/page"}],"author":[{"embeddable":true,"href":"https:\/\/www.glm-laser.com\/glm\/wp-json\/wp\/v2\/users\/1"}],"replies":[{"embeddable":true,"href":"https:\/\/www.glm-laser.com\/glm\/wp-json\/wp\/v2\/comments?post=2654"}],"version-history":[{"count":4,"href":"https:\/\/www.glm-laser.com\/glm\/wp-json\/wp\/v2\/pages\/2654\/revisions"}],"predecessor-version":[{"id":8075,"href":"https:\/\/www.glm-laser.com\/glm\/wp-json\/wp\/v2\/pages\/2654\/revisions\/8075"}],"up":[{"embeddable":true,"href":"https:\/\/www.glm-laser.com\/glm\/wp-json\/wp\/v2\/pages\/2649"}],"wp:attachment":[{"href":"https:\/\/www.glm-laser.com\/glm\/wp-json\/wp\/v2\/media?parent=2654"}],"curies":[{"name":"wp","href":"https:\/\/api.w.org\/{rel}","templated":true}]}}