{"id":2674,"date":"2016-05-27T10:41:28","date_gmt":"2016-05-27T08:41:28","guid":{"rendered":"http:\/\/www.glm-laser.com\/?page_id=2674"},"modified":"2020-10-26T14:41:16","modified_gmt":"2020-10-26T13:41:16","slug":"sokkia-set4c","status":"publish","type":"page","link":"https:\/\/www.glm-laser.com\/glm\/optische-vermessungsinstrumente-3\/uebersicht\/historische-totalstationen\/sokkia-serie-set4\/sokkia-set4c\/","title":{"rendered":"Sokkia Set4C"},"content":{"rendered":"<h1>Die Totalstation SET4C aus dem Hause Sokkisha<\/h1>\n<div class=\"section\">\n<p align=\"justify\"><img loading=\"lazy\" decoding=\"async\" class=\"alignright size-full wp-image-2681\" src=\"https:\/\/www.glm-laser.com\/glm\/wp-content\/uploads\/sokkisha_set4c_1.jpeg\" alt=\"sokkisha_set4c_1\" width=\"199\" height=\"285\" \/>Die Totalstation SET4C aus dem Hause Sokkisha wird nicht mehr produziert. Das passende Nachfolgemodell ist die Totalstation CX-105. GLM Laserme\u00dftechnik bietet ihnen einen\u00a0<a href=\"https:\/\/www.glm-laser.com\/glm\/leistungen\/ganzheitliche-loesungen\/\">Rundum-Service<\/a> (Inspektion, Reparatur, Verkauf und\u00a0Schulung) f\u00fcr das SET4C an.<\/p>\n<p><strong>Auszug aus den technischen Daten:<\/strong><\/p>\n<ul>\n<li>Vergr\u00f6\u00dferung\/Aufl\u00f6sung: 30x \/ 3&#8243;<\/li>\n<li>Winkelmessgenauigkeit: 5&#8243; \/ 1,5mg<\/li>\n<li>Streckenmessgenauigkeit:\n<ul>\n<li>Prisma:\u00a0 +\/- (5 + 3ppm * D)mm<\/li>\n<\/ul>\n<\/li>\n<li>Arbeitstemparatur: -20\u00b0C bis +50\u00b0C<\/li>\n<\/ul>\n<p><strong>Zubeh\u00f6r:<\/strong><\/p>\n<ul>\n<li>Batterie BDC18<\/li>\n<li>CDC11 \/ CDC11D Schnelladeger\u00e4t<\/li>\n<li>EDC11 Ladeschuh<\/li>\n<li>Daten\u00fcbertragungskabel DOC27<\/li>\n<\/ul>\n<p>W\u00fcnschen Sie weitere Informationen oder m\u00f6chten Sie einen Termin zur Inspektion vereinbaren? Dann schreiben Sie uns eine <a href=\"mailto:werkstatt@glm-laser.com\">E-Mail<\/a>.<\/p>\n<p align=\"justify\"><img loading=\"lazy\" decoding=\"async\" class=\"size-full wp-image-958 alignleft\" src=\"https:\/\/www.glm-laser.com\/glm\/wp-content\/uploads\/pdf-icon.png\" alt=\"Download PDF\" width=\"38\" height=\"42\" \/><\/p>\n<p><a href=\"https:\/\/www.glm-laser.com\/glm\/wp-content\/uploads\/sokkisha_operators_manual_set3c.pdf\" target=\"_blank\" rel=\"noopener noreferrer\"><br \/>\n<\/a><a href=\"https:\/\/www.glm-laser.com\/glm\/wp-content\/uploads\/operators_manual_sokkisha_set4c.pdf\" target=\"_blank\" rel=\"noopener noreferrer\">Operator\u00b4s Manual Sokkisha SET4C (6 MB)<\/a><\/p>\n<\/div>\n","protected":false},"excerpt":{"rendered":"<p>Die Totalstation SET4C aus dem Hause Sokkisha Die Totalstation SET4C aus dem Hause Sokkisha wird nicht mehr produziert. Das passende Nachfolgemodell ist die Totalstation CX-105. GLM Laserme\u00dftechnik bietet ihnen einen\u00a0Rundum-Service (Inspektion, Reparatur, Verkauf und\u00a0Schulung) f\u00fcr das SET4C an. Auszug aus den technischen Daten: Vergr\u00f6\u00dferung\/Aufl\u00f6sung: 30x \/ 3&#8243; Winkelmessgenauigkeit: 5&#8243; \/ 1,5mg Streckenmessgenauigkeit: Prisma:\u00a0 +\/- (5 [&hellip;]<\/p>\n","protected":false},"author":1,"featured_media":0,"parent":881,"menu_order":3,"comment_status":"closed","ping_status":"closed","template":"page_submenu.php","meta":{"footnotes":""},"class_list":["post-2674","page","type-page","status-publish","hentry"],"_links":{"self":[{"href":"https:\/\/www.glm-laser.com\/glm\/wp-json\/wp\/v2\/pages\/2674"}],"collection":[{"href":"https:\/\/www.glm-laser.com\/glm\/wp-json\/wp\/v2\/pages"}],"about":[{"href":"https:\/\/www.glm-laser.com\/glm\/wp-json\/wp\/v2\/types\/page"}],"author":[{"embeddable":true,"href":"https:\/\/www.glm-laser.com\/glm\/wp-json\/wp\/v2\/users\/1"}],"replies":[{"embeddable":true,"href":"https:\/\/www.glm-laser.com\/glm\/wp-json\/wp\/v2\/comments?post=2674"}],"version-history":[{"count":8,"href":"https:\/\/www.glm-laser.com\/glm\/wp-json\/wp\/v2\/pages\/2674\/revisions"}],"predecessor-version":[{"id":8607,"href":"https:\/\/www.glm-laser.com\/glm\/wp-json\/wp\/v2\/pages\/2674\/revisions\/8607"}],"up":[{"embeddable":true,"href":"https:\/\/www.glm-laser.com\/glm\/wp-json\/wp\/v2\/pages\/881"}],"wp:attachment":[{"href":"https:\/\/www.glm-laser.com\/glm\/wp-json\/wp\/v2\/media?parent=2674"}],"curies":[{"name":"wp","href":"https:\/\/api.w.org\/{rel}","templated":true}]}}