{"id":2991,"date":"2016-06-23T12:35:36","date_gmt":"2016-06-23T10:35:36","guid":{"rendered":"http:\/\/www.glm-laser.com\/?page_id=2991"},"modified":"2020-10-22T15:15:12","modified_gmt":"2020-10-22T13:15:12","slug":"sokkia-serie-e-z-ezs21","status":"publish","type":"page","link":"https:\/\/www.glm-laser.com\/glm\/optische-vermessungsinstrumente-3\/uebersicht\/historische-totalstationen\/sokkia-serie-e-z\/sokkia-serie-e-z-ezs21\/","title":{"rendered":"Sokkia Serie E-Z EZS21"},"content":{"rendered":"<h1>Die Totalstation EZS21 aus dem Hause Sokkia<\/h1>\n<div class=\"section\">\n<p align=\"justify\"><img loading=\"lazy\" decoding=\"async\" class=\"alignright size-medium wp-image-2735\" src=\"https:\/\/www.glm-laser.com\/glm\/wp-content\/uploads\/sokkia_e-z-184x300.jpeg\" alt=\"sokkia_e-z\" width=\"184\" height=\"300\" srcset=\"https:\/\/www.glm-laser.com\/glm\/wp-content\/uploads\/sokkia_e-z-184x300.jpeg 184w, https:\/\/www.glm-laser.com\/glm\/wp-content\/uploads\/sokkia_e-z.jpeg 200w\" sizes=\"(max-width: 184px) 100vw, 184px\" \/>Die Totalstation EZS21 aus dem Hause Sokkia wird nicht mehr produziert. Das passende Nachfolgemodell ist die Totalstation CX-107.\u00a0GLM Laserme\u00dftechnik bietet Ihnen einen\u00a0<a href=\"https:\/\/www.glm-laser.com\/glm\/leistungen\/ganzheitliche-loesungen\/\">Rundum-Service<\/a> (Inspektion, Reparatur, Verkauf und\u00a0Schulung) f\u00fcr das EZS21 an.<\/p>\n<p align=\"justify\"><strong>Auszug aus den technischen Daten des EZS21:<\/strong><\/p>\n<div align=\"justify\">\n<ul>\n<li>Vergr\u00f6\u00dferung: 24x<\/li>\n<li>Winkelmessgenauigkeit: 20&#8243; \/ 4mg<\/li>\n<li>Streckenmessgenauigkeit:\n<ul>\n<li>Prisma:\u00a0 +\/- (5 + 10ppm * D)mm<\/li>\n<\/ul>\n<\/li>\n<li>Staub- und Wasserschutz: IPX2<\/li>\n<\/ul>\n<\/div>\n<p align=\"justify\"><strong>Zubeh\u00f6r:<\/strong><\/p>\n<div align=\"justify\">\n<ul>\n<li>Ni-MH-Batterie BDC25A<\/li>\n<li>Ladeger\u00e4t CDC27\/31A\/11\/11D\/11E<\/li>\n<li>Ladeschuh EDC19<\/li>\n<li>Schnittstellenkabel DOC27<\/li>\n<\/ul>\n<p>W\u00fcnschen Sie weitere Informationen oder m\u00f6chten Sie einen Termin zur Inspektion vereinbaren? Dann schreiben Sie uns eine <a href=\"mailto:werkstatt@glm-laser.com\">E-Mail<\/a>.<\/p>\n<p><img loading=\"lazy\" decoding=\"async\" class=\"alignleft size-full wp-image-958\" src=\"https:\/\/www.glm-laser.com\/glm\/wp-content\/uploads\/pdf-icon.png\" alt=\"Download PDF\" width=\"38\" height=\"42\" \/><\/p>\n<p><a href=\"https:\/\/www.glm-laser.com\/glm\/wp-content\/uploads\/sokkia_prosepkt_e-z-1.pdf\" target=\"_blank\" rel=\"noopener noreferrer\"><br \/>\nProspekt Sokkia E-Z (693 kB)<\/a><\/p>\n<\/div>\n<\/div>\n","protected":false},"excerpt":{"rendered":"<p>Die Totalstation EZS21 aus dem Hause Sokkia Die Totalstation EZS21 aus dem Hause Sokkia wird nicht mehr produziert. Das passende Nachfolgemodell ist die Totalstation CX-107.\u00a0GLM Laserme\u00dftechnik bietet Ihnen einen\u00a0Rundum-Service (Inspektion, Reparatur, Verkauf und\u00a0Schulung) f\u00fcr das EZS21 an. Auszug aus den technischen Daten des EZS21: Vergr\u00f6\u00dferung: 24x Winkelmessgenauigkeit: 20&#8243; \/ 4mg Streckenmessgenauigkeit: Prisma:\u00a0 +\/- (5 + [&hellip;]<\/p>\n","protected":false},"author":1,"featured_media":0,"parent":887,"menu_order":1,"comment_status":"closed","ping_status":"closed","template":"page_submenu.php","meta":{"footnotes":""},"class_list":["post-2991","page","type-page","status-publish","hentry"],"_links":{"self":[{"href":"https:\/\/www.glm-laser.com\/glm\/wp-json\/wp\/v2\/pages\/2991"}],"collection":[{"href":"https:\/\/www.glm-laser.com\/glm\/wp-json\/wp\/v2\/pages"}],"about":[{"href":"https:\/\/www.glm-laser.com\/glm\/wp-json\/wp\/v2\/types\/page"}],"author":[{"embeddable":true,"href":"https:\/\/www.glm-laser.com\/glm\/wp-json\/wp\/v2\/users\/1"}],"replies":[{"embeddable":true,"href":"https:\/\/www.glm-laser.com\/glm\/wp-json\/wp\/v2\/comments?post=2991"}],"version-history":[{"count":5,"href":"https:\/\/www.glm-laser.com\/glm\/wp-json\/wp\/v2\/pages\/2991\/revisions"}],"predecessor-version":[{"id":8213,"href":"https:\/\/www.glm-laser.com\/glm\/wp-json\/wp\/v2\/pages\/2991\/revisions\/8213"}],"up":[{"embeddable":true,"href":"https:\/\/www.glm-laser.com\/glm\/wp-json\/wp\/v2\/pages\/887"}],"wp:attachment":[{"href":"https:\/\/www.glm-laser.com\/glm\/wp-json\/wp\/v2\/media?parent=2991"}],"curies":[{"name":"wp","href":"https:\/\/api.w.org\/{rel}","templated":true}]}}