{"id":3223,"date":"2016-06-24T13:59:46","date_gmt":"2016-06-24T11:59:46","guid":{"rendered":"http:\/\/www.glm-laser.com\/?page_id=3223"},"modified":"2020-10-22T15:09:31","modified_gmt":"2020-10-22T13:09:31","slug":"srx-x","status":"publish","type":"page","link":"https:\/\/www.glm-laser.com\/glm\/optische-vermessungsinstrumente-3\/uebersicht\/historische-totalstationen\/sokkia-serie-srx-t-srx-x\/srx-x\/","title":{"rendered":"SRX-X"},"content":{"rendered":"<h1>Die motorisierten Totalstationen SRX-XT aus dem Hause Sokkia<\/h1>\n<div class=\"section\">\n<p><img loading=\"lazy\" decoding=\"async\" class=\"alignright size-full wp-image-3224\" src=\"https:\/\/www.glm-laser.com\/glm\/wp-content\/uploads\/SRX-X.jpg\" alt=\"SRX-X\" width=\"200\" height=\"284\" \/><\/p>\n<p align=\"justify\">Die motorisieret Totalstation SET-XT aus dem Hause Sokkia wird seit 2012 nicht mehr produziert. Die passenden Nachfolgemodelle sind die motorisierten Totalstationen der Serie SX-10xT.\u00a0GLM Laserme\u00dftechnik bietet Ihnen einen\u00a0<a href=\"https:\/\/www.glm-laser.com\/glm\/leistungen\/ganzheitliche-loesungen\/\">Rundum-Service<\/a> (Inspektion, Reparatur, Verkauf und Beratung) f\u00fcr die Serie SRX-XT an.<\/p>\n<p align=\"justify\"><strong>Modulares System f\u00fcr individuelle Bed\u00fcrfnisse<\/strong><\/p>\n<p align=\"justify\">SRX ist motorisiert mit automatischer Anzielung (Auto-Pointing), mit automatischer Verfolgung (Auto Tracking) oder als Robotic Totalstation konfigurierbar. Die SRX l\u00e4sst sich aufr\u00fcsten &#8211; damit haben Sie die Freiheit, sich genau die L\u00f6sung auszuw\u00e4hlen, die Ihren speziellen Anspr\u00fcchen entspricht.<\/p>\n<p align=\"justify\"><strong>Charakteristische Merkmale<\/strong><\/p>\n<div align=\"justify\">\n<ul type=\"disc\">\n<li>Motorisierte Totalstation<\/li>\n<li>Auto-Pointing (automatische Zielerfassung) auf Prisma und Folie<\/li>\n<li>Auto-Tracking (Zielverfolgung) (nur Ausf\u00fchrung SRX_T)<\/li>\n<li>Robotic (optional mit RC-PR3 Kit)<\/li>\n<li>REDTechEx Reflektorlose Messung 0,3 bis 500m<\/li>\n<\/ul>\n<\/div>\n<p align=\"justify\"><strong>Weitere Merkmale<\/strong><\/p>\n<div align=\"justify\">\n<ul type=\"disc\">\n<li>Messung reflektorlos, auf Prisma oder Folie umschaltbar<\/li>\n<li>Laserpointer<\/li>\n<li>Absteckhilfe Guide Light<\/li>\n<li>Zweiachskompensator, Zielachskorrektur<\/li>\n<li>Windows CE Betriebssystem<\/li>\n<li>Software SDR L5 integriert<\/li>\n<li>Tastatur und Display beleuchtbar<\/li>\n<li>Staub- und Wasserschutz gem\u00e4\u00df IP64<\/li>\n<li>USB-\/ Serielle Schnittstelle, Laufwerk f\u00fcr Compact-Flash-Card, SDCard<\/li>\n<li>Bluetooth Datenkommunikation<\/li>\n<li>Anschluss f\u00fcr externe Stromversorgung<\/li>\n<\/ul>\n<\/div>\n<p align=\"justify\"><strong>Lieferumfang<\/strong><\/p>\n<div align=\"justify\">\n<ul type=\"disc\">\n<li>2 St\u00fcck LiIon Akkus<\/li>\n<li>Doppelladeger\u00e4t<\/li>\n<li>Dreifu\u00df (WA100), abnehmbar<\/li>\n<li>Werkzeug, Schutzhaube, Tuch, Objektivdeckel, Lot<\/li>\n<li>Koffer mit Tragegurt<\/li>\n<\/ul>\n<p>W\u00fcnschen Sie weitere Informationen oder m\u00f6chten Sie einen Termin zur Inspektion vereinbaren? Dann schreiben Sie uns eine <a href=\"mailto:werkstatt@glm-laser.com\">E-Mail<\/a>.<\/p>\n<\/div>\n<p style=\"text-align: left;\" align=\"center\"><img loading=\"lazy\" decoding=\"async\" class=\"size-full wp-image-958 alignleft\" src=\"https:\/\/www.glm-laser.com\/glm\/wp-content\/uploads\/pdf-icon.png\" alt=\"Download PDF\" width=\"38\" height=\"42\" \/><\/p>\n<p><a href=\"https:\/\/www.glm-laser.com\/glm\/wp-content\/uploads\/ein-mann-totalstatin_srx_sokkia.pdf\" target=\"_blank\" rel=\"noopener noreferrer\">SRX Ein-Mann-Station (950 kB)<\/a><br \/>\n<a href=\"https:\/\/www.glm-laser.com\/glm\/wp-content\/uploads\/bedienungsanleitung_srx_ein-mann-station_sokkia.pdf\" target=\"_blank\" rel=\"noopener noreferrer\">Bedienungsanleitung SRX Ein-Mann-Station Sokkia (5 MB)<\/a><\/p>\n<\/div>\n","protected":false},"excerpt":{"rendered":"<p>Die motorisierten Totalstationen SRX-XT aus dem Hause Sokkia Die motorisieret Totalstation SET-XT aus dem Hause Sokkia wird seit 2012 nicht mehr produziert. Die passenden Nachfolgemodelle sind die motorisierten Totalstationen der Serie SX-10xT.\u00a0GLM Laserme\u00dftechnik bietet Ihnen einen\u00a0Rundum-Service (Inspektion, Reparatur, Verkauf und Beratung) f\u00fcr die Serie SRX-XT an. Modulares System f\u00fcr individuelle Bed\u00fcrfnisse SRX ist motorisiert mit [&hellip;]<\/p>\n","protected":false},"author":1,"featured_media":0,"parent":847,"menu_order":6,"comment_status":"closed","ping_status":"closed","template":"page_submenu.php","meta":{"footnotes":""},"class_list":["post-3223","page","type-page","status-publish","hentry"],"_links":{"self":[{"href":"https:\/\/www.glm-laser.com\/glm\/wp-json\/wp\/v2\/pages\/3223"}],"collection":[{"href":"https:\/\/www.glm-laser.com\/glm\/wp-json\/wp\/v2\/pages"}],"about":[{"href":"https:\/\/www.glm-laser.com\/glm\/wp-json\/wp\/v2\/types\/page"}],"author":[{"embeddable":true,"href":"https:\/\/www.glm-laser.com\/glm\/wp-json\/wp\/v2\/users\/1"}],"replies":[{"embeddable":true,"href":"https:\/\/www.glm-laser.com\/glm\/wp-json\/wp\/v2\/comments?post=3223"}],"version-history":[{"count":5,"href":"https:\/\/www.glm-laser.com\/glm\/wp-json\/wp\/v2\/pages\/3223\/revisions"}],"predecessor-version":[{"id":7695,"href":"https:\/\/www.glm-laser.com\/glm\/wp-json\/wp\/v2\/pages\/3223\/revisions\/7695"}],"up":[{"embeddable":true,"href":"https:\/\/www.glm-laser.com\/glm\/wp-json\/wp\/v2\/pages\/847"}],"wp:attachment":[{"href":"https:\/\/www.glm-laser.com\/glm\/wp-json\/wp\/v2\/media?parent=3223"}],"curies":[{"name":"wp","href":"https:\/\/api.w.org\/{rel}","templated":true}]}}