{"id":3377,"date":"2016-07-21T11:51:17","date_gmt":"2016-07-21T09:51:17","guid":{"rendered":"http:\/\/www.glm-laser.com\/?page_id=3377"},"modified":"2022-05-31T17:49:49","modified_gmt":"2022-05-31T15:49:49","slug":"die-vermessung-von-drehgestellen","status":"publish","type":"page","link":"https:\/\/www.glm-laser.com\/glm\/3d-messsysteme-branchen\/messsystem-schienenfahrzeuge\/die-vermessung-von-drehgestellen\/","title":{"rendered":"Rahmenvermessung von Drehgestellen"},"content":{"rendered":"<h2 class=\"wp-block-heading\"><strong>Die Rahmenvermessung von Drehgestellen<\/strong> <\/h2>\n<div class=\"wp-block-image\">\n<figure class=\"alignright\"><a href=\"https:\/\/www.glm-laser.com\/glm\/wp-content\/uploads\/Rahmenvermessung-1.png\" class=\"gallery_colorbox\"><img loading=\"lazy\" decoding=\"async\" width=\"300\" height=\"399\" src=\"https:\/\/www.glm-laser.com\/glm\/wp-content\/uploads\/Rahmenvermessung-1.png\"  alt=\"Rahmenvermessung\" class=\"wp-image-4471\" srcset=\"https:\/\/www.glm-laser.com\/glm\/wp-content\/uploads\/Rahmenvermessung-1.png 300w, https:\/\/www.glm-laser.com\/glm\/wp-content\/uploads\/Rahmenvermessung-1-226x300.png 226w\" sizes=\"(max-width: 300px) 100vw, 300px\" \/><\/a><\/figure>\n<\/div>\n<p>GLM Laserme\u00dftechnik bietet seit \u00fcber 25 Jahren mobile 3D Messsysteme zur Rahmenvermessung von <a href=\"https:\/\/de.wikipedia.org\/wiki\/Drehgestell\" target=\"_blank\" rel=\"noreferrer noopener\">Drehgestellen<\/a> verschiedenster Bauarten an. Wir treten als Lieferant sowie als <a href=\"https:\/\/www.glm-laser.com\/glm\/leistungen\/vermessungsdienstleistungen\/vermessung-vor-ort\/\" target=\"_blank\" rel=\"noreferrer noopener\">Messdienstleister<\/a> auf. <\/p>\n<p>Zum Einsatz kommt das <a href=\"https:\/\/www.glm-laser.com\/glm\/ueber-glm\/3d-messsysteme\/\" target=\"_blank\" rel=\"noreferrer noopener\">3D Messsystem<\/a> bei der Rahmenvermessung im Neu- und Umbau sowie bei der Revision. Die <a aria-label=\"Steuersoftware (\u00f6ffnet in neuem Tab)\" rel=\"noreferrer noopener\" href=\"https:\/\/www.glm-laser.com\/glm\/software\/pc-software\/\" target=\"_blank\">Steuersoftware<\/a> des 3D-Messsystem ist auf den Anwender hin ausgerichtet. Die Dokumentation der Rahmenvermessung kann in Excel umgesetzt werden. Durch diese Schnittstelle ist die Betreuung vieler verschiedenster Bauarten ohne Weiteres machbar. Die freie Wahl des Ortes (z.B.: Fertigungsstra\u00dfe, Lackierhalle, Au\u00dfenbereich) der geometrischen Rahmenvermessung sowie die Dokumentation des Messergebnisses in Echtzeit sind nur ein kleiner Auszug der Vorz\u00fcge dieses 3D-Messsystems. <\/p>\n<p><strong>Erfasst bei der geometrischen Rahmenvermessung von Drehgestellen  wird unter anderem:<\/strong><\/p>\n<ul class=\"wp-block-list\">\n<li>Vermessung der vertikalen Verwindung in z<\/li>\n<li>Erfassung der Diagonal- bzw. Kreuzma\u00dfe in xy<\/li>\n<li>Vermessung der Istma\u00dfe und Vergleich zu den Nennma\u00dfen (z.B.: Gleitbackenabstand, Innenabstand Lagerf\u00fchrung)<\/li>\n<li>Vermessung und Kontrolle der Symmetrie (z.B.: Ebenheit, Rechtwinkligkeit und Parallelit\u00e4t)<\/li>\n<\/ul>\n<p><strong>Als Grundlage der Drehgestell Vermessung dienen verschiedene Regelwerke:<\/strong><\/p>\n<ul class=\"wp-block-list\">\n<li>Ril 984.0300<\/li>\n<li>CUB bzw. Modul<\/li>\n<li>VPI02<\/li>\n<li>SBB <\/li>\n<li>DIN EN 13775-3 <\/li>\n<\/ul>\n<p><strong>Auszug zu bekannten Drehgestell Typen:<\/strong><\/p>\n<div class=\"wp-block-group\">\n<div class=\"wp-block-group__inner-container is-layout-flow wp-block-group-is-layout-flow\">\n<ul class=\"wp-block-list\">\n<li>LD 36<\/li>\n<li>G\u00f6rlitz 8 <\/li>\n<li><a href=\"https:\/\/www.glm-laser.com\/glm\/3d-messsysteme-branchen\/messsystem-schienenfahrzeuge\/die-vermessung-von-drehgestellen\/rahmenvermessung-kasten-drehgestell\/\" target=\"_blank\" rel=\"noreferrer noopener\">Kastendrehgestell (2 und 3 Achser GW)<\/a><\/li>\n<li><a href=\"https:\/\/www.glm-laser.com\/glm\/3d-messsysteme-branchen\/messsystem-schienenfahrzeuge\/die-vermessung-von-drehgestellen\/vermessung-y-25-dg\/\" target=\"_blank\" rel=\"noreferrer noopener\">Y25 <\/a><\/li>\n<\/ul>\n<\/div>\n<\/div>\n<div class=\"wp-block-image Vermessung Drehgestell\">\n<figure class=\"alignleft\"><a href=\"https:\/\/www.glm-laser.com\/glm\/wp-content\/uploads\/Vermessung-Drehgestell.png\" class=\"gallery_colorbox\"><img loading=\"lazy\" decoding=\"async\" width=\"300\" height=\"225\" src=\"https:\/\/www.glm-laser.com\/glm\/wp-content\/uploads\/Vermessung-Drehgestell.png\"  alt=\"Rahmenvermessung von Drehgestellen\" class=\"wp-image-4472\"\/><\/a><\/figure>\n<\/div>\n<p>Diese 3D Messsysteme bieten sich zus\u00e4tzlich zur Vermessung von Fahrzeugrahmen an. Sie k\u00f6nnen ohne Weiteres damit den Untergurt eines G\u00fcterwagens (z.B.: 2-Achser) oder den Fahrzeugrahmen einer Lok vermessen und regelgerecht dokumentieren.<\/p>\n<p>GLM liefert und betreut das soeben beschrieben 3D-Messsystem. Werkst\u00e4tten der mittleren und leichten Instandhaltung greifen allerdings gerne auf unsere <a aria-label=\"Messdienstleistung (\u00f6ffnet in neuem Tab)\" rel=\"noreferrer noopener\" href=\"https:\/\/www.glm-laser.com\/glm\/leistungen\/vermessungsdienstleistungen\/vermessung-vor-ort\/\" target=\"_blank\">Messdienstleistung<\/a> zur\u00fcck. Da die Vermessungen von Drehgestellen bei diesen nicht im Tagesgesch\u00e4ft liegt.<\/p>\n<p>Haben Sie Fragen. W\u00fcnschen Sie eine Vorf\u00fchrung. Schreiben Sie uns einfach an, wir pr\u00e4sentieren Ihnen gerne das 3D-Messsystem.<\/p>\n<div class=\"wp-block-file\"><a href=\"https:\/\/www.glm-laser.com\/glm\/wp-content\/uploads\/GLM-Branchenbroschuere-Bahn.pdf\">Vermessung von Drehgestellen <\/a><a href=\"https:\/\/www.glm-laser.com\/glm\/wp-content\/uploads\/GLM-Branchenbroschuere-Bahn.pdf\" class=\"wp-block-file__button\" download>Herunterladen<\/a><\/div>\n","protected":false},"excerpt":{"rendered":"<p>Die Rahmenvermessung von Drehgestellen GLM Laserme\u00dftechnik bietet seit \u00fcber 25 Jahren mobile 3D Messsysteme zur Rahmenvermessung von Drehgestellen verschiedenster Bauarten an. Wir treten als Lieferant sowie als Messdienstleister auf. Zum Einsatz kommt das 3D Messsystem bei der Rahmenvermessung im Neu- und Umbau sowie bei der Revision. Die Steuersoftware des 3D-Messsystem ist auf den Anwender hin [&hellip;]<\/p>\n","protected":false},"author":2,"featured_media":0,"parent":107,"menu_order":2,"comment_status":"closed","ping_status":"closed","template":"page_submenu.php","meta":{"footnotes":""},"class_list":["post-3377","page","type-page","status-publish","hentry"],"_links":{"self":[{"href":"https:\/\/www.glm-laser.com\/glm\/wp-json\/wp\/v2\/pages\/3377"}],"collection":[{"href":"https:\/\/www.glm-laser.com\/glm\/wp-json\/wp\/v2\/pages"}],"about":[{"href":"https:\/\/www.glm-laser.com\/glm\/wp-json\/wp\/v2\/types\/page"}],"author":[{"embeddable":true,"href":"https:\/\/www.glm-laser.com\/glm\/wp-json\/wp\/v2\/users\/2"}],"replies":[{"embeddable":true,"href":"https:\/\/www.glm-laser.com\/glm\/wp-json\/wp\/v2\/comments?post=3377"}],"version-history":[{"count":31,"href":"https:\/\/www.glm-laser.com\/glm\/wp-json\/wp\/v2\/pages\/3377\/revisions"}],"predecessor-version":[{"id":10152,"href":"https:\/\/www.glm-laser.com\/glm\/wp-json\/wp\/v2\/pages\/3377\/revisions\/10152"}],"up":[{"embeddable":true,"href":"https:\/\/www.glm-laser.com\/glm\/wp-json\/wp\/v2\/pages\/107"}],"wp:attachment":[{"href":"https:\/\/www.glm-laser.com\/glm\/wp-json\/wp\/v2\/media?parent=3377"}],"curies":[{"name":"wp","href":"https:\/\/api.w.org\/{rel}","templated":true}]}}