{"id":3400,"date":"2016-07-22T11:53:17","date_gmt":"2016-07-22T09:53:17","guid":{"rendered":"http:\/\/www.glm-laser.com\/?page_id=3400"},"modified":"2023-02-22T15:31:05","modified_gmt":"2023-02-22T14:31:05","slug":"frimenprofil-glm-lasermesstechnik","status":"publish","type":"page","link":"https:\/\/www.glm-laser.com\/glm\/ueber-glm\/frimenprofil-glm-lasermesstechnik\/","title":{"rendered":"Firmenprofil"},"content":{"rendered":"<p><?php echo do_shortcode('[metaslider id=\"434\"]'); ?><\/p>\n<h1>GLM Lasermesstechnik \u2013 Umfassendes know-how garantiert.<\/h1>\n<h3 class=\"red\">Mehr als 25 Jahre Branchenl\u00f6sungen im Bereich der 3D-Industriemesstechnik \u2013 eine Erfolgsgeschichte f\u00fcr GLM, Kunden und Projekte. Erleben Sie, was pr\u00e4zise Technik in Kombination mit innovativer Software leisten kann.<\/h3>\n<p>Als f\u00fchrender Anbieter f\u00fcr industrielle Lasermesstechnik ist GLM seit 1991 auf den Vertrieb und die Entwicklung von hochpr\u00e4zisen 3D-Industriemessger\u00e4ten und anwendungsgerechten Softwarel\u00f6sungen spezialisiert \u2013 national wie international. Ganz gleich, welche Anforderungen und welcher Anwendungsbereich: Wir unterst\u00fctzen unsere Kunden mit durchdachten L\u00f6sungen bei ihren Vermessungsprojekten. Dabei vertrauen wir auf die innovativen Instrumente-Technologien unseres langj\u00e4hrigen Partners SOKKIA, einem der weltweit f\u00fchrenden Messtechnik-Spezialisten. Neben dem Vertrieb hochwertiger Systeme steht bei uns vor allem die pers\u00f6nliche Betreuung unserer Kunden im Mittelpunkt.<img loading=\"lazy\" decoding=\"async\" class=\"alignright wp-image-631 size-medium\" title=\"GLM Lasermesstechnik\" src=\"https:\/\/www.glm-laser.com\/glm\/wp-content\/uploads\/glm-logo-mit-claim-rgb-300dpi-300x130.jpg\" alt=\"GLM Lasermesstechnik\" width=\"300\" height=\"130\" srcset=\"https:\/\/www.glm-laser.com\/glm\/wp-content\/uploads\/glm-logo-mit-claim-rgb-300dpi-300x130.jpg 300w, https:\/\/www.glm-laser.com\/glm\/wp-content\/uploads\/glm-logo-mit-claim-rgb-300dpi-768x332.jpg 768w, https:\/\/www.glm-laser.com\/glm\/wp-content\/uploads\/glm-logo-mit-claim-rgb-300dpi-1024x442.jpg 1024w, https:\/\/www.glm-laser.com\/glm\/wp-content\/uploads\/glm-logo-mit-claim-rgb-300dpi.jpg 1772w\" sizes=\"(max-width: 300px) 100vw, 300px\" \/><\/p>\n<p>Wir beraten Sie umfassend, entwickeln f\u00fcr Ihren jeweiligen Einsatzbereich die optimale Messtechnik-L\u00f6sung und bieten dazu umfangreichen Service und Support. Flexibel. Kompetent. Verl\u00e4sslich.<\/p>\n<p>Was immer wir bei GLM auch tun: Wir konzentrieren uns voll auf die Dinge, die f\u00fcr Ihr individuelles Projekt am wichtigsten sind: die Qualit\u00e4t der Messungen, die Optimierung von Produktivit\u00e4t und Prozessqualit\u00e4t sowie die Einhaltung der Produktions-, Wartungs- und Sicherheitsvorschriften.<\/p>\n<h6>Vertrauen auch Sie in puncto Messtechnik auf GLM.<\/p>\n<p><a href=\"https:\/\/www.glm-laser.com\/kontakt\/\">Sprechen Sie uns an \u2013 wir freuen uns auf Sie.<\/a><\/h6>\n<hr \/>\n<p align=\"justify\"><strong>Gesch\u00e4ftsfelder<\/strong><\/p>\n<div align=\"justify\">\n<ul>\n<li>Nationaler und internationaler Vertrieb von Industriemesssystemen f\u00fcr Anwendungen im Schiffbau, Eisenbahnbau, Windenergie, Stahl- und Anlagenbau und in der Papierindustrie<\/li>\n<li>Nationaler Vertrieb von klassischen Vermessungssystemen f\u00fcr Anwender in der Arch\u00e4ologie, Garten und Landschaftbau, Ingenieurb\u00fcros und Planungsb\u00fcros<\/li>\n<li>Durchf\u00fchrung von Auftragsmessungen in Deutschland, Europa und weltweit. Unter anderem:<\/li>\n<\/ul>\n<\/div>\n<ul>\n<li>Vermessung von Maschinen und Abstecken von Bodenpunkten bei Maschinenneubauten<\/li>\n<li>Dokumentation von Unfallsch\u00e4den an z.B. Schienenfahrzeugen<\/li>\n<li>Erfassung von Rundheits- und Lageabweichungen z.B. bei Windkraftanlagen oder in der Papierindustrie<\/li>\n<\/ul>\n<div align=\"justify\">\n<ul type=\"disc\">\n<li>Vermietung von Industriemesssystemen<\/li>\n<li>Entwicklung von Software und Rechnertechnik sowie von Systemkomponenten f\u00fcr Industriemesssysteme<\/li>\n<\/ul>\n<hr \/>\n<\/div>\n<p align=\"justify\"><strong>Historie<\/strong><\/p>\n<div align=\"justify\">\n<ul type=\"disc\">\n<li>1991 Gr\u00fcndung<\/li>\n<li>1993 bis 1995: Systeml\u00f6sungen f\u00fcr den Eisenbahnbereich<\/li>\n<li>1994 bis 1997: Entwicklung von 3-DIM f\u00fcr den Schiffbau<\/li>\n<li>1999 bis 2005: Ausbau des weltweiten Vertriebs<\/li>\n<li>2004 Markteinf\u00fchrung des Feldrechners \u201e3-DIM Observer&#8220;<\/li>\n<li>2006 Kooperationsvertr\u00e4ge mit SOKKIA BV (Europa) und SOKKIA SCL (Japan)<\/li>\n<li>2006 Umzug in neue Gesch\u00e4ftsr\u00e4ume nach Witten-Annen<\/li>\n<li>2009 \u00dcbernahme der Kerngesch\u00e4ftsfelder (klassische Vermessung) von IVK Sokkia, unter anderem Aufbau der eigenen Werkstatt und Labore zur Inspektion und Wartung von SOKKIA Totalstationen, Theodoliten und Nivellierger\u00e4ten<\/li>\n<li>2011 Inbetriebnahme einer Laserinterferometer &#8211; Pr\u00fcfstrecke<\/li>\n<\/ul>\n<hr \/>\n<p><strong>Partnerschaften<\/strong><\/p>\n<\/div>\n<div align=\"justify\">\u00a0<\/div>\n<p align=\"justify\">Mit SOKKIA BV verbindet GLM eine langj\u00e4hrige Partnerschaft seit 1993. Seit Anfang 2006 vertreibt SOKKIA GLM-Produkte zusammen mit Industrietotalstationen.<\/p>\n<p align=\"justify\">GLM unterst\u00fctzt das internationale H\u00e4ndlernetzwerk SOKKIAs beim Vertrieb von Industriemesssystemen.<\/p>\n<div align=\"justify\">\n<hr \/>\n<\/div>\n<p align=\"justify\"><strong>Unser Ziel<\/strong><\/p>\n<div align=\"justify\">\u00a0<\/div>\n<p align=\"justify\">Kundenzufriedenheit und langj\u00e4hrige Kundenbindung ist unser Ziel. Dazu bieten wir Systeml\u00f6sungen an, welche auf die jeweilige Anwendung zugeschnitten sind. Bei der Systemauslegung, der Inbetriebnahme und der Schulung greifen wir auf langj\u00e4hrige Erfahrungen auch aus unseren eigenen Auftragsmessungen zur\u00fcck. Es ist unser Ziel, neue Anforderungen an Software und Zubeh\u00f6r in sehr kurzen Zeitr\u00e4umen umzusetzen und somit Schritt zu halten mit st\u00e4ndig wachsenden Anforderungen.<\/p>\n","protected":false},"excerpt":{"rendered":"","protected":false},"author":1,"featured_media":0,"parent":30,"menu_order":0,"comment_status":"closed","ping_status":"closed","template":"page_submenu.php","meta":{"footnotes":""},"class_list":["post-3400","page","type-page","status-publish","hentry"],"_links":{"self":[{"href":"https:\/\/www.glm-laser.com\/glm\/wp-json\/wp\/v2\/pages\/3400"}],"collection":[{"href":"https:\/\/www.glm-laser.com\/glm\/wp-json\/wp\/v2\/pages"}],"about":[{"href":"https:\/\/www.glm-laser.com\/glm\/wp-json\/wp\/v2\/types\/page"}],"author":[{"embeddable":true,"href":"https:\/\/www.glm-laser.com\/glm\/wp-json\/wp\/v2\/users\/1"}],"replies":[{"embeddable":true,"href":"https:\/\/www.glm-laser.com\/glm\/wp-json\/wp\/v2\/comments?post=3400"}],"version-history":[{"count":7,"href":"https:\/\/www.glm-laser.com\/glm\/wp-json\/wp\/v2\/pages\/3400\/revisions"}],"predecessor-version":[{"id":10237,"href":"https:\/\/www.glm-laser.com\/glm\/wp-json\/wp\/v2\/pages\/3400\/revisions\/10237"}],"up":[{"embeddable":true,"href":"https:\/\/www.glm-laser.com\/glm\/wp-json\/wp\/v2\/pages\/30"}],"wp:attachment":[{"href":"https:\/\/www.glm-laser.com\/glm\/wp-json\/wp\/v2\/media?parent=3400"}],"curies":[{"name":"wp","href":"https:\/\/api.w.org\/{rel}","templated":true}]}}