{"id":3404,"date":"2016-07-22T12:56:28","date_gmt":"2016-07-22T10:56:28","guid":{"rendered":"http:\/\/www.glm-laser.com\/glm\/en\/?page_id=3404"},"modified":"2025-06-30T10:59:12","modified_gmt":"2025-06-30T08:59:12","slug":"imprint","status":"publish","type":"page","link":"https:\/\/www.glm-laser.com\/glm\/imprint\/","title":{"rendered":"Imprint"},"content":{"rendered":"<p><img loading=\"lazy\" decoding=\"async\" class=\" size-medium wp-image-188 alignright\" src=\"https:\/\/www.glm-laser.com\/glm\/wp-content\/uploads\/Gebaeude-Lasermesstechnik-GLM-300x225.jpg\" alt=\"Gebaeude-Lasermesstechnik-GLM\" width=\"300\" height=\"225\" srcset=\"https:\/\/www.glm-laser.com\/glm\/wp-content\/uploads\/Gebaeude-Lasermesstechnik-GLM-300x225.jpg 300w, https:\/\/www.glm-laser.com\/glm\/wp-content\/uploads\/Gebaeude-Lasermesstechnik-GLM.jpg 500w\" sizes=\"(max-width: 300px) 100vw, 300px\" \/><\/p>\n<h1>Imprint<\/h1>\n<p>GLM Laserme\u00dftechnik GmbH<br \/>\nStockumer Stra\u00dfe 28<br \/>\n58453 Witten<br \/>\nPhone: +49 2302 20 399 30<br \/>\nFax: +49 2302 20 399 51<br \/>\nE-Mail: info@glm-laser.com<br \/>\nInternet: <a href=\"https:\/\/www.glm-laser.com\/\">https:\/\/www.glm-laser.com\/<\/a><br \/>\nGLM Laserme\u00dftechnik GmbH is represented by: Gesch\u00e4ftsf\u00fchrer:\u00a0 Michael Berthold, Guntram Meyers, Sebastian Watolla<\/p>\n<p>Register jurisdiction: Amtsgericht Bochum<br \/>\nCommercial Register<br \/>\nRegistration number: HRB 4885<\/p>\n<p><em>Umsatzsteuer-Identifikationsnummer <\/em>(VAT identification number) according to \u00a7 27a of the <em>Umsatzsteuergesetz<\/em> (<em>UStG<\/em>, Sales Tax Law): DE208351333<\/p>\n<p>Document produced and updated by <a href=\"https:\/\/www.datenschutz-janolaw.de\">janolaw AG<\/a>.<\/p>\n","protected":false},"excerpt":{"rendered":"<p>Imprint GLM Laserme\u00dftechnik GmbH Stockumer Stra\u00dfe 28 58453 Witten Phone: +49 2302 20 399 30 Fax: +49 2302 20 399 51 E-Mail: info@glm-laser.com Internet: https:\/\/www.glm-laser.com\/ GLM Laserme\u00dftechnik GmbH is represented by: Gesch\u00e4ftsf\u00fchrer:\u00a0 Michael Berthold, Guntram Meyers, Sebastian Watolla Register jurisdiction: Amtsgericht Bochum Commercial Register Registration number: HRB 4885 Umsatzsteuer-Identifikationsnummer (VAT identification number) according to \u00a7 [&hellip;]<\/p>\n","protected":false},"author":1,"featured_media":0,"parent":0,"menu_order":5,"comment_status":"open","ping_status":"open","template":"","meta":{"footnotes":""},"class_list":["post-3404","page","type-page","status-publish","hentry"],"_links":{"self":[{"href":"https:\/\/www.glm-laser.com\/glm\/wp-json\/wp\/v2\/pages\/3404"}],"collection":[{"href":"https:\/\/www.glm-laser.com\/glm\/wp-json\/wp\/v2\/pages"}],"about":[{"href":"https:\/\/www.glm-laser.com\/glm\/wp-json\/wp\/v2\/types\/page"}],"author":[{"embeddable":true,"href":"https:\/\/www.glm-laser.com\/glm\/wp-json\/wp\/v2\/users\/1"}],"replies":[{"embeddable":true,"href":"https:\/\/www.glm-laser.com\/glm\/wp-json\/wp\/v2\/comments?post=3404"}],"version-history":[{"count":8,"href":"https:\/\/www.glm-laser.com\/glm\/wp-json\/wp\/v2\/pages\/3404\/revisions"}],"predecessor-version":[{"id":10335,"href":"https:\/\/www.glm-laser.com\/glm\/wp-json\/wp\/v2\/pages\/3404\/revisions\/10335"}],"wp:attachment":[{"href":"https:\/\/www.glm-laser.com\/glm\/wp-json\/wp\/v2\/media?parent=3404"}],"curies":[{"name":"wp","href":"https:\/\/api.w.org\/{rel}","templated":true}]}}