{"id":4059,"date":"2017-07-11T11:22:15","date_gmt":"2017-07-11T09:22:15","guid":{"rendered":"http:\/\/www.glm-laser.com\/glm\/?page_id=4059"},"modified":"2025-03-19T15:50:04","modified_gmt":"2025-03-19T14:50:04","slug":"net05ax-ii","status":"publish","type":"page","link":"https:\/\/www.glm-laser.com\/glm\/optische-vermessungsinstrumente-3\/net05ax-ii\/","title":{"rendered":"Sokkia NET05AX II"},"content":{"rendered":"<h2 class=\"wp-block-heading\"><strong>Industrietachymeter NET05AX II<\/strong> <\/h2>\n<div class=\"wp-block-image Sokkia NET05AX II\">\n<figure class=\"alignright is-resized\"><img loading=\"lazy\" decoding=\"async\" width=\"300\" height=\"401\" src=\"https:\/\/www.glm-laser.com\/glm\/wp-content\/uploads\/NET05AX-II.png\" alt=\"Sokkia NET05AX II\" class=\"wp-image-4387\" style=\"width:150px;height:201px\" srcset=\"https:\/\/www.glm-laser.com\/glm\/wp-content\/uploads\/NET05AX-II.png 300w, https:\/\/www.glm-laser.com\/glm\/wp-content\/uploads\/NET05AX-II-224x300.png 224w\" sizes=\"(max-width: 300px) 100vw, 300px\" \/><\/figure>\n<\/div>\n<p>Das Industrietachymeter NET05AX II wird seit 2014 vertrieben und \u00fcberzeugt seitdem durch seine pr\u00e4zisen Messungen sowie seinen schnellen Motoren. Dieser Messkopf ist Bestandteil unserer 3D Messsysteme. GLM Laserme\u00dftechnik bietet ihnen&nbsp;den <a href=\"https:\/\/www.glm-laser.com\/glm\/leistungen\/ganzheitliche-loesungen\/\">Rundum-Service <\/a>(Inspektion, Reparatur, Verkauf und Schulung) f\u00fcr das NET05AX II an. <\/p>\n<p>Das NET05AX II wird in der Regel von externer <a href=\"https:\/\/www.glm-laser.com\/glm\/software\/\">Software<\/a> (via Handrechner, Tablett oder Notebook) angesteuert und dient somit als Messkopf f\u00fcr 3D-Messsysteme. <\/p>\n<p><\/p>\n<p>Sokkia\u2018s NET05AXII besticht nicht nur durch seine herausragenden Genauigkeiten. Das Instrument wurde im Vergleich zum Vorg\u00e4ngermodell an entscheidenen Stellen verbessert:<\/p>\n<\/p>\n<div class=\"wp-block-image\">\n<figure class=\"alignright is-resized\"><img loading=\"lazy\" decoding=\"async\" width=\"162\" height=\"300\" src=\"https:\/\/www.glm-laser.com\/glm\/wp-content\/uploads\/netaxii-162x300.jpg\" alt=\"netaxii\" class=\"wp-image-956\" style=\"width:122px;height:225px\" srcset=\"https:\/\/www.glm-laser.com\/glm\/wp-content\/uploads\/netaxii-162x300.jpg 162w, https:\/\/www.glm-laser.com\/glm\/wp-content\/uploads\/netaxii.jpg 252w\" sizes=\"(max-width: 162px) 100vw, 162px\" \/><\/figure>\n<\/div>\n<ul class=\"wp-block-list\">\n<li>Noch robuster! In der Industrie f\u00fchrende Schutzklasse nach&nbsp;<a href=\"https:\/\/www.glm-laser.com\/ip-65-vermessungsinstrumente\/\" target=\"_blank\" rel=\"noreferrer noopener\">IP65<\/a><\/li>\n<li>Noch schnellere Motoren f\u00fcr noch schnellere Messungen<\/li>\n<li>Erweiterte Auto-Pointing-Algorithmen<\/li>\n<li>TSshield Schutz<\/li>\n<li>Die Zielmarkenbeleuchtung und der Laserpointer sind nun gleichzeitig nutzbar<\/li>\n<li>Bluetooth Antenne im Geh\u00e4use: Per Funk immer erreichbar, selbst bei steilen Sichten<\/li>\n<li>und vieles mehr &#8230;<\/li>\n<\/ul>\n<p><strong>Auszug aus den technischen Daten des NET05AX II: <\/strong><\/p>\n<ul class=\"wp-block-list\">\n<li> Vergr\u00f6\u00dferung\/Aufl\u00f6sung: 30x \/ 2,5\u2033<\/li>\n<li> Winkelmessgenauigkeit: 0,5\u2033 (0,15mgon)<\/li>\n<li> Rotationsgeschwindigkeit: 85\u00b0\/s<\/li>\n<li>Streckenmessgenauigkeit:<\/li>\n<\/ul>\n<p><strong>Universal-Koordinatenme\u00dfmaschine<\/strong><\/p>\n<p>NET05AXII ist ein<\/p>\n<ul class=\"wp-block-list\">\n<li>Tachymeter,<\/li>\n<li>Lasertracker oder ein<\/li>\n<li>Scanner<\/li>\n<\/ul>\n<p>ganz wie Sie es brauchen und blitzschnell umschaltbar. Die hervorstechenden Merkmale sind:<\/p>\n<ul class=\"wp-block-list\">\n<li>Hohe Pr\u00e4zision<\/li>\n<li>Hohe Mobilit\u00e4t: Batteriebetrieben, kabellos, bis \u00fcber 100m Funkreichweite<\/li>\n<li>Widerstandsf\u00e4hig&nbsp;<a href=\"https:\/\/www.glm-laser.com\/ip-65-vermessungsinstrumente\/\">IP65<\/a>: Schutz gegen Staub und Wasser<\/li>\n<li>Fernbedient: Der Handrechner liefert die Daten da wo Sie sie brauchen<\/li>\n<\/ul>\n<p><strong>Vielf\u00e4ltige Software Unterst\u00fctzung<\/strong><\/p>\n<p>NET05AXII wird nat\u00fcrlich optimal unterst\u00fctzt<\/p>\n<ul class=\"wp-block-list\">\n<li><a href=\"https:\/\/www.glm-laser.com\/glm\/software-2\/poket-pc\/3-dim-observer\/\">3-Dim Observer<\/a>: Der portable Handrechner<\/li>\n<li><a href=\"https:\/\/www.glm-laser.com\/glm\/software-2\/pc-software-2\/3d-vermessung-software\/\">3-Dim PC Basic<\/a>: PC Software mit punktorientierten Auswertungen<\/li>\n<li><a href=\"https:\/\/www.glm-laser.com\/glm\/software-2\/pc-software-2\/3-dim-pt\/\">3-Dim PT<\/a>: PC Software als&nbsp;Rhino3D&nbsp;Plugin. Mit CAD basierten Auswertungen<\/li>\n<\/ul>\n<p><strong> Zubeh\u00f6r: <\/strong><\/p>\n<ul class=\"wp-block-list\">\n<li> Batterie BDC70<\/li>\n<li> Doppelladeger\u00e4t<\/li>\n<li> Daten\u00fcbertragungskabel DOC129 <\/li>\n<\/ul>\n<p>Interesse an einer Produktvorf\u00fchrung vor Ort? Dann schreiben Sie uns bitte eine E-Mail.<\/p>\n","protected":false},"excerpt":{"rendered":"<p>Industrietachymeter NET05AX II Das Industrietachymeter NET05AX II wird seit 2014 vertrieben und \u00fcberzeugt seitdem durch seine pr\u00e4zisen Messungen sowie seinen schnellen Motoren. Dieser Messkopf ist Bestandteil unserer 3D Messsysteme. GLM Laserme\u00dftechnik bietet ihnen&nbsp;den Rundum-Service (Inspektion, Reparatur, Verkauf und Schulung) f\u00fcr das NET05AX II an. Das NET05AX II wird in der Regel von externer Software (via [&hellip;]<\/p>\n","protected":false},"author":2,"featured_media":0,"parent":19,"menu_order":0,"comment_status":"closed","ping_status":"closed","template":"page_submenu.php","meta":{"footnotes":""},"class_list":["post-4059","page","type-page","status-publish","hentry"],"_links":{"self":[{"href":"https:\/\/www.glm-laser.com\/glm\/wp-json\/wp\/v2\/pages\/4059"}],"collection":[{"href":"https:\/\/www.glm-laser.com\/glm\/wp-json\/wp\/v2\/pages"}],"about":[{"href":"https:\/\/www.glm-laser.com\/glm\/wp-json\/wp\/v2\/types\/page"}],"author":[{"embeddable":true,"href":"https:\/\/www.glm-laser.com\/glm\/wp-json\/wp\/v2\/users\/2"}],"replies":[{"embeddable":true,"href":"https:\/\/www.glm-laser.com\/glm\/wp-json\/wp\/v2\/comments?post=4059"}],"version-history":[{"count":31,"href":"https:\/\/www.glm-laser.com\/glm\/wp-json\/wp\/v2\/pages\/4059\/revisions"}],"predecessor-version":[{"id":10315,"href":"https:\/\/www.glm-laser.com\/glm\/wp-json\/wp\/v2\/pages\/4059\/revisions\/10315"}],"up":[{"embeddable":true,"href":"https:\/\/www.glm-laser.com\/glm\/wp-json\/wp\/v2\/pages\/19"}],"wp:attachment":[{"href":"https:\/\/www.glm-laser.com\/glm\/wp-json\/wp\/v2\/media?parent=4059"}],"curies":[{"name":"wp","href":"https:\/\/api.w.org\/{rel}","templated":true}]}}