{"id":4068,"date":"2017-07-11T11:56:47","date_gmt":"2017-07-11T09:56:47","guid":{"rendered":"http:\/\/www.glm-laser.com\/glm\/?page_id=4068"},"modified":"2020-11-10T12:06:02","modified_gmt":"2020-11-10T11:06:02","slug":"industrietachymeter-net1ax-ii","status":"publish","type":"page","link":"https:\/\/www.glm-laser.com\/glm\/optische-vermessungsinstrumente-3\/industrietachymeter-net1ax-ii\/","title":{"rendered":"Sokkia NET1AX II"},"content":{"rendered":"<div id=\"attachment_4070\" style=\"width: 234px\" class=\"wp-caption alignright\"><img loading=\"lazy\" decoding=\"async\" aria-describedby=\"caption-attachment-4070\" class=\"Industrietachymeter NET1AX II wp-image-4070 size-medium\" title=\"Industrietachymeter NET1AX II\" src=\"https:\/\/www.glm-laser.com\/glm\/wp-content\/uploads\/Industrietachymeter-NET1AX-II-224x300.png\" alt=\"Industrietachymeter NET1AX II\" width=\"224\" height=\"300\" srcset=\"https:\/\/www.glm-laser.com\/glm\/wp-content\/uploads\/Industrietachymeter-NET1AX-II-224x300.png 224w, https:\/\/www.glm-laser.com\/glm\/wp-content\/uploads\/Industrietachymeter-NET1AX-II.png 282w\" sizes=\"(max-width: 224px) 100vw, 224px\" \/><\/p>\n<p id=\"caption-attachment-4070\" class=\"wp-caption-text\">Industrietachymeter NET1AX II<\/p>\n<\/div>\n<h1><strong>Industrietachymeter NET1AX II<\/strong><\/h1>\n<p>Das Industrietachymeter NET1AX II wird seit 2014 produziert. Das passende Vorg\u00e4ngermodell ist die motorisierte Totalstation NET1AX. GLM Laserme\u00dftechnik bietet ihnen den <a href=\"https:\/\/www.glm-laser.com\/glm\/leistungen\/ganzheitliche-loesungen\/\">Rundum-Service<\/a> (Inspektion, Reparatur, Verkauf und Schulung) f\u00fcr das NET1AX II an.<\/p>\n<p>Das NET1AX II wird in der Regel von externer <a href=\"https:\/\/www.glm-laser.com\/glm\/software\/\">Software<\/a> (via Handrechner, Tablet oder Notebook) angesteuert und dient somit als Messkopf f\u00fcr 3D-Messsysteme.<\/p>\n<p>Sokkia\u2018s NET1AXII besticht nicht nur durch seine herausragenden Genauigkeiten. Das Instrument wurde im Vergleich zum Vorg\u00e4ngermodell an entscheidenen Stellen verbessert:<img loading=\"lazy\" decoding=\"async\" class=\"size-medium wp-image-956 alignleft\" src=\"https:\/\/www.glm-laser.com\/glm\/wp-content\/uploads\/netaxii-162x300.jpg\" alt=\"netaxii\" width=\"162\" height=\"300\" srcset=\"https:\/\/www.glm-laser.com\/glm\/wp-content\/uploads\/netaxii-162x300.jpg 162w, https:\/\/www.glm-laser.com\/glm\/wp-content\/uploads\/netaxii.jpg 252w\" sizes=\"(max-width: 162px) 100vw, 162px\" \/><\/p>\n<ul>\n<li>Noch robuster! In der Industrie f\u00fchrende Schutzklasse nach\u00a0<a title=\"IP Vermessungsinstrumente\" href=\"https:\/\/www.glm-laser.com\/ip-65-vermessungsinstrumente\/\" target=\"_blank\" rel=\"noopener noreferrer\">IP65<\/a><\/li>\n<li>Noch schnellere Motoren f\u00fcr noch schnellere Messungen<\/li>\n<li>Erweiterte Auto-Pointing-Algorithmen<\/li>\n<li>TSshield Schutz<\/li>\n<li>Die Zielmarkenbeleuchtung und der Laserpointer sind nun gleichzeitig nutzbar<\/li>\n<li>Bluetooth Antenne im Geh\u00e4use: Per Funk immer erreichbar, selbst bei steilen Sichten<\/li>\n<li>und vieles mehr &#8230;<\/li>\n<\/ul>\n<p>Auszug aus den technischen Daten des NET1AX II:<\/p>\n<ul>\n<li>Vergr\u00f6\u00dferung\/Aufl\u00f6sung: 30x \/ 2,5\u2033<\/li>\n<li>Winkelmessgenauigkeit: 1\u2033 (0,15mgon)<\/li>\n<li>Rotationsgeschwindigkeit: 85\u00b0\/s<\/li>\n<li>Streckenmessgenauigkeit:\n<ul>\n<li>Reflektorlos: +\/- (2 + 1ppm * D) mm<\/li>\n<li>Folie: +\/- (1 + 1ppm * D) mm<\/li>\n<li>Prisma: +\/- (1 + 1ppm * D) mm<\/li>\n<li>Messkugel:\n<ul>\n<li><a href=\"https:\/\/www.glm-laser.com\/glm\/optische-vermessungsinstrumente-3\/zubehoer-2\/kugelprismen\/\">Messkugel SMR<\/a> +\/- 0,2mm<\/li>\n<li><a href=\"https:\/\/www.glm-laser.com\/glm\/optische-vermessungsinstrumente-3\/zubehoer-2\/kugelprismen\/\">Messkugel TBR<\/a>\u00a0+\/- 0,3mm<\/li>\n<\/ul>\n<\/li>\n<\/ul>\n<\/li>\n<\/ul>\n<ul>\n<li><a href=\"https:\/\/www.glm-laser.com\/glm\/optische-vermessungsinstrumente\/ip-schutzartbezeichnung\/\">Staub- und Wasserschutz<\/a>: IP65<\/li>\n<\/ul>\n<p>Zubeh\u00f6r:<\/p>\n<ul>\n<li>Batterie BDC70<\/li>\n<li>Doppelladeger\u00e4t<\/li>\n<li>Daten\u00fcbertragungskabel DOC129<\/li>\n<\/ul>\n<p>W\u00fcnschen Sie weitere Informationen oder m\u00f6chten Sie einen Termin zur Inspektion vereinbaren? Dann schreiben Sie uns einfach eine E-Mail.<\/p>\n<p><strong>Vielf\u00e4ltige Software Unterst\u00fctzung<\/strong><\/p>\n<p>NET1AXII wird nat\u00fcrlich optimal unterst\u00fctzt<\/p>\n<ul class=\"wp-block-list\">\n<li><a href=\"https:\/\/www.glm-laser.com\/glm\/software-2\/pc-software-2\/3d-vermessung-software\/\">3-Dim Observer<\/a>: Der portable Handrechner<\/li>\n<li><a href=\"https:\/\/www.glm-laser.com\/glm\/software-2\/pc-software-2\/3-dim-pt\/\">3-Dim PC Basic<\/a>: PC Software mit punktorientierten Auswertungen<\/li>\n<li><a href=\"https:\/\/www.glm-laser.com\/glm\/software-2\/pc-software-2\/3-dim-pt\/\">3-Dim PT<\/a>: PC Software als\u00a0<a href=\"https:\/\/www.rhino3d.com\/\">Rhino3D<\/a>\u00a0Plugin. Mit CAD basierten Auswertungen<\/li>\n<\/ul>\n<div class=\"wp-block-image\">\n<figure class=\"alignleft\"><img loading=\"lazy\" decoding=\"async\" width=\"38\" height=\"42\" src=\"https:\/\/www.glm-laser.com\/glm\/wp-content\/uploads\/pdf-icon.png\" alt=\"Download PDF\" class=\"wp-image-958\"\/><\/figure>\n<\/div>\n<p><a href=\"https:\/\/www.glm-laser.com\/glm\/wp-content\/uploads\/net05axii_net1axii_allrounder_de.pdf\" target=\"_blank\" rel=\"noreferrer noopener\">NETAXII Allrounder Deutsch (692 kB)<br \/><\/a><a href=\"https:\/\/www.glm-laser.com\/glm\/wp-content\/uploads\/new_net_axii_specs_de.pdf\" target=\"_blank\" rel=\"noreferrer noopener\">NETAXII Spezifikationen Deutsch (138 kB)<\/a><\/p>\n","protected":false},"excerpt":{"rendered":"<p>Industrietachymeter NET1AX II Das Industrietachymeter NET1AX II wird seit 2014 produziert. Das passende Vorg\u00e4ngermodell ist die motorisierte Totalstation NET1AX. GLM Laserme\u00dftechnik bietet ihnen den Rundum-Service (Inspektion, Reparatur, Verkauf und Schulung) f\u00fcr das NET1AX II an. Das NET1AX II wird in der Regel von externer Software (via Handrechner, Tablet oder Notebook) angesteuert und dient somit als [&hellip;]<\/p>\n","protected":false},"author":2,"featured_media":0,"parent":19,"menu_order":1,"comment_status":"closed","ping_status":"closed","template":"page_submenu.php","meta":{"footnotes":""},"class_list":["post-4068","page","type-page","status-publish","hentry"],"_links":{"self":[{"href":"https:\/\/www.glm-laser.com\/glm\/wp-json\/wp\/v2\/pages\/4068"}],"collection":[{"href":"https:\/\/www.glm-laser.com\/glm\/wp-json\/wp\/v2\/pages"}],"about":[{"href":"https:\/\/www.glm-laser.com\/glm\/wp-json\/wp\/v2\/types\/page"}],"author":[{"embeddable":true,"href":"https:\/\/www.glm-laser.com\/glm\/wp-json\/wp\/v2\/users\/2"}],"replies":[{"embeddable":true,"href":"https:\/\/www.glm-laser.com\/glm\/wp-json\/wp\/v2\/comments?post=4068"}],"version-history":[{"count":9,"href":"https:\/\/www.glm-laser.com\/glm\/wp-json\/wp\/v2\/pages\/4068\/revisions"}],"predecessor-version":[{"id":9629,"href":"https:\/\/www.glm-laser.com\/glm\/wp-json\/wp\/v2\/pages\/4068\/revisions\/9629"}],"up":[{"embeddable":true,"href":"https:\/\/www.glm-laser.com\/glm\/wp-json\/wp\/v2\/pages\/19"}],"wp:attachment":[{"href":"https:\/\/www.glm-laser.com\/glm\/wp-json\/wp\/v2\/media?parent=4068"}],"curies":[{"name":"wp","href":"https:\/\/api.w.org\/{rel}","templated":true}]}}