{"id":4076,"date":"2017-07-27T14:48:17","date_gmt":"2017-07-27T12:48:17","guid":{"rendered":"http:\/\/www.glm-laser.com\/glm\/?page_id=4076"},"modified":"2020-11-10T12:06:23","modified_gmt":"2020-11-10T11:06:23","slug":"adapter-standortwechsel","status":"publish","type":"page","link":"https:\/\/www.glm-laser.com\/glm\/optische-vermessungsinstrumente-3\/zubehoer-2\/adapter-standortwechsel\/","title":{"rendered":"Adapter Standortwechsel"},"content":{"rendered":"<h1 class=\"wp-block-heading\">Adapter f\u00fcr den Standortwechsel<\/h1>\n<p>Im Stahl- und <a href=\"https:\/\/www.glm-laser.com\/glm\/3d-messsysteme-branchen\/messsystem-fuer-den-anlagenbau\/\">Anlagenbau<\/a> sind gute Sichten bei der Vermessung nicht die Regel. Es sind meist mehrere Standorte (Aufstellungen) n\u00f6tig. Durch die Verwendung von <a href=\"https:\/\/www.glm-laser.com\/glm\/optische-vermessungsinstrumente-3\/zubehoer-2\/stative\/\">Industriestativen<\/a> werden einige Probleme schon gel\u00f6st.<\/p>\n<p>Die Wahl der Lage der Standortwechselmarken ist \u00e4u\u00dferst wichtig. Hiermit f\u00e4llt und steigt die G\u00fcte und Geschwindigkeit der Vermessung. Die&nbsp; klassischen Nester&nbsp;sowie Drehzielmarken&nbsp;f\u00fcr den Standortwechsel sto\u00dfen hier an den Rand ihrer M\u00f6glichkeiten.&nbsp;Aus diesem Grund heraus wurden zwei spezielle Adapter f\u00fcr den Standortwechsel entwickelt.<\/p>\n<h2 class=\"wp-block-heading\">Wechselmarken Spezial<\/h2>\n<div class=\"wp-block-image\">\n<figure class=\"alignright is-resized\"><a href=\"https:\/\/www.glm-laser.com\/glm\/wp-content\/uploads\/Wechselmarke-spezial.jpg\" class=\"gallery_colorbox\"><img loading=\"lazy\" decoding=\"async\" src=\"https:\/\/www.glm-laser.com\/glm\/wp-content\/uploads\/Wechselmarke-spezial-1024x735.jpg\"  alt=\"Standortwechselmarke \" class=\"wp-image-6745\" width=\"163\" height=\"117\" srcset=\"https:\/\/www.glm-laser.com\/glm\/wp-content\/uploads\/Wechselmarke-spezial-1024x735.jpg 1024w, https:\/\/www.glm-laser.com\/glm\/wp-content\/uploads\/Wechselmarke-spezial-300x215.jpg 300w, https:\/\/www.glm-laser.com\/glm\/wp-content\/uploads\/Wechselmarke-spezial-768x552.jpg 768w\" sizes=\"(max-width: 163px) 100vw, 163px\" \/><\/a><\/figure>\n<\/div>\n<div class=\"wp-block-image\">\n<figure class=\"alignright is-resized\"><a href=\"https:\/\/www.glm-laser.com\/glm\/wp-content\/uploads\/Wechselmarke-spezial_seite.jpg\" class=\"gallery_colorbox\"><img loading=\"lazy\" decoding=\"async\" src=\"https:\/\/www.glm-laser.com\/glm\/wp-content\/uploads\/Wechselmarke-spezial_seite-621x1024.jpg\"  alt=\"Wechselmarke spezial_seite\" class=\"wp-image-6747\" width=\"81\" height=\"133\" srcset=\"https:\/\/www.glm-laser.com\/glm\/wp-content\/uploads\/Wechselmarke-spezial_seite-621x1024.jpg 621w, https:\/\/www.glm-laser.com\/glm\/wp-content\/uploads\/Wechselmarke-spezial_seite-182x300.jpg 182w, https:\/\/www.glm-laser.com\/glm\/wp-content\/uploads\/Wechselmarke-spezial_seite-768x1266.jpg 768w, https:\/\/www.glm-laser.com\/glm\/wp-content\/uploads\/Wechselmarke-spezial_seite.jpg 1518w\" sizes=\"(max-width: 81px) 100vw, 81px\" \/><\/a><\/figure>\n<\/div>\n<p> Sind keine magnetisch stabilen Fl\u00e4chen vorhanden und ist der Untergrund sehr uneben bietet sich die Verwendung von den Adaptern \u201cWechselmarken spezial\u201d an. Unter Verwendung dieser Adapter erhalten sie ortsstabile Standortwechselpunkte.<\/p>\n<p><strong>Bestellnummer:<\/strong>  OMS5102462 <\/p>\n<div style=\"height:70px\" aria-hidden=\"true\" class=\"wp-block-spacer\"><\/div>\n<h2 class=\"wp-block-heading\">Wechselmarken tempor\u00e4r<\/h2>\n<div class=\"wp-block-image\">\n<figure class=\"alignright is-resized\"><a href=\"https:\/\/www.glm-laser.com\/glm\/wp-content\/uploads\/Absteck-K\u00f6rner-spezial.jpg\" class=\"gallery_colorbox\"><img loading=\"lazy\" decoding=\"async\" src=\"https:\/\/www.glm-laser.com\/glm\/wp-content\/uploads\/Absteck-K\u00f6rner-spezial-1024x922.jpg\"  alt=\"Wechselmarke temp\u00f6r\u00e4r\" class=\"wp-image-6751\" width=\"190\" height=\"171\" srcset=\"https:\/\/www.glm-laser.com\/glm\/wp-content\/uploads\/Absteck-K\u00f6rner-spezial-1024x922.jpg 1024w, https:\/\/www.glm-laser.com\/glm\/wp-content\/uploads\/Absteck-K\u00f6rner-spezial-300x270.jpg 300w, https:\/\/www.glm-laser.com\/glm\/wp-content\/uploads\/Absteck-K\u00f6rner-spezial-768x692.jpg 768w\" sizes=\"(max-width: 190px) 100vw, 190px\" \/><\/a><figcaption>Wechselmarke temp\u00f6r\u00e4r mit K\u00f6rner<\/figcaption><\/figure>\n<\/div>\n<p>Bei sich lange hinziehenden Baustellen kann es sehr sinnvoll sein sich ein Festpunktnetz mit 10-20 fest montierten Nestern zu schaffen. Eine g\u00fcnstigere Variante l\u00e4sst sich mit \u201dWechselmarken tempor\u00e4r\u201d realisieren. Einfach L\u00f6cher [6mm] an die gew\u00fcnschten Positionen auf Metall bohren und am Messtag mit den tempor\u00e4ren Nestern best\u00fccken. Ein Zentrierstift hilft beim Einrichten der einzelnen Punkte. Nach der Messung k\u00f6nnen die magnetischen Nester wieder entnommen werden.<\/p>\n<p><strong>Bestellnummer:<\/strong>   OMS5102461 <\/p>\n<div style=\"height:100px\" aria-hidden=\"true\" class=\"wp-block-spacer\"><\/div>\n<h2 class=\"wp-block-heading\">Standortwechselzielmarke RTKug1.5                                                                                                             <\/h2>\n<div class=\"wp-block-image\">\n<figure class=\"alignright is-resized\"><a href=\"https:\/\/www.glm-laser.com\/glm\/wp-content\/uploads\/RT-Kug.jpg\" class=\"gallery_colorbox\"><img loading=\"lazy\" decoding=\"async\" src=\"https:\/\/www.glm-laser.com\/glm\/wp-content\/uploads\/RT-Kug-922x1024.jpg\"  alt=\"Wechselmarke Kugel\" class=\"wp-image-6749\" width=\"115\" height=\"128\" srcset=\"https:\/\/www.glm-laser.com\/glm\/wp-content\/uploads\/RT-Kug-922x1024.jpg 922w, https:\/\/www.glm-laser.com\/glm\/wp-content\/uploads\/RT-Kug-270x300.jpg 270w, https:\/\/www.glm-laser.com\/glm\/wp-content\/uploads\/RT-Kug-768x853.jpg 768w, https:\/\/www.glm-laser.com\/glm\/wp-content\/uploads\/RT-Kug.jpg 1268w\" sizes=\"(max-width: 115px) 100vw, 115px\" \/><\/a><\/figure>\n<\/div>\n<p>Seit 1991 wird die Standortwechselmarke\u00a0RT50N\u00a0als Standardzielmittel f\u00fcr den Standortwechsel verwendet. In den letzten Jahren wurde die Distanzmessgenauigkeit der\u00a0<a href=\"https:\/\/www.glm-laser.com\/glm\/ueber-glm\/3d-messsysteme\/\">3D-Messsysteme<\/a>\u00a0signifikant verbessert. Mit der RTKug1.5 sind Distanzmessgenauigkeiten (von 1,3m bis 20m Zielweite) von +\/- 2\/10mm zu erwarten.<\/p>\n<p><strong>Bestellnummer:<\/strong>    OMS5101731 <\/p>\n<div style=\"height:100px\" aria-hidden=\"true\" class=\"wp-block-spacer\"><\/div>\n<p>Haben Sie Fragen, oder w\u00fcnschen Sie ein Angebot. Rufen Sie einfach an oder schreiben Sie uns eine E-Mail. Wir beraten Sie gern.<\/p>\n<div class=\"wp-block-image\">\n<figure class=\"alignleft\"><img loading=\"lazy\" decoding=\"async\" width=\"38\" height=\"42\" src=\"https:\/\/www.glm-laser.com\/glm\/wp-content\/uploads\/pdf-icon.png\" alt=\"Download PDF\" class=\"wp-image-958\"\/><\/figure>\n<\/div>\n<p>Prospekt <a href=\"https:\/\/www.glm-laser.com\/glm\/wp-content\/uploads\/adapter_standortwechsel_de.pdf\">Adapter Standortwechsel<\/a><\/p>\n<p>Ben\u00f6tigen Sie weiteres Zubeh\u00f6r? Dann schauen Sie auf unser umfangreiches Angebot, indem Sie <a href=\"https:\/\/www.glm-laser.com\/glm\/optische-vermessungsinstrumente-2\/zubehoer-2\/\"><strong>hier klicken<\/strong><\/a><\/p>\n","protected":false},"excerpt":{"rendered":"<p>Adapter f\u00fcr den Standortwechsel Im Stahl- und Anlagenbau sind gute Sichten bei der Vermessung nicht die Regel. Es sind meist mehrere Standorte (Aufstellungen) n\u00f6tig. Durch die Verwendung von Industriestativen werden einige Probleme schon gel\u00f6st. Die Wahl der Lage der Standortwechselmarken ist \u00e4u\u00dferst wichtig. Hiermit f\u00e4llt und steigt die G\u00fcte und Geschwindigkeit der Vermessung. Die&nbsp; klassischen [&hellip;]<\/p>\n","protected":false},"author":2,"featured_media":0,"parent":703,"menu_order":8,"comment_status":"closed","ping_status":"closed","template":"page_submenu.php","meta":{"footnotes":""},"class_list":["post-4076","page","type-page","status-publish","hentry"],"_links":{"self":[{"href":"https:\/\/www.glm-laser.com\/glm\/wp-json\/wp\/v2\/pages\/4076"}],"collection":[{"href":"https:\/\/www.glm-laser.com\/glm\/wp-json\/wp\/v2\/pages"}],"about":[{"href":"https:\/\/www.glm-laser.com\/glm\/wp-json\/wp\/v2\/types\/page"}],"author":[{"embeddable":true,"href":"https:\/\/www.glm-laser.com\/glm\/wp-json\/wp\/v2\/users\/2"}],"replies":[{"embeddable":true,"href":"https:\/\/www.glm-laser.com\/glm\/wp-json\/wp\/v2\/comments?post=4076"}],"version-history":[{"count":32,"href":"https:\/\/www.glm-laser.com\/glm\/wp-json\/wp\/v2\/pages\/4076\/revisions"}],"predecessor-version":[{"id":9643,"href":"https:\/\/www.glm-laser.com\/glm\/wp-json\/wp\/v2\/pages\/4076\/revisions\/9643"}],"up":[{"embeddable":true,"href":"https:\/\/www.glm-laser.com\/glm\/wp-json\/wp\/v2\/pages\/703"}],"wp:attachment":[{"href":"https:\/\/www.glm-laser.com\/glm\/wp-json\/wp\/v2\/media?parent=4076"}],"curies":[{"name":"wp","href":"https:\/\/api.w.org\/{rel}","templated":true}]}}