{"id":4195,"date":"2018-04-27T15:25:41","date_gmt":"2018-04-27T13:25:41","guid":{"rendered":"https:\/\/www.glm-laser.com\/glm\/?page_id=4195"},"modified":"2022-05-31T17:29:46","modified_gmt":"2022-05-31T15:29:46","slug":"grundlage-der-rahmenvermessung","status":"publish","type":"page","link":"https:\/\/www.glm-laser.com\/glm\/3d-messsysteme-branchen\/messsystem-schienenfahrzeuge\/grundlage-der-rahmenvermessung\/","title":{"rendered":"Grundlage der Rahmenvermessung"},"content":{"rendered":"<h2 class=\"wp-block-heading\">Grund und Grundlage der Rahmenvermessung<\/h2>\n<div class=\"wp-block-image\">\n<figure class=\"alignright\"><a href=\"https:\/\/www.glm-laser.com\/glm\/wp-content\/uploads\/Industrietachymter-NET05AX-II.png\" class=\"gallery_colorbox\"><img loading=\"lazy\" decoding=\"async\" width=\"225\" height=\"300\" src=\"https:\/\/www.glm-laser.com\/glm\/wp-content\/uploads\/Industrietachymter-NET05AX-II-225x300.png\"  alt=\"Grundlage der Rahmenvermessung\" class=\"wp-image-4061\" srcset=\"https:\/\/www.glm-laser.com\/glm\/wp-content\/uploads\/Industrietachymter-NET05AX-II-225x300.png 225w, https:\/\/www.glm-laser.com\/glm\/wp-content\/uploads\/Industrietachymter-NET05AX-II-768x1024.png 768w, https:\/\/www.glm-laser.com\/glm\/wp-content\/uploads\/Industrietachymter-NET05AX-II.png 1181w\" sizes=\"(max-width: 225px) 100vw, 225px\" \/><\/a><figcaption>Industrietachymeter NET05AX II<\/figcaption><\/figure>\n<\/div>\n<p>Die Grundlage der Rahmenvermessung bildet die <a rel=\"noreferrer noopener\" aria-label=\" (\u00f6ffnet in neuem Tab)\" href=\"http:\/\/www.gesetze-im-internet.de\/ebo\/EBO.pdf\" target=\"_blank\">Eisenbahn \u2013Bau- und Betriebsordnung (EBO)<\/a> sowie die <a href=\"https:\/\/www.glm-laser.com\/glm\/3d-messsysteme-branchen\/messsystem-schienenfahrzeuge\/din-27202-10\/\">DIN 27202-10<\/a>. Danach werden Schienenfahrzeuge (Fahrzeug- und <a rel=\"noreferrer noopener\" aria-label=\"Drehgestellrahmen (\u00f6ffnet in neuem Tab)\" href=\"https:\/\/www.glm-laser.com\/glm\/3d-messsysteme-branchen\/messsystem-schienenfahrzeuge\/die-vermessung-von-drehgestellen\/\" target=\"_blank\">Drehgestellrahmen<\/a>) vor erstmaliger Inbetriebnahme geometrisch vermessen. Weiter ist nach Unf\u00e4llen (z.B. Entgleisung oder Kollision) und bestimmten Instandhaltungsstufen (z.B. bei Revision von Nebenfahrzeugen) eine Rahmenvermessung verlangt. <\/p>\n<p>Abh\u00e4ngig von dem Fahrzeugtyp und dem Betreiber gibt es hierzu verschiedene Regelwerke. In Zusammenarbeit mit dem jeweiligen Betreiber und\/oder Fachwerkstatt wird das<a href=\"https:\/\/www.glm-laser.com\/glm\/ueber-glm\/3d-messsysteme\/\"> 3D-Messsystem <\/a>von GLM auf das geltende Regelwerk hin spezifiziert. Das umfasst unter anderem <\/p>\n<ul class=\"wp-block-list\">\n<li>die geometrische Vermessung des Rahmens\n<ul>\n<li>Lage der Messpunkte<\/li>\n<li>Toleranz der Ma\u00dfe<\/li>\n<\/ul>\n<\/li>\n<li>Layout der Dokumentation (Rahmenmessblatt). <\/li>\n<\/ul>\n<p>Bei der Rahmenvermessung werden hierbei die verlangte Lage des Rahmens, die Lage der Messpunkte sowie die Toleranzen ber\u00fccksichtigt. Die Dokumentation der Messdaten wird automatisch in dem verlangten Layout (Digital und\/oder Analog) ausgegeben. <\/p>\n<p>Ein zus\u00e4tzliches Argument das f\u00fcr eine Rahmenvermessung spricht, ist die Kontrolle der Rahmengeometrie. Somit kann z.B. eine Torsion fr\u00fchzeitig erkannt werden, bevor sich diese durch verfr\u00fchten Verschlei\u00df von bestimmten Fahrzeugkomponenten (z.B. Rads\u00e4tze) zeigt. <\/p>\n<p>Die Rahmenvermessung mittels eines <a href=\"https:\/\/www.glm-laser.com\/glm\/ueber-glm\/3d-messsysteme\/\" target=\"_blank\" rel=\"noreferrer noopener\" aria-label=\"3 (\u00f6ffnet in neuem Tab)\">3<\/a><a rel=\"noreferrer noopener\" aria-label=\" (\u00f6ffnet in neuem Tab)\" href=\"https:\/\/www.glm-laser.com\/glm\/ueber-glm\/3d-messsysteme\/\" target=\"_blank\">D-Messsystem<\/a> erm\u00f6glicht dar\u00fcber hinaus die Erfassung von zus\u00e4tzlichen Ma\u00dfen. Diese Bedarfsmessung erfolgt bei Ein- und Ausgangsvermessungen nach einem Unfall. <\/p>\n<p>M\u00f6chten Sie das <a href=\"https:\/\/www.glm-laser.com\/glm\/ueber-glm\/3d-messsysteme\/\" target=\"_blank\" rel=\"noreferrer noopener\" aria-label=\" (\u00f6ffnet in neuem Tab)\">3D-Messsystem<\/a> in Aktion sehen? Dann kontaktieren Sie uns, gerne demonstrieren wir Ihnen das System in Ihrer Werkstatt an einem Fahrzeug und\/oder Drehgestell ihrer Wahl. <\/p>\n","protected":false},"excerpt":{"rendered":"<p>Grund und Grundlage der Rahmenvermessung Die Grundlage der Rahmenvermessung bildet die Eisenbahn \u2013Bau- und Betriebsordnung (EBO) sowie die DIN 27202-10. Danach werden Schienenfahrzeuge (Fahrzeug- und Drehgestellrahmen) vor erstmaliger Inbetriebnahme geometrisch vermessen. Weiter ist nach Unf\u00e4llen (z.B. Entgleisung oder Kollision) und bestimmten Instandhaltungsstufen (z.B. bei Revision von Nebenfahrzeugen) eine Rahmenvermessung verlangt. Abh\u00e4ngig von dem Fahrzeugtyp und [&hellip;]<\/p>\n","protected":false},"author":2,"featured_media":0,"parent":107,"menu_order":1,"comment_status":"closed","ping_status":"closed","template":"page_submenu.php","meta":{"footnotes":""},"class_list":["post-4195","page","type-page","status-publish","hentry"],"_links":{"self":[{"href":"https:\/\/www.glm-laser.com\/glm\/wp-json\/wp\/v2\/pages\/4195"}],"collection":[{"href":"https:\/\/www.glm-laser.com\/glm\/wp-json\/wp\/v2\/pages"}],"about":[{"href":"https:\/\/www.glm-laser.com\/glm\/wp-json\/wp\/v2\/types\/page"}],"author":[{"embeddable":true,"href":"https:\/\/www.glm-laser.com\/glm\/wp-json\/wp\/v2\/users\/2"}],"replies":[{"embeddable":true,"href":"https:\/\/www.glm-laser.com\/glm\/wp-json\/wp\/v2\/comments?post=4195"}],"version-history":[{"count":21,"href":"https:\/\/www.glm-laser.com\/glm\/wp-json\/wp\/v2\/pages\/4195\/revisions"}],"predecessor-version":[{"id":10172,"href":"https:\/\/www.glm-laser.com\/glm\/wp-json\/wp\/v2\/pages\/4195\/revisions\/10172"}],"up":[{"embeddable":true,"href":"https:\/\/www.glm-laser.com\/glm\/wp-json\/wp\/v2\/pages\/107"}],"wp:attachment":[{"href":"https:\/\/www.glm-laser.com\/glm\/wp-json\/wp\/v2\/media?parent=4195"}],"curies":[{"name":"wp","href":"https:\/\/api.w.org\/{rel}","templated":true}]}}