{"id":4264,"date":"2018-07-05T10:59:25","date_gmt":"2018-07-05T08:59:25","guid":{"rendered":"https:\/\/www.glm-laser.com\/glm\/?page_id=4264"},"modified":"2020-11-10T12:02:06","modified_gmt":"2020-11-10T11:02:06","slug":"kleines-industriestativ-mq","status":"publish","type":"page","link":"https:\/\/www.glm-laser.com\/glm\/optische-vermessungsinstrumente-3\/zubehoer-2\/stative\/mq-industriestativ\/kleines-industriestativ-mq\/","title":{"rendered":"Kleines Industriestativ MQ"},"content":{"rendered":"<h1><img loading=\"lazy\" decoding=\"async\" class=\"Kleines Industriestativ MQ alignright wp-image-4265 size-medium\" title=\"Kleines Industriestativ MQ\" src=\"https:\/\/www.glm-laser.com\/glm\/wp-content\/uploads\/Kleines-Industriestativ-298x300.png\" alt=\"Kleines Industriestativ MQ\" width=\"298\" height=\"300\" srcset=\"https:\/\/www.glm-laser.com\/glm\/wp-content\/uploads\/Kleines-Industriestativ-298x300.png 298w, https:\/\/www.glm-laser.com\/glm\/wp-content\/uploads\/Kleines-Industriestativ-150x150.png 150w, https:\/\/www.glm-laser.com\/glm\/wp-content\/uploads\/Kleines-Industriestativ-768x773.png 768w, https:\/\/www.glm-laser.com\/glm\/wp-content\/uploads\/Kleines-Industriestativ-1018x1024.png 1018w, https:\/\/www.glm-laser.com\/glm\/wp-content\/uploads\/Kleines-Industriestativ.png 1316w\" sizes=\"(max-width: 298px) 100vw, 298px\" \/>Kleines Industriestativ MQ<\/h1>\n<p>Ein Industriestativ bildet die Grundlage jedes Messaufbaus im Feld der mobilen Industrievermessung. Nur ein Industriestativ gew\u00e4hrleistet einen stabilen Standpunkt f\u00fcr den Messkopft bzw. Industrietachymeter. Somit f\u00e4llt und steigt die Qualit\u00e4t Ihrer Messergebnise schon mit der Wahl des passenden Statives.<\/p>\n<div class=\"section\">\n<p>Das kleine Industriestativ MQ ist ausgestattet mit Mittenverstrebungen. Die Aufbauh\u00f6he liegt zwischen 55 cm und 93 cm. Der Stativkopf ist abnehmbar (Schraube) und ist ausgestattet mit einer 5\/8\u2033 Aufnahme. Beinauszug und Streben werden mit Klemmhebeln arretiert. Das kleine Industriestativ MQ ist mit Gummi-F\u00fc\u00dfen oder optional mit Stativspitzen ausgestattet. Das Industriestativ kann Aufbauten bis zu 8 kg tragen. Dieses Industriestativ geh\u00f6rt zur Gruppe der Kurbelstative. Es eignet sich hervorragend f\u00fcr <a href=\"https:\/\/www.glm-laser.com\/glm\/ueber-glm\/3d-messsysteme\/\">3D Messsysteme<\/a> in anspruchsvollen Messaufgaben.<\/p>\n<\/div>\n<div class=\"section\">\n<p style=\"text-align: left;\"><strong>Charakteristische Merkmale:<\/strong><\/p>\n<div align=\"justify\">\n<ul style=\"text-align: left;\" type=\"disc\">\n<li>Kurbelstativ mit Mittenverstrebung<\/li>\n<li>Aufbauh\u00f6he von 55 cm bis 93 cm<\/li>\n<li>Beinauszug einfach<\/li>\n<\/ul>\n<p style=\"text-align: left;\"><strong>Weitere Merkmale:<\/strong><\/p>\n<ul style=\"text-align: left;\" type=\"disc\">\n<li>Stativkopf abnehmbar (Klemmschraube)<\/li>\n<li>5\/8\u2033-Aufnahme<\/li>\n<li>Beinauszug und Streben mit Klemmhebel<\/li>\n<li>Gummi-F\u00fc\u00dfe optional Stativspitzen<\/li>\n<li>Gewicht 5 kg<\/li>\n<li>Transportl\u00e4nge 58 cm<\/li>\n<\/ul>\n<p style=\"text-align: left;\"><strong>Geeignet f\u00fcr:<\/strong><\/p>\n<ul>\n<li style=\"text-align: left;\"><a title=\"Sokkia FX Serie\" href=\"https:\/\/www.glm-laser.com\/glm\/optische-vermessungsinstrumente-3\/\">Totalstationen<\/a><\/li>\n<\/ul>\n<\/div>\n<\/div>\n","protected":false},"excerpt":{"rendered":"<p>Kleines Industriestativ MQ Ein Industriestativ bildet die Grundlage jedes Messaufbaus im Feld der mobilen Industrievermessung. Nur ein Industriestativ gew\u00e4hrleistet einen stabilen Standpunkt f\u00fcr den Messkopft bzw. Industrietachymeter. Somit f\u00e4llt und steigt die Qualit\u00e4t Ihrer Messergebnise schon mit der Wahl des passenden Statives. Das kleine Industriestativ MQ ist ausgestattet mit Mittenverstrebungen. Die Aufbauh\u00f6he liegt zwischen 55 [&hellip;]<\/p>\n","protected":false},"author":2,"featured_media":0,"parent":1679,"menu_order":0,"comment_status":"closed","ping_status":"closed","template":"page_submenu.php","meta":{"footnotes":""},"class_list":["post-4264","page","type-page","status-publish","hentry"],"_links":{"self":[{"href":"https:\/\/www.glm-laser.com\/glm\/wp-json\/wp\/v2\/pages\/4264"}],"collection":[{"href":"https:\/\/www.glm-laser.com\/glm\/wp-json\/wp\/v2\/pages"}],"about":[{"href":"https:\/\/www.glm-laser.com\/glm\/wp-json\/wp\/v2\/types\/page"}],"author":[{"embeddable":true,"href":"https:\/\/www.glm-laser.com\/glm\/wp-json\/wp\/v2\/users\/2"}],"replies":[{"embeddable":true,"href":"https:\/\/www.glm-laser.com\/glm\/wp-json\/wp\/v2\/comments?post=4264"}],"version-history":[{"count":9,"href":"https:\/\/www.glm-laser.com\/glm\/wp-json\/wp\/v2\/pages\/4264\/revisions"}],"predecessor-version":[{"id":9544,"href":"https:\/\/www.glm-laser.com\/glm\/wp-json\/wp\/v2\/pages\/4264\/revisions\/9544"}],"up":[{"embeddable":true,"href":"https:\/\/www.glm-laser.com\/glm\/wp-json\/wp\/v2\/pages\/1679"}],"wp:attachment":[{"href":"https:\/\/www.glm-laser.com\/glm\/wp-json\/wp\/v2\/media?parent=4264"}],"curies":[{"name":"wp","href":"https:\/\/api.w.org\/{rel}","templated":true}]}}