{"id":4349,"date":"2019-07-09T18:07:30","date_gmt":"2019-07-09T16:07:30","guid":{"rendered":"https:\/\/www.glm-laser.com\/glm\/?page_id=4349"},"modified":"2021-07-13T09:45:35","modified_gmt":"2021-07-13T07:45:35","slug":"sokkia-ix-serie","status":"publish","type":"page","link":"https:\/\/www.glm-laser.com\/glm\/optische-vermessungsinstrumente-3\/sokkia-ix-serie\/","title":{"rendered":"Sokkia IX Serie"},"content":{"rendered":"<h2 class=\"wp-block-heading\"><strong>Die motorisierte Totalstation IX aus dem Hause Sokkia<\/strong><\/h2>\n<div class=\"wp-block-image Sokkia IX Serie\">\n<figure class=\"alignright\"><img loading=\"lazy\" decoding=\"async\" width=\"300\" height=\"314\" src=\"https:\/\/www.glm-laser.com\/glm\/wp-content\/uploads\/Sokkia-IX-Serie.png\" alt=\"Sokkia IX Serie\" class=\"wp-image-4356\" srcset=\"https:\/\/www.glm-laser.com\/glm\/wp-content\/uploads\/Sokkia-IX-Serie.png 300w, https:\/\/www.glm-laser.com\/glm\/wp-content\/uploads\/Sokkia-IX-Serie-287x300.png 287w\" sizes=\"(max-width: 300px) 100vw, 300px\" \/><\/figure>\n<\/div>\n<p>Bei der Sokkia IX Serie handelt es sich um motorisierte Totalstationen mit integrierter Zielverfolgung auf Prismen. Ihr typisches Einsatzgebiet findet sich in der  klassischen Vermessung. Die Sokkia IX Serie wird seit Anfang 2017 vertrieben und \u00fcberzeugt seitdem durch ihre schnellen  Ultraschallmotoren und geringes Gewicht. Das schlanke und kompakte System ist um ein Drittel kleiner und leichter als bisherige motorisierte Totalstationen. Ultraschallmotoren kommen ohne die klassischen Zahnr\u00e4der und Verschlei\u00dfteile aus und erm\u00f6glichen eine vier Mal h\u00f6here Lebenserwartung. <\/p>\n<p><strong>Charakteristische Merkmale<\/strong><\/p>\n<ul class=\"wp-block-list\">\n<li>Motorisierte Totalstation &#8211; Ultraschallmotoren bis zu 150\u00b0C pro Sekunde <\/li>\n<li>Auto-Pointing (automatische Zielerfassung) auf <a rel=\"noreferrer noopener\" label=\" (\u00f6ffnet in neuem Tab)\" href=\"https:\/\/www.glm-laser.com\/glm\/optische-vermessungsinstrumente-3\/zubehoer-2\/kugelprismen\/\" target=\"_blank\">Prisma<\/a> und <a href=\"https:\/\/www.glm-laser.com\/glm\/optische-vermessungsinstrumente-3\/zubehoer-2\/klebezielmarken\/\" target=\"_blank\" rel=\"noreferrer noopener\" label=\" (\u00f6ffnet in neuem Tab)\">Folie<\/a><\/li>\n<li>Auto-Tracking (Zielverfolgung)<\/li>\n<li>Reflektorlose Distanzmessung<\/li>\n<li>Bluetooth Klasse 1 &#8211; Reichweite im Freien bis zu 100 m<\/li>\n<li><a rel=\"noreferrer noopener\" aria-label=\"IP 65 (\u00f6ffnet in neuem Tab)\" href=\"https:\/\/www.glm-laser.com\/glm\/optische-vermessungsinstrumente-2\/ip-schutzartbezeichnung\/\" target=\"_blank\">IP 65<\/a><\/li>\n<li>drei Messmodi; Fein, Schnell und Tracking<\/li>\n<\/ul>\n<p>Die Sokkia IX Serie gliedert sich in zwei Zweige auf. Die <strong>IX 600<\/strong> und <strong>IX 1200<\/strong> Serie. Unterscheidungen sind wie folgt:<\/p>\n<ul class=\"wp-block-list\">\n<li>Reichweite der Distanzmessung<\/li>\n<li>Anbindung an die RC-PR Einheit. Die <strong>IX 1200<\/strong> Serie kann an die RC-PR 5A Einheit gekoppelt werden, die <strong>IX 600<\/strong> nicht.<\/li>\n<li>Genauigkeit in der Distanzmessung<\/li>\n<li>Geschwindigkeit der Ultraschallmotoren. Die <strong>IX 1200<\/strong> Serie erreicht bis zu 150\u00b0 in der Sekunde, die <strong>IX 600<\/strong> Serie erreicht 85\u00b0 die Sekunde.<\/li>\n<\/ul>\n<p>Die Sokkia IX Serie ist ein optionaler Bestandteil von <a href=\"https:\/\/www.glm-laser.com\/glm\/3d-messsysteme-branchen\/\">3D-Messsystemen<\/a> aus dem Hause GLM. Motorisierte Totalstationen werden, je nach Einsatzgebiet, mit verschiedene Softwaremodule angesteuert. Unter anderem durch:<\/p>\n<ul class=\"wp-block-list\">\n<li><a rel=\"noreferrer noopener\" aria-label=\" (\u00f6ffnet in neuem Tab)\" href=\"https:\/\/www.glm-laser.com\/glm\/software-2\/poket-pc\/3-dim-observer\/\" target=\"_blank\">3 DIM Observer<\/a><\/li>\n<li><a rel=\"noreferrer noopener\" aria-label=\" (\u00f6ffnet in neuem Tab)\" href=\"https:\/\/www.glm-laser.com\/glm\/software-2\/pc-software-2\/3d-vermessung-software\/\" target=\"_blank\">3 DIM PC Basic<\/a><\/li>\n<li><a rel=\"noreferrer noopener\" aria-label=\" (\u00f6ffnet in neuem Tab)\" href=\"https:\/\/www.glm-laser.com\/glm\/software-2\/pc-software-2\/3-dim-pt\/\" target=\"_blank\">3 DIM PT<\/a><\/li>\n<li><a href=\"https:\/\/www.glm-laser.com\/glm\/software-2\/poket-pc\/survce\/\" target=\"_blank\" rel=\"noreferrer noopener\" label=\" (\u00f6ffnet in neuem Tab)\" class=\"broken_link\">Carlson SurvCE und SurvPC<\/a><\/li>\n<\/ul>\n<p>Als Hardware f\u00fcr die Steuersoftware k\u00f6nnen mobile Feldrechner, robuste Tablets oder klassische Laptops verwendet werden. Dies h\u00e4ngt wiederum von dem Einsatzgebiet und der jeweiligen Aufgabenstellung ab.<\/p>\n<div class=\"wp-block-file\"><a href=\"https:\/\/www.glm-laser.com\/glm\/wp-content\/uploads\/ixseries_broch_sok-1037_revd_team_en_us_lores_3.pdf\">Brosch\u00fcre Sokkia iX-1200<\/a><a href=\"https:\/\/www.glm-laser.com\/glm\/wp-content\/uploads\/ixseries_broch_sok-1037_revd_team_en_us_lores_3.pdf\" class=\"wp-block-file__button\" download>Herunterladen<\/a><\/div>\n<div class=\"wp-block-file\"><a href=\"https:\/\/www.glm-laser.com\/glm\/wp-content\/uploads\/ixseries_datasheet_sok-1051_reva_ltr_en_us_lores.pdf\">Datenblatt Sokkia 1200    <\/a><a href=\"https:\/\/www.glm-laser.com\/glm\/wp-content\/uploads\/ixseries_datasheet_sok-1051_reva_ltr_en_us_lores.pdf\" class=\"wp-block-file__button\" download>Herunterladen<\/a><\/div>\n<figure class=\"wp-block-embed-youtube wp-block-embed is-type-video is-provider-youtube wp-embed-aspect-16-9 wp-has-aspect-ratio\">\n<div class=\"wp-block-embed__wrapper\">\n<iframe loading=\"lazy\" title=\"\u30c8\u30d7\u30b3\u30f3 Total Station iX-1200 SOKKIA\" width=\"500\" height=\"281\" src=\"https:\/\/www.youtube.com\/embed\/wACZmutVRBs?feature=oembed\" frameborder=\"0\" allow=\"accelerometer; autoplay; clipboard-write; encrypted-media; gyroscope; picture-in-picture; web-share\" referrerpolicy=\"strict-origin-when-cross-origin\" allowfullscreen><\/iframe>\n<\/div>\n<\/figure>\n<p>Interesse an einen Vor-Ort-Termin. Schreiben Sie uns bitte an &#8211; gerne vereinbaren wir mit Ihnen einen Vorf\u00fchrtermin. <\/p>\n<p style=\"text-align:center\"><a href=\"https:\/\/www.glm-laser.com\/glm\/optische-vermessungsinstrumente-3\/sokkia-ix-serie\/sokkia-ix-1201\/\">iX-1201<\/a> ; <a href=\"https:\/\/www.glm-laser.com\/glm\/optische-vermessungsinstrumente-3\/sokkia-ix-serie\/sokkia-ix-1203\/\">iX-1203<\/a> ; <a href=\"https:\/\/www.glm-laser.com\/glm\/optische-vermessungsinstrumente-3\/sokkia-ix-serie\/sokkia-ix-1205\/\">iX-1205<\/a> ; iX-602 ; iX-603 ; iX-605<\/p>\n","protected":false},"excerpt":{"rendered":"<p>Die motorisierte Totalstation IX aus dem Hause Sokkia Bei der Sokkia IX Serie handelt es sich um motorisierte Totalstationen mit integrierter Zielverfolgung auf Prismen. Ihr typisches Einsatzgebiet findet sich in der klassischen Vermessung. Die Sokkia IX Serie wird seit Anfang 2017 vertrieben und \u00fcberzeugt seitdem durch ihre schnellen Ultraschallmotoren und geringes Gewicht. Das schlanke und [&hellip;]<\/p>\n","protected":false},"author":2,"featured_media":0,"parent":19,"menu_order":2,"comment_status":"closed","ping_status":"closed","template":"page_submenu.php","meta":{"footnotes":""},"class_list":["post-4349","page","type-page","status-publish","hentry"],"_links":{"self":[{"href":"https:\/\/www.glm-laser.com\/glm\/wp-json\/wp\/v2\/pages\/4349"}],"collection":[{"href":"https:\/\/www.glm-laser.com\/glm\/wp-json\/wp\/v2\/pages"}],"about":[{"href":"https:\/\/www.glm-laser.com\/glm\/wp-json\/wp\/v2\/types\/page"}],"author":[{"embeddable":true,"href":"https:\/\/www.glm-laser.com\/glm\/wp-json\/wp\/v2\/users\/2"}],"replies":[{"embeddable":true,"href":"https:\/\/www.glm-laser.com\/glm\/wp-json\/wp\/v2\/comments?post=4349"}],"version-history":[{"count":39,"href":"https:\/\/www.glm-laser.com\/glm\/wp-json\/wp\/v2\/pages\/4349\/revisions"}],"predecessor-version":[{"id":9717,"href":"https:\/\/www.glm-laser.com\/glm\/wp-json\/wp\/v2\/pages\/4349\/revisions\/9717"}],"up":[{"embeddable":true,"href":"https:\/\/www.glm-laser.com\/glm\/wp-json\/wp\/v2\/pages\/19"}],"wp:attachment":[{"href":"https:\/\/www.glm-laser.com\/glm\/wp-json\/wp\/v2\/media?parent=4349"}],"curies":[{"name":"wp","href":"https:\/\/api.w.org\/{rel}","templated":true}]}}