{"id":4431,"date":"2019-07-11T13:49:23","date_gmt":"2019-07-11T11:49:23","guid":{"rendered":"https:\/\/www.glm-laser.com\/glm\/?page_id=4431"},"modified":"2020-11-10T12:04:29","modified_gmt":"2020-11-10T11:04:29","slug":"sokkia-im-100-serie","status":"publish","type":"page","link":"https:\/\/www.glm-laser.com\/glm\/optische-vermessungsinstrumente-3\/sokkia-im-100-serie\/","title":{"rendered":"Sokkia iM-100 Serie"},"content":{"rendered":"<h2 class=\"wp-block-heading\"><strong>Totalstationen der Sokkia iM-100 Serie<\/strong><\/h2>\n<div class=\"wp-block-image Sokkia iM-100 Serie\">\n<figure class=\"alignright\"><img loading=\"lazy\" decoding=\"async\" width=\"300\" height=\"365\" src=\"https:\/\/www.glm-laser.com\/glm\/wp-content\/uploads\/Sokkia-iM-100-Serie.png\" alt=\"Sokkia iM-100 Serie\" class=\"wp-image-4436\" srcset=\"https:\/\/www.glm-laser.com\/glm\/wp-content\/uploads\/Sokkia-iM-100-Serie.png 300w, https:\/\/www.glm-laser.com\/glm\/wp-content\/uploads\/Sokkia-iM-100-Serie-247x300.png 247w\" sizes=\"(max-width: 300px) 100vw, 300px\" \/><\/figure>\n<\/div>\n<p>Die Sokkia iM-100 Serie l\u00f6st seit 2018 die <a href=\"https:\/\/www.glm-laser.com\/glm\/optische-vermessungsinstrumente-3\/uebersicht\/sokkia-cx-serie\/\">CX-10x<\/a> Serie ab. Sie bietet all die erprobten Standardfunktionen seines Vorg\u00e4ngers. Hinzu kommen folgende Neuerungen:<\/p>\n<ul class=\"wp-block-list\">\n<li>Reichweite der reflektorlosen Messung von 500 m auf 800 m erh\u00f6ht<\/li>\n<li>Die Streckenmessgenauigkeit:\n<ul>\n<li>auf Folie und reflektorlos von 3 + 2 ppm auf 2  + 2 ppm verbessert<\/li>\n<li>auf Prismen von 2 + 2 ppm auf  1,5 + 2 ppm  verbessert<\/li>\n<\/ul>\n<\/li>\n<li>Maximale Betriebstemperatur  von 50\u00b0C auf 60\u00b0C erh\u00f6ht<\/li>\n<li>Gr\u00f6\u00dfe und Gewicht reduziert<\/li>\n<\/ul>\n<p>Diese robuste Totalstation (<a href=\"https:\/\/www.glm-laser.com\/glm\/optische-vermessungsinstrumente-2\/ip-schutzartbezeichnung\/\">IP66<\/a>) trotzt extreme Umwelteinfl\u00fcsse und liefert pr\u00e4zise Messergebnisse. In Kombination der Totalstation IM-100 mit der passenden <a href=\"https:\/\/www.glm-laser.com\/glm\/software\/\">Software<\/a> wird sichergestellt, dass alle Messaufgaben pr\u00e4zise und schnell bew\u00e4ltigt werden.<\/p>\n<figure class=\"wp-block-embed-youtube wp-block-embed is-type-video is-provider-youtube Sokkia iM-100 Serie wp-embed-aspect-16-9 wp-has-aspect-ratio\">\n<div class=\"wp-block-embed__wrapper\">\nhttps:\/\/www.youtube.com\/watch?v=sih5rWQ9GTE&#038;list=PLRq4kXcCIRfs1X-JhkJuQk7v-5xRrI1Ny\n<\/div>\n<\/figure>\n<p>Interesse an einer Produktvorf\u00fchrung vor Ort? Dann schreiben Sie uns bitte eine E-Mail. <\/p>\n","protected":false},"excerpt":{"rendered":"<p>Totalstationen der Sokkia iM-100 Serie Die Sokkia iM-100 Serie l\u00f6st seit 2018 die CX-10x Serie ab. Sie bietet all die erprobten Standardfunktionen seines Vorg\u00e4ngers. Hinzu kommen folgende Neuerungen: Reichweite der reflektorlosen Messung von 500 m auf 800 m erh\u00f6ht Die Streckenmessgenauigkeit: auf Folie und reflektorlos von 3 + 2 ppm auf 2 + 2 ppm [&hellip;]<\/p>\n","protected":false},"author":2,"featured_media":0,"parent":19,"menu_order":5,"comment_status":"closed","ping_status":"closed","template":"page_submenu.php","meta":{"footnotes":""},"class_list":["post-4431","page","type-page","status-publish","hentry"],"_links":{"self":[{"href":"https:\/\/www.glm-laser.com\/glm\/wp-json\/wp\/v2\/pages\/4431"}],"collection":[{"href":"https:\/\/www.glm-laser.com\/glm\/wp-json\/wp\/v2\/pages"}],"about":[{"href":"https:\/\/www.glm-laser.com\/glm\/wp-json\/wp\/v2\/types\/page"}],"author":[{"embeddable":true,"href":"https:\/\/www.glm-laser.com\/glm\/wp-json\/wp\/v2\/users\/2"}],"replies":[{"embeddable":true,"href":"https:\/\/www.glm-laser.com\/glm\/wp-json\/wp\/v2\/comments?post=4431"}],"version-history":[{"count":12,"href":"https:\/\/www.glm-laser.com\/glm\/wp-json\/wp\/v2\/pages\/4431\/revisions"}],"predecessor-version":[{"id":9604,"href":"https:\/\/www.glm-laser.com\/glm\/wp-json\/wp\/v2\/pages\/4431\/revisions\/9604"}],"up":[{"embeddable":true,"href":"https:\/\/www.glm-laser.com\/glm\/wp-json\/wp\/v2\/pages\/19"}],"wp:attachment":[{"href":"https:\/\/www.glm-laser.com\/glm\/wp-json\/wp\/v2\/media?parent=4431"}],"curies":[{"name":"wp","href":"https:\/\/api.w.org\/{rel}","templated":true}]}}