{"id":4458,"date":"2019-07-17T15:09:38","date_gmt":"2019-07-17T13:09:38","guid":{"rendered":"https:\/\/www.glm-laser.com\/glm\/?page_id=4458"},"modified":"2021-11-08T15:40:36","modified_gmt":"2021-11-08T14:40:36","slug":"sokkia-ix-1003","status":"publish","type":"page","link":"https:\/\/www.glm-laser.com\/glm\/optische-vermessungsinstrumente-3\/uebersicht\/robotikstation\/sokkia-ix-1003\/","title":{"rendered":"Sokkia iX-1003"},"content":{"rendered":"<h2 class=\"wp-block-heading\"><strong>Sokkia iX-1003 \u2013 motorisierte Totalstation<\/strong><\/h2>\n<div class=\"wp-block-image Sokkia iX-1003\">\n<figure class=\"alignright\"><img loading=\"lazy\" decoding=\"async\" width=\"300\" height=\"314\" src=\"https:\/\/www.glm-laser.com\/glm\/wp-content\/uploads\/Sokkia-IX-Serie.png\" alt=\"Sokkia IX Serie\" class=\"wp-image-4356\" srcset=\"https:\/\/www.glm-laser.com\/glm\/wp-content\/uploads\/Sokkia-IX-Serie.png 300w, https:\/\/www.glm-laser.com\/glm\/wp-content\/uploads\/Sokkia-IX-Serie-287x300.png 287w\" sizes=\"(max-width: 300px) 100vw, 300px\" \/><\/figure>\n<\/div>\n<p>Die motorisierte Totalstation Sokkia iX-1003 wird seit 2017 vertrieben. Sie l\u00f6ste die SX-103T Serie ab. GLM Laserme\u00dftechnik bietet ihnen einen&nbsp;Rundum-Service&nbsp;(Inspektion,&nbsp;Reparatur, Verkauf und Beratung)&nbsp;f\u00fcr die Sokkia iX-1003 an. <\/p>\n<p>Zu Steuerung der Sokkia iX-1003 wird in der Regel ein elektronischer Feldrechner oder ein Tablet verwendet. Selbstverst\u00e4ndlich kann die Totalstation auch \u00fcber On-Bord Software angesteuert werden. Wenn es das Einsatzgebiet fordert, wird die RC-PR5A Einheit als Zubeh\u00f6r empfohlen. <\/p>\n<p><strong>Auszug aus den technischen Daten:<\/strong><\/p>\n<ul class=\"wp-block-list\">\n<li>Vergr\u00f6\u00dferung\/Aufl\u00f6sung: 30x \/ 2,5\u2033<\/li>\n<li>Rotationsgeschwindigkeit: 150\u00b0 pro Sekunde<\/li>\n<li>Winkelmessgenauigkeit: 3\u2033<\/li>\n<li>Streckenmessgenauigkeit:\n<ul>\n<li>Reflektorlos: +\/- (2 + 2ppm) mm<\/li>\n<li>Folie: +\/- (2 + 2ppm) mm<\/li>\n<li>Prisma: +\/- (1 + 2ppm) mm<\/li>\n<li>Staub- und Wasserschutz:\u00a0IP65 <\/li>\n<\/ul>\n<\/li>\n<\/ul>\n<p><strong>Zubeh\u00f6r:<\/strong><\/p>\n<ul class=\"wp-block-list\">\n<li>Dosenlibelle f\u00fcr die Haupteinheit (L08C)<\/li>\n<li>R\u00f6hrenkompass (CP7)<\/li>\n<li>Okularlinse f\u00fcr Teleskop (EL8)\n<ul>\n<li>Vergr\u00f6\u00dferung : 40X<\/li>\n<li>Sehfeld : 1\u00b0 7\u201830\u2033<\/li>\n<\/ul>\n<\/li>\n<li>Diagonalokular (DE30)<\/li>\n<li>Sonnenfilter (OF4)<\/li>\n<li>Schnittstellenkabel DOC210<\/li>\n<li>Fernbedienung (RC-PR5A)<\/li>\n<li>Akku BDC70 <\/li>\n<\/ul>\n<p> W\u00fcnschen Sie weitere Informationen. Gerne pr\u00e4sentieren wir Ihnen die Sokkia iX-1003 im Rahmen eines Termins. Schreiben Sie uns einfach an. <\/p>\n<div class=\"wp-block-file\"><a href=\"https:\/\/www.glm-laser.com\/glm\/wp-content\/uploads\/Sokkia-IX-Serie.pdf\">Prospekt Sokkia iX -1003<\/a><a href=\"https:\/\/www.glm-laser.com\/glm\/wp-content\/uploads\/Sokkia-IX-Serie.pdf\" class=\"wp-block-file__button\" download>Herunterladen<\/a><\/div>\n","protected":false},"excerpt":{"rendered":"<p>Sokkia iX-1003 \u2013 motorisierte Totalstation Die motorisierte Totalstation Sokkia iX-1003 wird seit 2017 vertrieben. Sie l\u00f6ste die SX-103T Serie ab. GLM Laserme\u00dftechnik bietet ihnen einen&nbsp;Rundum-Service&nbsp;(Inspektion,&nbsp;Reparatur, Verkauf und Beratung)&nbsp;f\u00fcr die Sokkia iX-1003 an. Zu Steuerung der Sokkia iX-1003 wird in der Regel ein elektronischer Feldrechner oder ein Tablet verwendet. Selbstverst\u00e4ndlich kann die Totalstation auch \u00fcber On-Bord [&hellip;]<\/p>\n","protected":false},"author":2,"featured_media":0,"parent":9710,"menu_order":0,"comment_status":"closed","ping_status":"closed","template":"page_submenu.php","meta":{"footnotes":""},"class_list":["post-4458","page","type-page","status-publish","hentry"],"_links":{"self":[{"href":"https:\/\/www.glm-laser.com\/glm\/wp-json\/wp\/v2\/pages\/4458"}],"collection":[{"href":"https:\/\/www.glm-laser.com\/glm\/wp-json\/wp\/v2\/pages"}],"about":[{"href":"https:\/\/www.glm-laser.com\/glm\/wp-json\/wp\/v2\/types\/page"}],"author":[{"embeddable":true,"href":"https:\/\/www.glm-laser.com\/glm\/wp-json\/wp\/v2\/users\/2"}],"replies":[{"embeddable":true,"href":"https:\/\/www.glm-laser.com\/glm\/wp-json\/wp\/v2\/comments?post=4458"}],"version-history":[{"count":8,"href":"https:\/\/www.glm-laser.com\/glm\/wp-json\/wp\/v2\/pages\/4458\/revisions"}],"predecessor-version":[{"id":10021,"href":"https:\/\/www.glm-laser.com\/glm\/wp-json\/wp\/v2\/pages\/4458\/revisions\/10021"}],"up":[{"embeddable":true,"href":"https:\/\/www.glm-laser.com\/glm\/wp-json\/wp\/v2\/pages\/9710"}],"wp:attachment":[{"href":"https:\/\/www.glm-laser.com\/glm\/wp-json\/wp\/v2\/media?parent=4458"}],"curies":[{"name":"wp","href":"https:\/\/api.w.org\/{rel}","templated":true}]}}