{"id":4490,"date":"2019-07-23T19:27:55","date_gmt":"2019-07-23T17:27:55","guid":{"rendered":"https:\/\/www.glm-laser.com\/glm\/?page_id=4490"},"modified":"2022-05-31T18:16:24","modified_gmt":"2022-05-31T16:16:24","slug":"vermessung-y-25-dg","status":"publish","type":"page","link":"https:\/\/www.glm-laser.com\/glm\/3d-messsysteme-branchen\/messsystem-schienenfahrzeuge\/die-vermessung-von-drehgestellen\/vermessung-y-25-dg\/","title":{"rendered":"Vermessung Y 25 DG"},"content":{"rendered":"<h2 class=\"wp-block-heading\">Y 25 DG &#8211;  Rahmenvermessung und Dokumentation<\/h2>\n<div class=\"wp-block-image\">\n<figure class=\"alignright is-resized\"><img loading=\"lazy\" decoding=\"async\" src=\"https:\/\/www.glm-laser.com\/glm\/wp-content\/uploads\/Y-25-DG-Vermessung.png\" alt=\"Vermessung y 25 DG\" class=\"wp-image-4488\" width=\"300\" height=\"225\" srcset=\"https:\/\/www.glm-laser.com\/glm\/wp-content\/uploads\/Y-25-DG-Vermessung.png 800w, https:\/\/www.glm-laser.com\/glm\/wp-content\/uploads\/Y-25-DG-Vermessung-300x225.png 300w, https:\/\/www.glm-laser.com\/glm\/wp-content\/uploads\/Y-25-DG-Vermessung-768x575.png 768w\" sizes=\"(max-width: 300px) 100vw, 300px\" \/><\/figure>\n<\/div>\n<p>Am h\u00e4ufigsten trifft die G\u00fcterwageninstandhaltung auf das Drehgestell (kurz DG) der Bauart <a aria-label=\"Y 25 (\u00f6ffnet in neuem Tab)\" rel=\"noreferrer noopener\" href=\"https:\/\/de.wikipedia.org\/wiki\/Drehgestell_Bauart_Y25\" target=\"_blank\">Y 25<\/a>. Dieses DG f\u00fcr G\u00fcterwagen wurde Mitte der 1960er entwickelt und wird bis heute hergestellt. In den ersten Jahren wurde der Rahmen der Drehgestell gegossen, mittlerweile wird die geschwei\u00dfte Version bevorzugt. In den 1990er Jahren hat sich das Y 25 DG endg\u00fcltig durchgesetzt und gilt seitdem als wichtigste Bauform der G\u00fcterwagendrehgestelle.<\/p>\n<p class=\"has-text-align-left\">Die Rahmenvermessung des Y 25 DG ist unter anderem Bestandteil der gro\u00dfen Revision. In den ersten Jahrzehnten wurde dies mit klassischen Lehren und Messschnur umgesetzt. Diese Messmittel sind seit dem neuen Jahrtausend zunehmend durch moderne 3D Messtechnik ersetzt. Die Gr\u00fcnde hierf\u00fcr sind in erster Line die geringeren Durchlaufzeiten, die h\u00f6here Messgenauigkeit sowie die digitale Verwaltung der Messdaten. Zusammengefasst reduzieren 3D Messsysteme die Kosten der DG Vermessung enorm.<\/p>\n<p>Unabh\u00e4ngig der zugrundeliegenden Vorschrift oder Richtlinie sind beispielsweise folgende Ma\u00dfe am Drehgestellrahmen zu erfassen:<\/p>\n<ul class=\"wp-block-list\">\n<li>Torsion, bzw. Verwindung<\/li>\n<li>Diagonalabst\u00e4nde sowie deren Differenz zueinander<\/li>\n<li>L\u00e4ngsabstand der Radsatzlagerf\u00fchrung<\/li>\n<li>Gleitbackenabstand bzw. L\u00e4ngsabstand der Aufnahme der Radsatzf\u00fchrung<\/li>\n<li>Abstand der Radsatzlagerf\u00fchrungen in Querrichtung<\/li>\n<li>H\u00f6he und Lage der Drehpfanne<\/li>\n<li>H\u00f6hedifferenz der Prim\u00e4rfeder und Sekund\u00e4rfeder zueinander<\/li>\n<\/ul>\n<div class=\"wp-block-image\">\n<figure class=\"alignright is-resized\"><img loading=\"lazy\" decoding=\"async\" src=\"https:\/\/www.glm-laser.com\/glm\/wp-content\/uploads\/Vermessung-Y-25-DG.png\" alt=\"Sandgestrahltes Y 25 DG\" class=\"wp-image-4501\" width=\"300\" height=\"105\" srcset=\"https:\/\/www.glm-laser.com\/glm\/wp-content\/uploads\/Vermessung-Y-25-DG.png 900w, https:\/\/www.glm-laser.com\/glm\/wp-content\/uploads\/Vermessung-Y-25-DG-300x105.png 300w, https:\/\/www.glm-laser.com\/glm\/wp-content\/uploads\/Vermessung-Y-25-DG-768x269.png 768w\" sizes=\"(max-width: 300px) 100vw, 300px\" \/><\/figure>\n<\/div>\n<p>Die verschiedenen Regelwerke unterscheiden sich bei der Y 25 DG Rahmenvermessung unter anderem in<\/p>\n<ul class=\"wp-block-list\">\n<li>Anzahl und Lage der Messstellen,<\/li>\n<li>Sollma\u00dfe,<\/li>\n<li>Toleranzfelder,<\/li>\n<li>Ma\u00dfbezeichnung und<\/li>\n<li>Form der Dokumentation.<\/li>\n<\/ul>\n<h3 class=\"wp-block-heading\"><strong>Empfohlene 3D Messtechnik<\/strong><\/h3>\n<p>Das von GLM entwickelte <a aria-label=\"3D Messsystem (\u00f6ffnet in neuem Tab)\" rel=\"noreferrer noopener\" href=\"https:\/\/www.glm-laser.com\/glm\/optical-survey-instruments\/3d-messsysteme\/\" target=\"_blank\">3D Messsystem<\/a> deckt die gesamten Forderungen der Regelwerke an die Rahmenvermessung ab. Aufgrund der digitale Rahmenvermessung und Erzeugung einer Punktwolke wird die Lage des Drehgestells frei gew\u00e4hlt. Bedeutet, es muss nicht in der nivellierten Bezugslage stehen. Weiter sind die Messpunkte von au\u00dfen her abgetastet, somit m\u00fcssen keine Lehren oder sonstige Messmittel am Drehgestellrahmen befestigt sein. Der Drehgestellrahmen kann im etablierten Instandhaltungszyklus vermessen werden. Er muss weder verlagert noch transportiert werden. Die Dokumentation des Messergebnisses kann mit Hilfe von Microsoft Excel erfolgen. Dadurch ist der Anwender flexibel in der Wahl des gew\u00fcnschten Regelwerks und somit des Layouts. F\u00fcr die Verwendung eines 3D Messsystem spricht noch:<\/p>\n<ul class=\"wp-block-list\">\n<li>Die Bedingung durch eine Person<\/li>\n<li>Die Programmoberfl\u00e4che<\/li>\n<li>Die Mobilit\u00e4t<\/li>\n<li>Die hohe Robustheit gegen Umwelteinfl\u00fcsse (IP 65)<\/li>\n<li>\u2026<\/li>\n<\/ul>\n<p>Das 3D Messsystem wird nunmehr seit \u00fcber 25 Jahren erfolgreich vertrieben und st\u00e4ndig weiterentwickelt. Triebfeder hierf\u00fcr sind mit unsere langj\u00e4hren Kunden und Partner, sowie die Erfahrung aus unserer Dienstleistungsvermessung am Y 25 DG.<\/p>\n<p>Haben Sie Interesse an diesem 3D Messsystem. Schreiben Sie<br \/>\nuns bitte an. Wir f\u00fchren Ihnen gerne die 3D Messtechnik in Ihrer Werkstatt vor.<\/p>\n","protected":false},"excerpt":{"rendered":"<p>Y 25 DG &#8211; Rahmenvermessung und Dokumentation Am h\u00e4ufigsten trifft die G\u00fcterwageninstandhaltung auf das Drehgestell (kurz DG) der Bauart Y 25. Dieses DG f\u00fcr G\u00fcterwagen wurde Mitte der 1960er entwickelt und wird bis heute hergestellt. In den ersten Jahren wurde der Rahmen der Drehgestell gegossen, mittlerweile wird die geschwei\u00dfte Version bevorzugt. In den 1990er Jahren [&hellip;]<\/p>\n","protected":false},"author":2,"featured_media":0,"parent":3377,"menu_order":0,"comment_status":"closed","ping_status":"closed","template":"page_submenu.php","meta":{"footnotes":""},"class_list":["post-4490","page","type-page","status-publish","hentry"],"_links":{"self":[{"href":"https:\/\/www.glm-laser.com\/glm\/wp-json\/wp\/v2\/pages\/4490"}],"collection":[{"href":"https:\/\/www.glm-laser.com\/glm\/wp-json\/wp\/v2\/pages"}],"about":[{"href":"https:\/\/www.glm-laser.com\/glm\/wp-json\/wp\/v2\/types\/page"}],"author":[{"embeddable":true,"href":"https:\/\/www.glm-laser.com\/glm\/wp-json\/wp\/v2\/users\/2"}],"replies":[{"embeddable":true,"href":"https:\/\/www.glm-laser.com\/glm\/wp-json\/wp\/v2\/comments?post=4490"}],"version-history":[{"count":18,"href":"https:\/\/www.glm-laser.com\/glm\/wp-json\/wp\/v2\/pages\/4490\/revisions"}],"predecessor-version":[{"id":10188,"href":"https:\/\/www.glm-laser.com\/glm\/wp-json\/wp\/v2\/pages\/4490\/revisions\/10188"}],"up":[{"embeddable":true,"href":"https:\/\/www.glm-laser.com\/glm\/wp-json\/wp\/v2\/pages\/3377"}],"wp:attachment":[{"href":"https:\/\/www.glm-laser.com\/glm\/wp-json\/wp\/v2\/media?parent=4490"}],"curies":[{"name":"wp","href":"https:\/\/api.w.org\/{rel}","templated":true}]}}