{"id":4719,"date":"2020-03-10T10:29:50","date_gmt":"2020-03-10T09:29:50","guid":{"rendered":"https:\/\/www.glm-laser.com\/glm\/?page_id=4719"},"modified":"2021-07-13T10:34:31","modified_gmt":"2021-07-13T08:34:31","slug":"vermessung-von-kranbahnen","status":"publish","type":"page","link":"https:\/\/www.glm-laser.com\/glm\/3d-messsysteme-branchen\/vermessung-von-kranbahnen\/","title":{"rendered":"Kranbahnvermessung"},"content":{"rendered":"<h1 class=\"wp-block-heading\">Vermessung von Kranbahnen nach ISO 12488-1 und VDI 3576  <\/h1>\n<div class=\"wp-block-image\">\n<figure class=\"alignright is-resized\"><a href=\"https:\/\/www.glm-laser.com\/glm\/wp-content\/uploads\/Toleranz-A.jpg\" class=\"gallery_colorbox\"><img loading=\"lazy\" decoding=\"async\" src=\"https:\/\/www.glm-laser.com\/glm\/wp-content\/uploads\/Toleranz-A.jpg\"  alt=\"Kranbahn Toleranz Auswertung\" class=\"wp-image-4728\" width=\"201\" height=\"196\" srcset=\"https:\/\/www.glm-laser.com\/glm\/wp-content\/uploads\/Toleranz-A.jpg 753w, https:\/\/www.glm-laser.com\/glm\/wp-content\/uploads\/Toleranz-A-300x292.jpg 300w\" sizes=\"(max-width: 201px) 100vw, 201px\" \/><\/a><figcaption>Toleranz A Kranbahn<\/figcaption><\/figure>\n<\/div>\n<p>GLM Lasermesstechnik hat ein 3D Messsystem zur Vermessung und Justage von Kranbahnen entwickelt. Die Auswertung orientiert sich an den Normen ISO 12488-1 und VDI 3576 f\u00fcr den Neubau, Umbau und Instandsetzung von Kranbahnen. Die Ergebnisse der Kranbahnvermessung werden mit Hilfe des Softwarepakets (3-DIM Crane) wenige Minuten nach der Erfassung automatisch ausgegeben.  3-DIM Crane besteht aus Microsoft Excel<sup>\u00ae<\/sup> basierenden Anwendung und aus einem Plug-In f\u00fcr <a rel=\"noreferrer noopener\" aria-label=\"Rhino3D (\u00f6ffnet in neuem Tab)\" href=\"https:\/\/www.rhino3d.com\/de\/\" target=\"_blank\">Rhino3D<\/a><sup>\u00ae<\/sup> oder <a rel=\"noreferrer noopener\" aria-label=\"3 DIM PC-Basic (\u00f6ffnet in neuem Tab)\" href=\"https:\/\/www.glm-laser.com\/glm\/software-2\/pc-software-2\/3d-vermessung-software\/\" target=\"_blank\">3 DIM PC-Basic<\/a>. Die Messung erfolgt durch ein 3D-Messsystem mit 3-DIM Observer Motorized.<\/p>\n<p>Das automatisierte Pr\u00fcfprotokoll gibt Aufschluss \u00fcber:<\/p>\n<ul class=\"wp-block-list\">\n<li>Das Spurmittenma\u00df \u201es\u201c &#8211; Toleranz A<\/li>\n<li>Die Lage einer Schiene im Grundriss &#8211; Toleranz B<\/li>\n<li>Die H\u00f6henlage einer Schiene (L\u00e4ngsgef\u00e4lle) &#8211; Toleranz C<\/li>\n<li>Die H\u00f6henlage der Gegenschiene (Quergef\u00e4lle) &#8211; Toleranz E<\/li>\n<li>Die Parallelit\u00e4t der Endanschl\u00e4ge &#8211; Toleranz F<\/li>\n<li>Die Neigungsdifferenz gegen\u00fcberliegender Schienen (Schr\u00e4nkung) \u2013 Toleranz N<\/li>\n<\/ul>\n<div class=\"wp-block-image\">\n<figure class=\"alignright is-resized\"><a href=\"https:\/\/www.glm-laser.com\/glm\/wp-content\/uploads\/Archer-2-Schlitten-SMR-Schienen-ausrichten-5_bearb_2.png\" class=\"gallery_colorbox\"><img loading=\"lazy\" decoding=\"async\" src=\"https:\/\/www.glm-laser.com\/glm\/wp-content\/uploads\/Archer-2-Schlitten-SMR-Schienen-ausrichten-5_bearb_2-1024x607.png\"  alt=\"Messsystem Kranbahnvermessung\" class=\"wp-image-4729\" width=\"221\" height=\"130\" srcset=\"https:\/\/www.glm-laser.com\/glm\/wp-content\/uploads\/Archer-2-Schlitten-SMR-Schienen-ausrichten-5_bearb_2-1024x607.png 1024w, https:\/\/www.glm-laser.com\/glm\/wp-content\/uploads\/Archer-2-Schlitten-SMR-Schienen-ausrichten-5_bearb_2-300x178.png 300w, https:\/\/www.glm-laser.com\/glm\/wp-content\/uploads\/Archer-2-Schlitten-SMR-Schienen-ausrichten-5_bearb_2-768x455.png 768w\" sizes=\"(max-width: 221px) 100vw, 221px\" \/><\/a><\/figure>\n<\/div>\n<p>Bestandteile des Messsystems sind ein <a rel=\"noreferrer noopener\" aria-label=\"motorisierter Industrietachymeter  (\u00f6ffnet in neuem Tab)\" href=\"https:\/\/www.glm-laser.com\/glm\/optische-vermessungsinstrumente-2\/net05ax-ii\/\" target=\"_blank\">motorisierter Industrietachymeter <\/a>(Laserstation), ein Feldrechner oder Tablet und ein mit <a rel=\"noreferrer noopener\" label=\"Kugelreflektoren (\u00f6ffnet in neuem Tab)\" href=\"https:\/\/www.glm-laser.com\/glm\/optische-vermessungsinstrumente-3\/zubehoer-2\/kugelprismen\/\" target=\"_blank\">Kugelreflektoren<\/a> best\u00fcckter Schienenmesswagen. Das <a rel=\"noreferrer noopener\" aria-label=\"3D-Messsystem  (\u00f6ffnet in neuem Tab)\" href=\"https:\/\/www.glm-laser.com\/glm\/ueber-glm\/3d-messsysteme\/\" target=\"_blank\">3D-Messsystem <\/a>zeichnet sich unter anderem aus durch:<\/p>\n<ul class=\"wp-block-list\">\n<li>Messgenauigkeit bis zu:\n<ul>\n<li>L\u00e4ngslage +\/- 0,2 mm<\/li>\n<li>Querlage und H\u00f6he +\/- 0,05 mm<\/li>\n<\/ul>\n<\/li>\n<li>Ein-Mann Betrieb, mobil und leicht zu bedienen<\/li>\n<li>Messkopf verfolgt automatisch die Trackerkugel<\/li>\n<li>Sofortige Korrekturwerte ggf. zur Justierung der Schiene bzw. des Gleises<\/li>\n<li>Robust bei erschwerten Umweltbedingungen (Hohe <a rel=\"noreferrer noopener\" aria-label=\"IP (\u00f6ffnet in neuem Tab)\" href=\"https:\/\/www.glm-laser.com\/glm\/optische-vermessungsinstrumente-2\/ip-schutzartbezeichnung\/\" target=\"_blank\">IP<\/a>)<\/li>\n<li>Minimale Beeintr\u00e4chtigung der Betriebsabl\u00e4ufe<\/li>\n<li>Vermessung im belasteten und unbelasteten Zustand m\u00f6glich<\/li>\n<\/ul>\n<figure class=\"wp-block-image\"><a href=\"https:\/\/www.glm-laser.com\/glm\/wp-content\/uploads\/Kranbahn.jpg\" class=\"gallery_colorbox\"><img loading=\"lazy\" decoding=\"async\" width=\"1024\" height=\"598\" src=\"https:\/\/www.glm-laser.com\/glm\/wp-content\/uploads\/Kranbahn-1024x598.jpg\"  alt=\"Kranbahn 3D Auswertung\" class=\"wp-image-4727\" srcset=\"https:\/\/www.glm-laser.com\/glm\/wp-content\/uploads\/Kranbahn-1024x598.jpg 1024w, https:\/\/www.glm-laser.com\/glm\/wp-content\/uploads\/Kranbahn-300x175.jpg 300w, https:\/\/www.glm-laser.com\/glm\/wp-content\/uploads\/Kranbahn-768x449.jpg 768w, https:\/\/www.glm-laser.com\/glm\/wp-content\/uploads\/Kranbahn.jpg 1818w\" sizes=\"(max-width: 1024px) 100vw, 1024px\" \/><\/a><\/figure>\n<p>Dank der visuellen Darstellungen k\u00f6nnen die ersten Ergebnisse k\u00f6nnen gleich vor Ort besprochen werden.<\/p>\n","protected":false},"excerpt":{"rendered":"<p>Vermessung von Kranbahnen nach ISO 12488-1 und VDI 3576 GLM Lasermesstechnik hat ein 3D Messsystem zur Vermessung und Justage von Kranbahnen entwickelt. Die Auswertung orientiert sich an den Normen ISO 12488-1 und VDI 3576 f\u00fcr den Neubau, Umbau und Instandsetzung von Kranbahnen. Die Ergebnisse der Kranbahnvermessung werden mit Hilfe des Softwarepakets (3-DIM Crane) wenige Minuten [&hellip;]<\/p>\n","protected":false},"author":4,"featured_media":0,"parent":15,"menu_order":5,"comment_status":"closed","ping_status":"closed","template":"page_submenu.php","meta":{"footnotes":""},"class_list":["post-4719","page","type-page","status-publish","hentry"],"_links":{"self":[{"href":"https:\/\/www.glm-laser.com\/glm\/wp-json\/wp\/v2\/pages\/4719"}],"collection":[{"href":"https:\/\/www.glm-laser.com\/glm\/wp-json\/wp\/v2\/pages"}],"about":[{"href":"https:\/\/www.glm-laser.com\/glm\/wp-json\/wp\/v2\/types\/page"}],"author":[{"embeddable":true,"href":"https:\/\/www.glm-laser.com\/glm\/wp-json\/wp\/v2\/users\/4"}],"replies":[{"embeddable":true,"href":"https:\/\/www.glm-laser.com\/glm\/wp-json\/wp\/v2\/comments?post=4719"}],"version-history":[{"count":53,"href":"https:\/\/www.glm-laser.com\/glm\/wp-json\/wp\/v2\/pages\/4719\/revisions"}],"predecessor-version":[{"id":9878,"href":"https:\/\/www.glm-laser.com\/glm\/wp-json\/wp\/v2\/pages\/4719\/revisions\/9878"}],"up":[{"embeddable":true,"href":"https:\/\/www.glm-laser.com\/glm\/wp-json\/wp\/v2\/pages\/15"}],"wp:attachment":[{"href":"https:\/\/www.glm-laser.com\/glm\/wp-json\/wp\/v2\/media?parent=4719"}],"curies":[{"name":"wp","href":"https:\/\/api.w.org\/{rel}","templated":true}]}}