{"id":5838,"date":"2020-07-23T12:24:29","date_gmt":"2020-07-23T10:24:29","guid":{"rendered":"https:\/\/www.glm-laser.com\/glm\/?page_id=5838"},"modified":"2020-07-23T13:01:15","modified_gmt":"2020-07-23T11:01:15","slug":"ril-804-5202","status":"publish","type":"page","link":"https:\/\/www.glm-laser.com\/glm\/3d-messsysteme-branchen\/vermessung-stahlbau\/ril-804-5202\/","title":{"rendered":"Ril 804.5202"},"content":{"rendered":"<h1 class=\"wp-block-heading\">Ril 804.5202<\/h1>\n<p>Der \u00dcbergang vom starren Br\u00fcckenbauwerk zum elastischen Erdbauwerk ist besonderen Lasteinwirkungen ausgesetzt. Daher werden spezielle Ausgleichplatten eingesetzt, die die Spannungen und auftretenden Kr\u00e4fte begrenzen. Hierbei kommt es auf die exakte Ma\u00dfhaltigkeit bei der Fertigung und auch bei der \u00dcberpr\u00fcfung (Revision) gem\u00e4\u00df Ril 804.5202 an. Mit einem 3D Messsystem von GLM lassen sich diese Anforderung evaluieren und dokumentieren.<\/p>\n<figure class=\"wp-block-image\"><img loading=\"lazy\" decoding=\"async\" width=\"585\" height=\"247\" src=\"https:\/\/www.glm-laser.com\/glm\/wp-content\/uploads\/RIL8045202.jpg\" alt=\"Ril 8045202\" class=\"wp-image-5839\" srcset=\"https:\/\/www.glm-laser.com\/glm\/wp-content\/uploads\/RIL8045202.jpg 585w, https:\/\/www.glm-laser.com\/glm\/wp-content\/uploads\/RIL8045202-300x127.jpg 300w\" sizes=\"(max-width: 585px) 100vw, 585px\" \/><\/figure>\n","protected":false},"excerpt":{"rendered":"<p>Ril 804.5202 Der \u00dcbergang vom starren Br\u00fcckenbauwerk zum elastischen Erdbauwerk ist besonderen Lasteinwirkungen ausgesetzt. Daher werden spezielle Ausgleichplatten eingesetzt, die die Spannungen und auftretenden Kr\u00e4fte begrenzen. Hierbei kommt es auf die exakte Ma\u00dfhaltigkeit bei der Fertigung und auch bei der \u00dcberpr\u00fcfung (Revision) gem\u00e4\u00df Ril 804.5202 an. Mit einem 3D Messsystem von GLM lassen sich diese [&hellip;]<\/p>\n","protected":false},"author":4,"featured_media":0,"parent":1482,"menu_order":0,"comment_status":"closed","ping_status":"closed","template":"page_submenu.php","meta":{"footnotes":""},"class_list":["post-5838","page","type-page","status-publish","hentry"],"_links":{"self":[{"href":"https:\/\/www.glm-laser.com\/glm\/wp-json\/wp\/v2\/pages\/5838"}],"collection":[{"href":"https:\/\/www.glm-laser.com\/glm\/wp-json\/wp\/v2\/pages"}],"about":[{"href":"https:\/\/www.glm-laser.com\/glm\/wp-json\/wp\/v2\/types\/page"}],"author":[{"embeddable":true,"href":"https:\/\/www.glm-laser.com\/glm\/wp-json\/wp\/v2\/users\/4"}],"replies":[{"embeddable":true,"href":"https:\/\/www.glm-laser.com\/glm\/wp-json\/wp\/v2\/comments?post=5838"}],"version-history":[{"count":1,"href":"https:\/\/www.glm-laser.com\/glm\/wp-json\/wp\/v2\/pages\/5838\/revisions"}],"predecessor-version":[{"id":5841,"href":"https:\/\/www.glm-laser.com\/glm\/wp-json\/wp\/v2\/pages\/5838\/revisions\/5841"}],"up":[{"embeddable":true,"href":"https:\/\/www.glm-laser.com\/glm\/wp-json\/wp\/v2\/pages\/1482"}],"wp:attachment":[{"href":"https:\/\/www.glm-laser.com\/glm\/wp-json\/wp\/v2\/media?parent=5838"}],"curies":[{"name":"wp","href":"https:\/\/api.w.org\/{rel}","templated":true}]}}