{"id":591,"date":"2016-04-05T15:03:53","date_gmt":"2016-04-05T13:03:53","guid":{"rendered":"http:\/\/www.glm-laser.com\/?page_id=591"},"modified":"2020-11-10T12:02:05","modified_gmt":"2020-11-10T11:02:05","slug":"3d-vermessung-software","status":"publish","type":"page","link":"https:\/\/www.glm-laser.com\/glm\/software-2\/pc-software-2\/3d-vermessung-software\/","title":{"rendered":"3-DIM PC-Basic"},"content":{"rendered":"<h1 class=\"wp-block-heading\">Software zur 3d-Vermessung<\/h1>\n<h1 class=\"wp-block-heading\">3-DIM PC-Basic<\/h1>\n<div class=\"wp-block-image\">\n<figure class=\"alignright is-resized\"><a href=\"https:\/\/www.glm-laser.com\/glm\/wp-content\/uploads\/3dimv5_screenshot1-1.jpg\" class=\"gallery_colorbox\" target=\"_blank\" rel=\"noreferrer noopener\"><img loading=\"lazy\" decoding=\"async\" src=\"https:\/\/www.glm-laser.com\/glm\/wp-content\/uploads\/3dimv5_screenshot1-1.jpg\"  alt=\"3dimv5_screenshot1\" class=\"wp-image-621\" width=\"188\" height=\"131\" srcset=\"https:\/\/www.glm-laser.com\/glm\/wp-content\/uploads\/3dimv5_screenshot1-1.jpg 593w, https:\/\/www.glm-laser.com\/glm\/wp-content\/uploads\/3dimv5_screenshot1-1-300x210.jpg 300w\" sizes=\"(max-width: 188px) 100vw, 188px\" \/><\/a><\/figure>\n<\/div>\n<p>3-DIM ist eine exzellente Software zur 3D-Vermessung f\u00fcr Aufgaben in der Industrie. F\u00fcr Schiffbauer, Eisenbahner, Br\u00fcckenbauer und viele mehr ist 3-DIM ein unverzichtbares Werkzeug f\u00fcr die Vorbereitung und Dokumentation von Geometrievermessungen.<br \/>Seit der ersten Version in 1993 wurde 3-DIM kontinuierlich weiterentwickelt, angeregt durch unsere Kunden und durch die Erfahrungen des GLM Industrie-Vermessungsteams.<\/p>\n<p><strong>Flexibel<\/strong><\/p>\n<div class=\"wp-block-image\">\n<figure class=\"alignright\"><img loading=\"lazy\" decoding=\"async\" width=\"194\" height=\"88\" src=\"https:\/\/www.glm-laser.com\/glm\/wp-content\/uploads\/3_dim_pc_basic-1.jpg\" alt=\"3_dim_pc_basic\" class=\"wp-image-618\"\/><\/figure>\n<\/div>\n<p>3-DIM unterst\u00fctzt verschiedene Arbeitsweisen:<\/p>\n<ul class=\"wp-block-list\">\n<li>Vermessung individueller Objekte ohne Pr\u00fcfplanung (Freies Messen)<\/li>\n<li>Solldatenmessung mit sofortiger Visualisierung der Soll-Ist Abweichung.<\/li>\n<li>Toleranz\u00fcberschreitungen werden besonders hervorgehoben.<\/li>\n<li>CAD Daten k\u00f6nnen aus\u00a0<a href=\"http:\/\/www.rhino3d.de\/\">Rhino3D<\/a>\u00a0importiert werden<\/li>\n<li>Messung basierend auf Vorlagen beschleunigt wiederkehrende Messvorg\u00e4nge (Serienfertigung). Software Macros erlauben die automatische Festlegung des Koordinatenbezugs und die Berechnung der Ma\u00dfe<\/li>\n<li>3-DIM unterst\u00fctzt die direkte Steuerung des\u00a0<a href=\"https:\/\/www.glm-laser.com\/glm\/optische-vermessungsinstrumente-3\/\">Instrumentes<\/a>\u00a0oder den Datenaustausch mit\u00a0<a href=\"https:\/\/www.glm-laser.com\/glm\/software-2\/poket-pc\/3-dim-observer\/\">3-Dim Observer<\/a>.<\/li>\n<li>Koordinatensystem kann zu jeder Zeit auf vielf\u00e4ltige Weise festgelegt und ver\u00e4ndert werden<\/li>\n<\/ul>\n<p><strong>Perfekte Visualisierung<br \/><\/strong><\/p>\n<ul class=\"wp-block-list\">\n<li>Grafische und numerische Anzeige der Daten<\/li>\n<li>Fehlervektoren zeigen Gr\u00f6\u00dfe und Richtung der Abweichung<\/li>\n<\/ul>\n<p><strong>Weitere Datenverarbeitung<br \/><\/strong><\/p>\n<ul class=\"wp-block-list\">\n<li>Die eingebaute Datenbank erlaubt den Austausch der Daten im Netzwerk<\/li>\n<li>Export nach ASCII, Excel, Rhino3D<\/li>\n<li>Import nahezu beliebiger Datenformate aus ASCII Dateien.<\/li>\n<\/ul>\n<p>Haben Sie weitere Fragen? Rufen Sie einfach an, oder senden uns eine E-Mail.<\/p>\n","protected":false},"excerpt":{"rendered":"<p>Software zur 3d-Vermessung 3-DIM PC-Basic 3-DIM ist eine exzellente Software zur 3D-Vermessung f\u00fcr Aufgaben in der Industrie. F\u00fcr Schiffbauer, Eisenbahner, Br\u00fcckenbauer und viele mehr ist 3-DIM ein unverzichtbares Werkzeug f\u00fcr die Vorbereitung und Dokumentation von Geometrievermessungen.Seit der ersten Version in 1993 wurde 3-DIM kontinuierlich weiterentwickelt, angeregt durch unsere Kunden und durch die Erfahrungen des GLM [&hellip;]<\/p>\n","protected":false},"author":1,"featured_media":0,"parent":146,"menu_order":1,"comment_status":"closed","ping_status":"closed","template":"page_submenu.php","meta":{"footnotes":""},"class_list":["post-591","page","type-page","status-publish","hentry"],"_links":{"self":[{"href":"https:\/\/www.glm-laser.com\/glm\/wp-json\/wp\/v2\/pages\/591"}],"collection":[{"href":"https:\/\/www.glm-laser.com\/glm\/wp-json\/wp\/v2\/pages"}],"about":[{"href":"https:\/\/www.glm-laser.com\/glm\/wp-json\/wp\/v2\/types\/page"}],"author":[{"embeddable":true,"href":"https:\/\/www.glm-laser.com\/glm\/wp-json\/wp\/v2\/users\/1"}],"replies":[{"embeddable":true,"href":"https:\/\/www.glm-laser.com\/glm\/wp-json\/wp\/v2\/comments?post=591"}],"version-history":[{"count":25,"href":"https:\/\/www.glm-laser.com\/glm\/wp-json\/wp\/v2\/pages\/591\/revisions"}],"predecessor-version":[{"id":9541,"href":"https:\/\/www.glm-laser.com\/glm\/wp-json\/wp\/v2\/pages\/591\/revisions\/9541"}],"up":[{"embeddable":true,"href":"https:\/\/www.glm-laser.com\/glm\/wp-json\/wp\/v2\/pages\/146"}],"wp:attachment":[{"href":"https:\/\/www.glm-laser.com\/glm\/wp-json\/wp\/v2\/media?parent=591"}],"curies":[{"name":"wp","href":"https:\/\/api.w.org\/{rel}","templated":true}]}}