{"id":6,"date":"2015-06-11T08:52:44","date_gmt":"2015-06-11T06:52:44","guid":{"rendered":"http:\/\/www.glm-laser.com\/?page_id=6"},"modified":"2025-06-30T10:56:41","modified_gmt":"2025-06-30T08:56:41","slug":"impressum","status":"publish","type":"page","link":"https:\/\/www.glm-laser.com\/glm\/ueber-glm\/kontakt\/impressum\/","title":{"rendered":"Impressum"},"content":{"rendered":"<p><img loading=\"lazy\" decoding=\"async\" class=\" size-medium wp-image-188 alignright\" src=\"https:\/\/www.glm-laser.com\/glm\/wp-content\/uploads\/Gebaeude-Lasermesstechnik-GLM-300x225.jpg\" alt=\"Gebaeude-Lasermesstechnik-GLM\" width=\"300\" height=\"225\" srcset=\"https:\/\/www.glm-laser.com\/glm\/wp-content\/uploads\/Gebaeude-Lasermesstechnik-GLM-300x225.jpg 300w, https:\/\/www.glm-laser.com\/glm\/wp-content\/uploads\/Gebaeude-Lasermesstechnik-GLM.jpg 500w\" sizes=\"(max-width: 300px) 100vw, 300px\" \/><\/p>\n<h1>Impressum<\/h1>\n<p>GLM Laserme\u00dftechnik GmbH<br \/>Stockumer Stra\u00dfe 28<br \/>58453 Witten<br \/>Phone: +49 2302 20 399 30<br \/>Fax: +49 2302 20 399 51<br \/>E-Mail: info@glm-laser.com<br \/>Internet: <a href=\"https:\/\/www.glm-laser.com\/\">https:\/\/www.glm-laser.com\/<\/a><br \/>GLM Laserme\u00dftechnik GmbH: Gesch\u00e4ftsf\u00fchrer:\u00a0 Michael Berthold, Guntram Meyers, Sebastian Watolla<\/p>\n<p>Registergericht: Amtsgericht Bochum<br \/>Handelsregisternummer: HRB 4885<\/p>\n<p><em>Umsatzsteuer-Identifikationsnummer <\/em>(VAT identification number) gem\u00e4\u00df \u00a7 27a des <em>Umsatzsteuergesetz<\/em>: DE208351333<\/p><\/p>\n","protected":false},"excerpt":{"rendered":"<p>Impressum GLM Laserme\u00dftechnik GmbHStockumer Stra\u00dfe 2858453 WittenPhone: +49 2302 20 399 30Fax: +49 2302 20 399 51E-Mail: info@glm-laser.comInternet: https:\/\/www.glm-laser.com\/GLM Laserme\u00dftechnik GmbH: Gesch\u00e4ftsf\u00fchrer:\u00a0 Michael Berthold, Guntram Meyers, Sebastian Watolla Registergericht: Amtsgericht BochumHandelsregisternummer: HRB 4885 Umsatzsteuer-Identifikationsnummer (VAT identification number) gem\u00e4\u00df \u00a7 27a des Umsatzsteuergesetz: DE208351333<\/p>\n","protected":false},"author":1,"featured_media":0,"parent":21,"menu_order":5,"comment_status":"open","ping_status":"open","template":"","meta":{"footnotes":""},"class_list":["post-6","page","type-page","status-publish","hentry"],"_links":{"self":[{"href":"https:\/\/www.glm-laser.com\/glm\/wp-json\/wp\/v2\/pages\/6"}],"collection":[{"href":"https:\/\/www.glm-laser.com\/glm\/wp-json\/wp\/v2\/pages"}],"about":[{"href":"https:\/\/www.glm-laser.com\/glm\/wp-json\/wp\/v2\/types\/page"}],"author":[{"embeddable":true,"href":"https:\/\/www.glm-laser.com\/glm\/wp-json\/wp\/v2\/users\/1"}],"replies":[{"embeddable":true,"href":"https:\/\/www.glm-laser.com\/glm\/wp-json\/wp\/v2\/comments?post=6"}],"version-history":[{"count":15,"href":"https:\/\/www.glm-laser.com\/glm\/wp-json\/wp\/v2\/pages\/6\/revisions"}],"predecessor-version":[{"id":10330,"href":"https:\/\/www.glm-laser.com\/glm\/wp-json\/wp\/v2\/pages\/6\/revisions\/10330"}],"up":[{"embeddable":true,"href":"https:\/\/www.glm-laser.com\/glm\/wp-json\/wp\/v2\/pages\/21"}],"wp:attachment":[{"href":"https:\/\/www.glm-laser.com\/glm\/wp-json\/wp\/v2\/media?parent=6"}],"curies":[{"name":"wp","href":"https:\/\/api.w.org\/{rel}","templated":true}]}}