{"id":6045,"date":"2020-08-11T10:48:10","date_gmt":"2020-08-11T08:48:10","guid":{"rendered":"https:\/\/www.glm-laser.com\/glm\/?page_id=6045"},"modified":"2020-08-11T11:12:14","modified_gmt":"2020-08-11T09:12:14","slug":"offshore-2","status":"publish","type":"page","link":"https:\/\/www.glm-laser.com\/glm\/3d-messsysteme-branchen\/offshore-2\/","title":{"rendered":"Offshore"},"content":{"rendered":"<h1 class=\"wp-block-heading\">Offshore<\/h1>\n<div class=\"wp-block-image\">\n<figure class=\"alignright is-resized\"><img loading=\"lazy\" decoding=\"async\" src=\"https:\/\/www.glm-laser.com\/glm\/wp-content\/uploads\/Offshore-1024x843.jpg\" alt=\"\" class=\"wp-image-6048\" width=\"261\" height=\"215\" srcset=\"https:\/\/www.glm-laser.com\/glm\/wp-content\/uploads\/Offshore-1024x843.jpg 1024w, https:\/\/www.glm-laser.com\/glm\/wp-content\/uploads\/Offshore-300x247.jpg 300w, https:\/\/www.glm-laser.com\/glm\/wp-content\/uploads\/Offshore-768x632.jpg 768w, https:\/\/www.glm-laser.com\/glm\/wp-content\/uploads\/Offshore.jpg 1047w\" sizes=\"(max-width: 261px) 100vw, 261px\" \/><\/figure>\n<\/div>\n<p>Konstruktionen im Offshore Bereich sind sehr vielf\u00e4ltig und anspruchsvoll. Wegen der besonderen Herausforderungen auf hoher See nimmt die 3D Vermessung hier eine Schl\u00fcsselrolle ein. Nur der Einsatz eines 3D Messsystems garantiert eine exakte Montage und pr\u00e4zise Justierung sowie eine effiziente Kontrolle der Geometrie, denn Nacharbeiten k\u00f6nnen auf hoher See nicht mehr durchgef\u00fchrt werden. <\/p>\n<p>Die modernen Tachymeter von <a href=\"https:\/\/www.glm-laser.com\/glm\/optische-vermessungsinstrumente-2\/net05ax-ii\/\">Sokkia <\/a>sind speziell f\u00fcr den Einsatz bei rauen Bedingungen entwickelt worden. Normalerweise gew\u00e4hrleistet der zwei-Achsen-Kompensator immer eine stabile Messung. Durch die Bewegungen auf hoher See ist dies allerdings nicht m\u00f6glich. Mit unser <a href=\"https:\/\/www.glm-laser.com\/glm\/software-2\/\">3 DIM Software<\/a> k\u00f6nnen Sie auch Messungen mit ausgeschaltetem Kompensator stabil und hochgenau durchf\u00fchren.<\/p>\n<h3 class=\"wp-block-heading\">Der Anwendungsbereich umfasst unter anderem:<\/h3>\n<ul class=\"wp-block-list\">\n<li><a href=\"https:\/\/www.glm-laser.com\/glm\/3d-messsysteme-branchen\/wind\/\">Offshore Windenergie<\/a><\/li>\n<li>\u00d6l- und Gasindustrie<\/li>\n<li>Offshore Bauwesen<\/li>\n<li>Hochsee Schifffahrt<\/li>\n<\/ul>\n","protected":false},"excerpt":{"rendered":"<p>Offshore Konstruktionen im Offshore Bereich sind sehr vielf\u00e4ltig und anspruchsvoll. Wegen der besonderen Herausforderungen auf hoher See nimmt die 3D Vermessung hier eine Schl\u00fcsselrolle ein. Nur der Einsatz eines 3D Messsystems garantiert eine exakte Montage und pr\u00e4zise Justierung sowie eine effiziente Kontrolle der Geometrie, denn Nacharbeiten k\u00f6nnen auf hoher See nicht mehr durchgef\u00fchrt werden. Die [&hellip;]<\/p>\n","protected":false},"author":4,"featured_media":0,"parent":15,"menu_order":4,"comment_status":"closed","ping_status":"closed","template":"page_submenu.php","meta":{"footnotes":""},"class_list":["post-6045","page","type-page","status-publish","hentry"],"_links":{"self":[{"href":"https:\/\/www.glm-laser.com\/glm\/wp-json\/wp\/v2\/pages\/6045"}],"collection":[{"href":"https:\/\/www.glm-laser.com\/glm\/wp-json\/wp\/v2\/pages"}],"about":[{"href":"https:\/\/www.glm-laser.com\/glm\/wp-json\/wp\/v2\/types\/page"}],"author":[{"embeddable":true,"href":"https:\/\/www.glm-laser.com\/glm\/wp-json\/wp\/v2\/users\/4"}],"replies":[{"embeddable":true,"href":"https:\/\/www.glm-laser.com\/glm\/wp-json\/wp\/v2\/comments?post=6045"}],"version-history":[{"count":7,"href":"https:\/\/www.glm-laser.com\/glm\/wp-json\/wp\/v2\/pages\/6045\/revisions"}],"predecessor-version":[{"id":6055,"href":"https:\/\/www.glm-laser.com\/glm\/wp-json\/wp\/v2\/pages\/6045\/revisions\/6055"}],"up":[{"embeddable":true,"href":"https:\/\/www.glm-laser.com\/glm\/wp-json\/wp\/v2\/pages\/15"}],"wp:attachment":[{"href":"https:\/\/www.glm-laser.com\/glm\/wp-json\/wp\/v2\/media?parent=6045"}],"curies":[{"name":"wp","href":"https:\/\/api.w.org\/{rel}","templated":true}]}}