{"id":6217,"date":"2020-10-08T12:48:14","date_gmt":"2020-10-08T10:48:14","guid":{"rendered":"https:\/\/www.glm-laser.com\/glm\/?page_id=6217"},"modified":"2020-11-10T12:03:01","modified_gmt":"2020-11-10T11:03:01","slug":"sokkia-digitalnivellier","status":"publish","type":"page","link":"https:\/\/www.glm-laser.com\/glm\/optische-vermessungsinstrumente-3\/sokkia-digitalnivellier\/","title":{"rendered":"Sokkia Digitalnivellier"},"content":{"rendered":"<h1 class=\"wp-block-heading\">Sokkia Digitalnivellier<\/h1>\n<div class=\"wp-block-image\">\n<figure class=\"alignright\"><a href=\"https:\/\/www.glm-laser.com\/glm\/wp-content\/uploads\/SDL50.jpg\" class=\"gallery_colorbox\"><img loading=\"lazy\" decoding=\"async\" width=\"200\" height=\"185\" src=\"https:\/\/www.glm-laser.com\/glm\/wp-content\/uploads\/SDL50.jpg\"  alt=\"SDL50\" class=\"wp-image-2243\"\/><\/a><\/figure>\n<\/div>\n<p>Die Digitalnivelliere von Sokkia maximieren die Arbeitseffizienz und minimieren menschliche Fehler, indem sie unabh\u00e4ngig vom Kenntnisstand des Bedieners eine gleichbleibende Messgenauigkeit und -geschwindigkeit bieten.<\/p>\n<p>Dank modernster RAB-Kodierungstechnologie (Random-Bidirec-tional) und einem optimalen digitalen Verarbeitungsalgorithmus bietet die Sokkia Digitalnivelliere unter verschiedenen Umgebungsbedingungen eine au\u00dfergew\u00f6hnliche Messgenauigkeit, Stabilit\u00e4t und Geschwindigkeit. Selbst bei teilweiser Abschattung der Staboberfl\u00e4che oder bei schwachen Lichtverh\u00e4ltnissen l\u00f6st eine einzige Taste die Messung aus, und der das Digitalnivellier zeichnet sofort zuverl\u00e4ssige Ergebnisse auf.<\/p>\n<ul class=\"wp-block-list\">\n<li><a href=\"https:\/\/www.glm-laser.com\/glm\/optische-vermessungsinstrumente-3\/sokkia-digitalnivellier\/sokkia-sdl1x\/\">Sokkia SDL1X<\/a><\/li>\n<li><a href=\"https:\/\/www.glm-laser.com\/glm\/optische-vermessungsinstrumente-3\/sokkia-digitalnivellier\/sokkia-sdl\/\">Sokkia SDL30\/50<\/a><\/li>\n<\/ul>\n","protected":false},"excerpt":{"rendered":"<p>Sokkia Digitalnivellier Die Digitalnivelliere von Sokkia maximieren die Arbeitseffizienz und minimieren menschliche Fehler, indem sie unabh\u00e4ngig vom Kenntnisstand des Bedieners eine gleichbleibende Messgenauigkeit und -geschwindigkeit bieten. Dank modernster RAB-Kodierungstechnologie (Random-Bidirec-tional) und einem optimalen digitalen Verarbeitungsalgorithmus bietet die Sokkia Digitalnivelliere unter verschiedenen Umgebungsbedingungen eine au\u00dfergew\u00f6hnliche Messgenauigkeit, Stabilit\u00e4t und Geschwindigkeit. Selbst bei teilweiser Abschattung der Staboberfl\u00e4che oder [&hellip;]<\/p>\n","protected":false},"author":4,"featured_media":0,"parent":19,"menu_order":6,"comment_status":"closed","ping_status":"closed","template":"page_submenu.php","meta":{"footnotes":""},"class_list":["post-6217","page","type-page","status-publish","hentry"],"_links":{"self":[{"href":"https:\/\/www.glm-laser.com\/glm\/wp-json\/wp\/v2\/pages\/6217"}],"collection":[{"href":"https:\/\/www.glm-laser.com\/glm\/wp-json\/wp\/v2\/pages"}],"about":[{"href":"https:\/\/www.glm-laser.com\/glm\/wp-json\/wp\/v2\/types\/page"}],"author":[{"embeddable":true,"href":"https:\/\/www.glm-laser.com\/glm\/wp-json\/wp\/v2\/users\/4"}],"replies":[{"embeddable":true,"href":"https:\/\/www.glm-laser.com\/glm\/wp-json\/wp\/v2\/comments?post=6217"}],"version-history":[{"count":6,"href":"https:\/\/www.glm-laser.com\/glm\/wp-json\/wp\/v2\/pages\/6217\/revisions"}],"predecessor-version":[{"id":9566,"href":"https:\/\/www.glm-laser.com\/glm\/wp-json\/wp\/v2\/pages\/6217\/revisions\/9566"}],"up":[{"embeddable":true,"href":"https:\/\/www.glm-laser.com\/glm\/wp-json\/wp\/v2\/pages\/19"}],"wp:attachment":[{"href":"https:\/\/www.glm-laser.com\/glm\/wp-json\/wp\/v2\/media?parent=6217"}],"curies":[{"name":"wp","href":"https:\/\/api.w.org\/{rel}","templated":true}]}}