{"id":6233,"date":"2020-10-08T14:36:21","date_gmt":"2020-10-08T12:36:21","guid":{"rendered":"https:\/\/www.glm-laser.com\/glm\/?page_id=6233"},"modified":"2020-10-29T14:53:02","modified_gmt":"2020-10-29T13:53:02","slug":"tablet","status":"publish","type":"page","link":"https:\/\/www.glm-laser.com\/glm\/optische-vermessungsinstrumente-3\/handrechner\/tablet\/","title":{"rendered":"Tablet"},"content":{"rendered":"<h1 class=\"wp-block-heading\">Tablet<\/h1>\n<h2 class=\"wp-block-heading\"><strong>Dell Latitude Rugged Extreme Tablet<\/strong><\/h2>\n<div class=\"wp-block-image\">\n<figure class=\"alignleft is-resized\"><a href=\"https:\/\/www.glm-laser.com\/glm\/wp-content\/uploads\/Tablet-3-DIM.jpg\" class=\"gallery_colorbox\"><img loading=\"lazy\" decoding=\"async\" src=\"https:\/\/www.glm-laser.com\/glm\/wp-content\/uploads\/Tablet-3-DIM-1024x683.jpg\"  alt=\"\" class=\"wp-image-6240\" width=\"280\" height=\"186\" srcset=\"https:\/\/www.glm-laser.com\/glm\/wp-content\/uploads\/Tablet-3-DIM-1024x683.jpg 1024w, https:\/\/www.glm-laser.com\/glm\/wp-content\/uploads\/Tablet-3-DIM-300x200.jpg 300w, https:\/\/www.glm-laser.com\/glm\/wp-content\/uploads\/Tablet-3-DIM-768x512.jpg 768w\" sizes=\"(max-width: 280px) 100vw, 280px\" \/><\/a><\/figure>\n<\/div>\n<p>Handels\u00fcbliche Tablets sto\u00dfen im industriellen Bereich schnell an ihre Grenzen. Thermische Extreme, Spritzwasser, Feuchtigkeit, Staub, St\u00fcrze und andere physische Einwirkungen verlangen dem Tablet vieles ab. Wir empfehlen daher den Einsatz des Dell Latitude Rugged Extreme Tablet. Es wurde mit speziellen Schutzma\u00dfnahmen ausgestattetet, um den erschwerten \u00e4u\u00dferen Bedingungen trotzen zu k\u00f6nnen und erf\u00fcllt die Schutzart IP 65. Zus\u00e4tzlich verf\u00fcgt es \u00fcber ein f\u00fcr den Au\u00dfeneinsatz optimierte 11,6-Zoll FHD-Display und gew\u00e4hrleistet stets eine optimale Lesbarkeit.<\/p>\n<h2 class=\"wp-block-heading\"><strong>Die Messung<\/strong><\/h2>\n<p>Mit dem Measurement Center der 3-DIM Software k\u00f6nnen Sie Ihren Messkopf via Bluetooth direkt \u00fcber das Tablet ansteuern. Das Men\u00fc orientiert sich an der gewohnten und bew\u00e4hrten 3-DIM Observer Oberfl\u00e4che.<\/p>\n<h2 class=\"wp-block-heading\"><strong>Die Vorteile<\/strong><\/h2>\n<div class=\"wp-block-image\">\n<figure class=\"alignright is-resized\"><a href=\"https:\/\/www.glm-laser.com\/glm\/wp-content\/uploads\/Measurement-Center.jpg\" class=\"gallery_colorbox\"><img loading=\"lazy\" decoding=\"async\" src=\"https:\/\/www.glm-laser.com\/glm\/wp-content\/uploads\/Measurement-Center.jpg\"  alt=\"\" class=\"wp-image-6244\" width=\"94\" height=\"141\" srcset=\"https:\/\/www.glm-laser.com\/glm\/wp-content\/uploads\/Measurement-Center.jpg 254w, https:\/\/www.glm-laser.com\/glm\/wp-content\/uploads\/Measurement-Center-201x300.jpg 201w\" sizes=\"(max-width: 94px) 100vw, 94px\" \/><\/a><\/figure>\n<\/div>\n<p>Es er\u00f6ffnen sich f\u00fcr Sie ganz neue M\u00f6glichkeiten. So sind auf dem Display alle zu messende Punkte dargestellt und k\u00f6nnen bequem \u00fcber die graphische Oberfl\u00e4che ausgew\u00e4hlt werden. Au\u00dferdem sind Sie jetzt in der Lage, die Messung gleich vor Ort zu \u00fcberpr\u00fcfen &#8211; Sind alle Daten vor dem Verlassen des Einsatzortes richtig erfasst wurden oder m\u00fcssen einige Messungen wiederholt werden?<br \/>Somit vermeiden Sie kostspielige Nachbesuche vor Ort, um die fehlenden Informationen zu erfassen<\/p>\n<h2 class=\"wp-block-heading\"><strong>In der Praxis<\/strong><\/h2>\n<div class=\"wp-block-image\">\n<figure class=\"alignright is-resized\"><img loading=\"lazy\" decoding=\"async\" src=\"https:\/\/www.glm-laser.com\/glm\/wp-content\/uploads\/Tablet-mit-Person-1024x683.jpg\" alt=\"\" class=\"wp-image-6242\" width=\"236\" height=\"156\" srcset=\"https:\/\/www.glm-laser.com\/glm\/wp-content\/uploads\/Tablet-mit-Person-1024x683.jpg 1024w, https:\/\/www.glm-laser.com\/glm\/wp-content\/uploads\/Tablet-mit-Person-300x200.jpg 300w, https:\/\/www.glm-laser.com\/glm\/wp-content\/uploads\/Tablet-mit-Person-768x512.jpg 768w\" sizes=\"(max-width: 236px) 100vw, 236px\" \/><\/figure>\n<\/div>\n<p>Wir empfehlen den mitgelieferten Kreuzgurt zu verwenden. So sind Sie in der Lage sich unmittelbar am Messobjekt aufzuhalten und k\u00f6nnen gleichzeitig die Zielmittel positionieren. Damit erreichen Sie k\u00fcrzere Messzeiten. Sollte eine Messung doch einmal l\u00e4nger dauern, brauchen Sie sich nicht um die Akkulaufzeit sorgen. Das Tablet verf\u00fcgt \u00fcber Dual Hot-Swap Akkus, sodass Sie im laufenden Betrieb einen Akkutausch vornehmen k\u00f6nnen<\/p>\n<div class=\"wp-block-file\"><a href=\"https:\/\/www.glm-laser.com\/glm\/wp-content\/uploads\/Tablet.pdf\">Tablet f\u00fcr die Vermessung<\/a><a href=\"https:\/\/www.glm-laser.com\/glm\/wp-content\/uploads\/Tablet.pdf\" class=\"wp-block-file__button\" download>Herunterladen<\/a><\/div>\n","protected":false},"excerpt":{"rendered":"<p>Tablet Dell Latitude Rugged Extreme Tablet Handels\u00fcbliche Tablets sto\u00dfen im industriellen Bereich schnell an ihre Grenzen. Thermische Extreme, Spritzwasser, Feuchtigkeit, Staub, St\u00fcrze und andere physische Einwirkungen verlangen dem Tablet vieles ab. Wir empfehlen daher den Einsatz des Dell Latitude Rugged Extreme Tablet. Es wurde mit speziellen Schutzma\u00dfnahmen ausgestattetet, um den erschwerten \u00e4u\u00dferen Bedingungen trotzen zu [&hellip;]<\/p>\n","protected":false},"author":4,"featured_media":0,"parent":743,"menu_order":2,"comment_status":"closed","ping_status":"closed","template":"page_submenu.php","meta":{"footnotes":""},"class_list":["post-6233","page","type-page","status-publish","hentry"],"_links":{"self":[{"href":"https:\/\/www.glm-laser.com\/glm\/wp-json\/wp\/v2\/pages\/6233"}],"collection":[{"href":"https:\/\/www.glm-laser.com\/glm\/wp-json\/wp\/v2\/pages"}],"about":[{"href":"https:\/\/www.glm-laser.com\/glm\/wp-json\/wp\/v2\/types\/page"}],"author":[{"embeddable":true,"href":"https:\/\/www.glm-laser.com\/glm\/wp-json\/wp\/v2\/users\/4"}],"replies":[{"embeddable":true,"href":"https:\/\/www.glm-laser.com\/glm\/wp-json\/wp\/v2\/comments?post=6233"}],"version-history":[{"count":9,"href":"https:\/\/www.glm-laser.com\/glm\/wp-json\/wp\/v2\/pages\/6233\/revisions"}],"predecessor-version":[{"id":6252,"href":"https:\/\/www.glm-laser.com\/glm\/wp-json\/wp\/v2\/pages\/6233\/revisions\/6252"}],"up":[{"embeddable":true,"href":"https:\/\/www.glm-laser.com\/glm\/wp-json\/wp\/v2\/pages\/743"}],"wp:attachment":[{"href":"https:\/\/www.glm-laser.com\/glm\/wp-json\/wp\/v2\/media?parent=6233"}],"curies":[{"name":"wp","href":"https:\/\/api.w.org\/{rel}","templated":true}]}}