{"id":6280,"date":"2020-10-12T12:39:49","date_gmt":"2020-10-12T10:39:49","guid":{"rendered":"https:\/\/www.glm-laser.com\/glm\/?page_id=6280"},"modified":"2020-11-04T17:05:17","modified_gmt":"2020-11-04T16:05:17","slug":"walzstrasse","status":"publish","type":"page","link":"https:\/\/www.glm-laser.com\/glm\/3d-messsysteme-branchen\/maschinenausrichtung\/walzstrasse\/","title":{"rendered":"Walzstra\u00dfe"},"content":{"rendered":"<h2 class=\"wp-block-heading\"><strong>Vermessung einer Walzstra\u00dfe und anschlie\u00dfende Justierung<\/strong><\/h2>\n<div class=\"wp-block-image\">\n<figure class=\"alignright\"><a href=\"https:\/\/www.glm-laser.com\/glm\/wp-content\/uploads\/3D-Messsystem-Walzstra\u00dfe.png\" class=\"gallery_colorbox\"><img loading=\"lazy\" decoding=\"async\" width=\"89\" height=\"300\" src=\"https:\/\/www.glm-laser.com\/glm\/wp-content\/uploads\/3D-Messsystem-Walzstra\u00dfe-89x300.png\"  alt=\"Walzstra\u00dfe\" class=\"wp-image-6541\" srcset=\"https:\/\/www.glm-laser.com\/glm\/wp-content\/uploads\/3D-Messsystem-Walzstra\u00dfe-89x300.png 89w, https:\/\/www.glm-laser.com\/glm\/wp-content\/uploads\/3D-Messsystem-Walzstra\u00dfe-305x1024.png 305w, https:\/\/www.glm-laser.com\/glm\/wp-content\/uploads\/3D-Messsystem-Walzstra\u00dfe.png 394w\" sizes=\"(max-width: 89px) 100vw, 89px\" \/><\/a><\/figure>\n<\/div>\n<p>In Stahlwerken bzw. <a rel=\"noreferrer noopener\" aria-label=\"Walzwerken (\u00f6ffnet in neuem Tab)\" href=\"https:\/\/de.wikipedia.org\/wiki\/Walzwerk\" target=\"_blank\">Walzwerken<\/a> werden Walzstra\u00dfen genutzt. Eine Walzstra\u00dfe setzt sich, \u00e4hnlich einer Fertigungsstra\u00dfe, aus verschiedenen Stationen (z.B.: Kocksblock, Scheren und <a href=\"https:\/\/de.wikipedia.org\/wiki\/Walzger%C3%BCst\" target=\"_blank\" rel=\"noreferrer noopener\" aria-label=\"Walzger\u00fcste (\u00f6ffnet in neuem Tab)\">Walzger\u00fcste<\/a>) zusammen. Diese m\u00fcssen zueinander, entlang einer Walzlinie, ausgerichtet werden. Unter anderem in X (Abstand der Stationen zueinander in L\u00e4ngsrichtung), in Y (Abstand der Station zur Walzlinie in Querrichtung) und Z (H\u00f6he der Station \u2013 Anfangs- und Endpunkt \u2013 zur Walzlinie).<\/p>\n<p>F\u00fcr die erstmalige Montage einer Walzstra\u00dfe sowie die langj\u00e4hrige Betreuung der Anlage ben\u00f6tigt der Anwender Vermessungstechnik.<\/p>\n<h3 class=\"wp-block-heading\"><strong>Klassische Vermessung einer Walzstra\u00dfe<\/strong><\/h3>\n<p>In einigen Stahlwerken wird diese Vermessung noch mit klassischen bzw. historischen Messmitteln durchgef\u00fchrt. Dieser Messaufbau wird unter anderem auch als <a href=\"https:\/\/de.wikipedia.org\/wiki\/Schnurger%C3%BCst\" target=\"_blank\" rel=\"noreferrer noopener\" aria-label=\"Schn\u00fcrger\u00fcst (\u00f6ffnet in neuem Tab)\">Schn\u00fcrger\u00fcst<\/a> bezeichnet. Bestandteile der Hardware sind unter anderem:<\/p>\n<ul class=\"wp-block-list\">\n<li>Schnur oder &nbsp;Stahldraht<\/li>\n<li>Lot<\/li>\n<li>Richtwinkelokular bzw. Kreuzscheibe<\/li>\n<li><a rel=\"noreferrer noopener\" aria-label=\"Nivellierger\u00e4t (\u00f6ffnet in neuem Tab)\" href=\"https:\/\/www.glm-laser.com\/glm\/optische-vermessungsinstrumente-2\/sokkia-ingenieurtheodolit\/\" target=\"_blank\">Nivellierger\u00e4t<\/a><\/li>\n<li>ggf. <a href=\"https:\/\/www.glm-laser.com\/glm\/optische-vermessungsinstrumente-2\/sokkia-im-100-serie\/\" target=\"_blank\" rel=\"noreferrer noopener\" aria-label=\"Theodolit (\u00f6ffnet in neuem Tab)\">Theodolit<\/a> oder einfache Totalstation<\/li>\n<\/ul>\n<div class=\"wp-block-image\">\n<figure class=\"alignright is-resized\"><a href=\"https:\/\/www.glm-laser.com\/glm\/wp-content\/uploads\/Achspunkt.jpg\" class=\"gallery_colorbox\"><img loading=\"lazy\" decoding=\"async\" src=\"https:\/\/www.glm-laser.com\/glm\/wp-content\/uploads\/Achspunkt-169x300.jpg\"  alt=\"Walzstra\u00dfe Achspunkte\" class=\"wp-image-6536\" width=\"85\" height=\"150\" srcset=\"https:\/\/www.glm-laser.com\/glm\/wp-content\/uploads\/Achspunkt-169x300.jpg 169w, https:\/\/www.glm-laser.com\/glm\/wp-content\/uploads\/Achspunkt-768x1366.jpg 768w, https:\/\/www.glm-laser.com\/glm\/wp-content\/uploads\/Achspunkt-576x1024.jpg 576w\" sizes=\"(max-width: 85px) 100vw, 85px\" \/><\/a><\/figure>\n<\/div>\n<p>Die geometrischen Grundlagen dieses Aufbaus sind in der Regel im Boden eingelassene, gek\u00f6rnte Platten und\/oder Markierungen an der Hallenwand (z.B. Schnitte mit der Flex im T-Tr\u00e4ger). Dieser Aufbau geht von einer in ihrer geometrischen Anordnung stabilen und unver\u00e4nderbaren Umgebung (T-Tr\u00e4ger, Bodenplatten und Walzstra\u00dfe an&nbsp; sich) aus. Eine \u00dcberbestimmung (Redundanz) der geometrischen St\u00fctzpunkte (Referenzpunkte oder Fixpunkte genannt) findet in der Regel nicht statt. Und wenn, gestaltet sich eine h\u00e4ndische Ausgleichung der Klaffungen (Abweichung zwischen IST und SOLL) als nahezu unm\u00f6glich. Zuletzt bindet einen diese Methode an eine gegebene Bezugsebene XY-0 (parallel zum Meeresspiegel).<\/p>\n<h3 class=\"wp-block-heading\"><strong>Das 3D Messsystem zur Vermessung und Justierung der Walzstra\u00dfe<\/strong><\/h3>\n<p>Das <a href=\"https:\/\/www.glm-laser.com\/glm\/ueber-glm\/3d-messsysteme\/\" target=\"_blank\" rel=\"noreferrer noopener\" aria-label=\"3D Messsystem (\u00f6ffnet in neuem Tab)\">3D Messsystem<\/a> von GLM unterschiedet sich grundlegend vom zuvor beschriebenen Arbeitsablauf. Bei erstmaliger Montage wird vorab der Lichtraum erfasst. Anschlie\u00dfend kann direkt aus der CAD das Lochbild f\u00fcr die einzelnen Stationen exakt angezeichnet werden. <\/p>\n<div class=\"wp-block-image\">\n<figure class=\"alignright is-resized\"><a href=\"https:\/\/www.glm-laser.com\/glm\/wp-content\/uploads\/3D-Messsystem-Schwere-Instandhaltung.png\" class=\"gallery_colorbox\"><img loading=\"lazy\" decoding=\"async\" src=\"https:\/\/www.glm-laser.com\/glm\/wp-content\/uploads\/3D-Messsystem-Schwere-Instandhaltung-300x222.png\"  alt=\"Vermessung Walzstra\u00dfe\" class=\"wp-image-8888\" width=\"225\" height=\"167\" srcset=\"https:\/\/www.glm-laser.com\/glm\/wp-content\/uploads\/3D-Messsystem-Schwere-Instandhaltung-300x222.png 300w, https:\/\/www.glm-laser.com\/glm\/wp-content\/uploads\/3D-Messsystem-Schwere-Instandhaltung-768x567.png 768w, https:\/\/www.glm-laser.com\/glm\/wp-content\/uploads\/3D-Messsystem-Schwere-Instandhaltung-1024x756.png 1024w, https:\/\/www.glm-laser.com\/glm\/wp-content\/uploads\/3D-Messsystem-Schwere-Instandhaltung.png 1803w\" sizes=\"(max-width: 225px) 100vw, 225px\" \/><\/a><\/figure>\n<\/div>\n<p>Bei der Instandhaltung nehmen wir die Walzstra\u00dfe als dynamischen Aufbau wahr. Das bedeutet, dass sich das System nicht an Messpunkten au\u00dferhalb der Walzstra\u00dfe orientiert, sondern die Walzlinie als Ganzes sieht. Hierzu werden verschiedenste Messpunkte entlang und direkt auf der Walzstra\u00dfe erfasst. Diese beschreiben die Walzlinie in ihrer Lage. Die Messpunkte m\u00fcssen sich nicht auf alle drei Dimensionen beziehen. Sie k\u00f6nnen in X, Y und Z aufgesplittet sein. Offsets, eine bekannte Verschiebung des Messpunktes in X, Y oder Z k\u00f6nnen ohne weiteres ber\u00fccksichtigt werden. Weiter ist die Erfassung von Kreismittelpunkten&nbsp; (Zylinderquerschnitten) spielend m\u00f6glich. Zwei Beispielanwendungen:<\/p>\n<ul class=\"wp-block-list\">\n<li>Die Walzstra\u00dfe soll in ihrer Gradheit (Y-Z) sowie die einzelnen Stationen in ihrer L\u00e4ngslage (X) vermessen, kontrolliert und dokumentiert werden.<\/li>\n<li>Eine Station soll ausgetauscht werden. Die neue Station soll exakt in die bestehende Walzstra\u00dfe, bezogen auf die Walzlinie, eingebaut werden. Hierbei steht die Nachbarschaftstreue im Fokus. Die Mittelachse bezieht sich auf den Endpunkt der vorherigen und den Anfangspunkt der anschlie\u00dfenden Station. Die XY-0 Bezugsebene kann mit Hilfe dieser Punkte gekippt werden.<\/li>\n<\/ul>\n<p>Durch den Einsatz eines 3D Messsystems werden die Vermessungsaufgaben erheblich erleichtert. Es wird weniger Zeit und Personal ben\u00f6tigt. Zus\u00e4tzlich gewinnt die G\u00fcte der Arbeit enorm an Qualit\u00e4t.<\/p>\n<p>Haben Sie weitere Fragen oder w\u00fcnschen einen Vorf\u00fchrungstermin?<br \/>\nSchreiben Sie uns bitte an, wir beraten Sie gerne.<\/p><\/p>\n","protected":false},"excerpt":{"rendered":"<p>Vermessung einer Walzstra\u00dfe und anschlie\u00dfende Justierung In Stahlwerken bzw. Walzwerken werden Walzstra\u00dfen genutzt. Eine Walzstra\u00dfe setzt sich, \u00e4hnlich einer Fertigungsstra\u00dfe, aus verschiedenen Stationen (z.B.: Kocksblock, Scheren und Walzger\u00fcste) zusammen. Diese m\u00fcssen zueinander, entlang einer Walzlinie, ausgerichtet werden. Unter anderem in X (Abstand der Stationen zueinander in L\u00e4ngsrichtung), in Y (Abstand der Station zur Walzlinie in [&hellip;]<\/p>\n","protected":false},"author":4,"featured_media":0,"parent":127,"menu_order":3,"comment_status":"closed","ping_status":"closed","template":"page_submenu.php","meta":{"footnotes":""},"class_list":["post-6280","page","type-page","status-publish","hentry"],"_links":{"self":[{"href":"https:\/\/www.glm-laser.com\/glm\/wp-json\/wp\/v2\/pages\/6280"}],"collection":[{"href":"https:\/\/www.glm-laser.com\/glm\/wp-json\/wp\/v2\/pages"}],"about":[{"href":"https:\/\/www.glm-laser.com\/glm\/wp-json\/wp\/v2\/types\/page"}],"author":[{"embeddable":true,"href":"https:\/\/www.glm-laser.com\/glm\/wp-json\/wp\/v2\/users\/4"}],"replies":[{"embeddable":true,"href":"https:\/\/www.glm-laser.com\/glm\/wp-json\/wp\/v2\/comments?post=6280"}],"version-history":[{"count":16,"href":"https:\/\/www.glm-laser.com\/glm\/wp-json\/wp\/v2\/pages\/6280\/revisions"}],"predecessor-version":[{"id":9522,"href":"https:\/\/www.glm-laser.com\/glm\/wp-json\/wp\/v2\/pages\/6280\/revisions\/9522"}],"up":[{"embeddable":true,"href":"https:\/\/www.glm-laser.com\/glm\/wp-json\/wp\/v2\/pages\/127"}],"wp:attachment":[{"href":"https:\/\/www.glm-laser.com\/glm\/wp-json\/wp\/v2\/media?parent=6280"}],"curies":[{"name":"wp","href":"https:\/\/api.w.org\/{rel}","templated":true}]}}