{"id":6349,"date":"2020-10-13T15:41:57","date_gmt":"2020-10-13T13:41:57","guid":{"rendered":"https:\/\/www.glm-laser.com\/glm\/?page_id=6349"},"modified":"2020-11-10T12:07:54","modified_gmt":"2020-11-10T11:07:54","slug":"kugelprismen","status":"publish","type":"page","link":"https:\/\/www.glm-laser.com\/glm\/optische-vermessungsinstrumente-3\/zubehoer-2\/kugelprismen\/","title":{"rendered":"Kugelprismen"},"content":{"rendered":"<h1 class=\"wp-block-heading\">Kugelprismen<\/h1>\n<p>Ein wichtiger Bestandteil der optischen 3D Messung sind die Messmittel, die mit der Objektoberfl\u00e4che in Kontakt kommen. Wir empfehlen die nachfolgenden Kugelreflektoren (Corner Cubes), deren geometrische Form eine Vollkugel darstellt, sich aber in der Art der Strahlerfassung unterscheidet.<\/p>\n<h2 class=\"wp-block-heading\"><strong>Glasprisma Reflektor<\/strong><\/h2>\n<p><!--StartFragment--><\/p>\n<h3 class=\"wp-block-heading\"> <u><strong>TBR <\/strong><\/u><\/h3>\n<div class=\"wp-block-image\">\n<figure class=\"alignright is-resized\"><a href=\"https:\/\/www.glm-laser.com\/glm\/wp-content\/uploads\/TBR_ohne-Nest-Kopie.jpg\" class=\"gallery_colorbox\"><img loading=\"lazy\" decoding=\"async\" src=\"https:\/\/www.glm-laser.com\/glm\/wp-content\/uploads\/TBR_ohne-Nest-Kopie.jpg\"  alt=\"Tooling Ball Reflector\" class=\"wp-image-6305\" width=\"135\" height=\"128\" srcset=\"https:\/\/www.glm-laser.com\/glm\/wp-content\/uploads\/TBR_ohne-Nest-Kopie.jpg 911w, https:\/\/www.glm-laser.com\/glm\/wp-content\/uploads\/TBR_ohne-Nest-Kopie-300x285.jpg 300w, https:\/\/www.glm-laser.com\/glm\/wp-content\/uploads\/TBR_ohne-Nest-Kopie-768x730.jpg 768w, https:\/\/www.glm-laser.com\/glm\/wp-content\/uploads\/TBR_ohne-Nest-Kopie-0x430.jpg 452w\" sizes=\"(max-width: 135px) 100vw, 135px\" \/><\/a><figcaption>  <\/figcaption><\/figure>\n<\/div>\n<p>Die neue <a href=\"https:\/\/www.glm-laser.com\/glm\/optische-vermessungsinstrumente-3\/zubehoer-2\/kugelprismen\/tbr-tooling-ball-reflector\/\">TBR Serie<\/a>   (\u201cTooling Ball Reflector\u201d)&nbsp; ist resistent gegen thermische Extreme, Wasser, Feuchtigkeit, Staub, Abst\u00fcrze und andere physikalische Einwirkungen. Die TBR Serie hat einen Durchmesser von 1,5\u201d und ist mit einem 25,4 mm Prisma versehen und ist mit folgenden  Zentriergenauigkeiten erh\u00e4ltlich:<\/p>\n<table width=\"359\" cellspacing=\"0\" cellpadding=\"0\" border=\"0\">\n<colgroup>\n<col width=\"206\">\n<col width=\"80\">\n<col width=\"173\"><\/colgroup>\n<tbody>\n<tr>\n<td width=\"750\" height=\"20\" align=\"left\"><strong>Centering accuracy<\/strong><\/td>\n<td width=\"150\" align=\"left\"><strong>Code No<\/strong><\/td>\n<\/tr>\n<tr>\n<td height=\"20\" align=\"left\">+-0.1 mm<\/td>\n<td align=\"left\">OMS5102742<\/td>\n<\/tr>\n<tr>\n<td height=\"20\" align=\"left\">+-0.2 mm<\/td>\n<td align=\"left\">OMS5102761\n<\/td>\n<\/tr>\n<\/tbody>\n<\/table>\n<p><!--StartFragment--><\/p>\n<p><!--StartFragment--><\/p>\n<h2 class=\"wp-block-heading\"><strong>SMRs (Spherically Mounted Retroreflectors)<\/strong><\/h2>\n<h3 class=\"wp-block-heading\"><u><strong>SMR<\/strong><\/u><\/h3>\n<div class=\"wp-block-image\">\n<figure class=\"alignright is-resized\"><a href=\"https:\/\/www.glm-laser.com\/glm\/wp-content\/uploads\/SMR-Kopie.jpg\" class=\"gallery_colorbox\"><img loading=\"lazy\" decoding=\"async\" src=\"https:\/\/www.glm-laser.com\/glm\/wp-content\/uploads\/SMR-Kopie.jpg\"  alt=\"SMR Spherical Mounted Reflector\" class=\"wp-image-5065\" width=\"138\" height=\"118\"\/><\/a><\/figure>\n<\/div>\n<p>Die SMR (&#8222;Spherical Mounted Reflector&#8220;) hat einen Durchmesser von 1,5&#8243; und die Oberfl\u00e4chenqualit\u00e4t und Rundheit ist ausserordentlich gut. Die folgenden Zentriergenauigkeiten sind verf\u00fcgbar:<\/p>\n<table width=\"450\" cellspacing=\"0\" cellpadding=\"0\" border=\"0\">\n<colgroup>\n<col width=\"206\">\n<col width=\"80\">\n<col width=\"173\"><\/colgroup>\n<tbody>\n<tr>\n<td width=\"750\" height=\"20\" align=\"left\"><strong>Centering accuracy<\/strong><\/td>\n<td width=\"250\" align=\"left\"><strong>Code No<\/strong><\/td>\n<\/tr>\n<tr>\n<td height=\"20\" align=\"left\">+-0.0005&#8243; entspricht  0.0127 mm<\/td>\n<td align=\"left\">OMS5101908<\/td>\n<td height=\"20\" align=\"left\"><\/td>\n<\/tr>\n<td height=\"20\" align=\"left\">+-0.0003&#8243; entspricht  to 0.00762 mm<\/td>\n<td align=\"left\">OMS5102736<\/td>\n<td height=\"20\" align=\"left\"><\/td>\n<\/tbody>\n<\/table>\n<p><!--StartFragment--><\/p>\n<p><!--StartFragment--><\/p>\n<h3 class=\"wp-block-heading\"><u>SMR Break Proof<\/u><\/h3>\n<div class=\"wp-block-image\">\n<figure class=\"alignright is-resized\"><a href=\"https:\/\/www.glm-laser.com\/glm\/wp-content\/uploads\/SMR_unbreak-Kopie.jpg\" class=\"gallery_colorbox\"><img loading=\"lazy\" decoding=\"async\" src=\"https:\/\/www.glm-laser.com\/glm\/wp-content\/uploads\/SMR_unbreak-Kopie.jpg\"  alt=\"\" class=\"wp-image-5104\" width=\"123\" height=\"133\"\/><\/a><\/figure>\n<\/div>\n<p>Die SMR Break Proof hat einen Durchmesser von 1,5&#8243;. Verglichen mit der normalen Version ist er wesentlich robuster und die folgenden Zentriergenauigkeiten sind verf\u00fcgbar<\/p>\n<table width=\"450\" cellspacing=\"0\" cellpadding=\"0\" border=\"0\">\n<colgroup>\n<col width=\"206\">\n<col width=\"80\">\n<col width=\"173\"><\/colgroup>\n<tbody>\n<tr>\n<td width=\"750\" height=\"20\" align=\"left\"><strong>Centering accuracy<\/strong><\/td>\n<td width=\"250\" align=\"left\"><strong>Code No<\/strong><\/td>\n<\/tr>\n<tr>\n<td height=\"20\" align=\"left\">+-0.0005&#8243; entspricht  0.0127 mm<\/td>\n<td align=\"left\">OMS5102658<\/td>\n<td height=\"20\" align=\"left\"><\/td>\n<\/tr>\n<td height=\"20\" align=\"left\">+-0.0003&#8243; entspricht 0.00762 mm<\/td>\n<td align=\"left\">OMS5102659<\/td>\n<td height=\"20\" align=\"left\"><\/td>\n<\/tbody>\n<\/table>\n<p><!--StartFragment--><\/p>\n<p><!--StartFragment--><\/p>\n<p><!--EndFragment--><\/p>\n<p>Ben\u00f6tigen Sie weiteres Zubeh\u00f6r? Dann schauen Sie auf unser umfangreiches Angebot, indem Sie <a href=\"https:\/\/www.glm-laser.com\/glm\/optische-vermessungsinstrumente-2\/zubehoer-2\/\"><strong>hier klicken<\/strong><\/a><\/p>\n","protected":false},"excerpt":{"rendered":"<p>Kugelprismen Ein wichtiger Bestandteil der optischen 3D Messung sind die Messmittel, die mit der Objektoberfl\u00e4che in Kontakt kommen. Wir empfehlen die nachfolgenden Kugelreflektoren (Corner Cubes), deren geometrische Form eine Vollkugel darstellt, sich aber in der Art der Strahlerfassung unterscheidet. Glasprisma Reflektor TBR Die neue TBR Serie (\u201cTooling Ball Reflector\u201d)&nbsp; ist resistent gegen thermische Extreme, Wasser, [&hellip;]<\/p>\n","protected":false},"author":4,"featured_media":0,"parent":703,"menu_order":2,"comment_status":"closed","ping_status":"closed","template":"page_submenu.php","meta":{"footnotes":""},"class_list":["post-6349","page","type-page","status-publish","hentry"],"_links":{"self":[{"href":"https:\/\/www.glm-laser.com\/glm\/wp-json\/wp\/v2\/pages\/6349"}],"collection":[{"href":"https:\/\/www.glm-laser.com\/glm\/wp-json\/wp\/v2\/pages"}],"about":[{"href":"https:\/\/www.glm-laser.com\/glm\/wp-json\/wp\/v2\/types\/page"}],"author":[{"embeddable":true,"href":"https:\/\/www.glm-laser.com\/glm\/wp-json\/wp\/v2\/users\/4"}],"replies":[{"embeddable":true,"href":"https:\/\/www.glm-laser.com\/glm\/wp-json\/wp\/v2\/comments?post=6349"}],"version-history":[{"count":15,"href":"https:\/\/www.glm-laser.com\/glm\/wp-json\/wp\/v2\/pages\/6349\/revisions"}],"predecessor-version":[{"id":9667,"href":"https:\/\/www.glm-laser.com\/glm\/wp-json\/wp\/v2\/pages\/6349\/revisions\/9667"}],"up":[{"embeddable":true,"href":"https:\/\/www.glm-laser.com\/glm\/wp-json\/wp\/v2\/pages\/703"}],"wp:attachment":[{"href":"https:\/\/www.glm-laser.com\/glm\/wp-json\/wp\/v2\/media?parent=6349"}],"curies":[{"name":"wp","href":"https:\/\/api.w.org\/{rel}","templated":true}]}}