{"id":6395,"date":"2020-10-15T11:45:05","date_gmt":"2020-10-15T09:45:05","guid":{"rendered":"https:\/\/www.glm-laser.com\/glm\/?page_id=6395"},"modified":"2021-02-19T12:13:06","modified_gmt":"2021-02-19T11:13:06","slug":"tbr-tooling-ball-reflector","status":"publish","type":"page","link":"https:\/\/www.glm-laser.com\/glm\/optische-vermessungsinstrumente-3\/zubehoer-2\/kugelprismen\/tbr-tooling-ball-reflector\/","title":{"rendered":"TBR Tooling Ball Reflector"},"content":{"rendered":"<h1 class=\"wp-block-heading\">Tooling Ball Reflector <\/h1>\n<div class=\"wp-block-image\">\n<figure class=\"alignright is-resized\"><a href=\"https:\/\/www.glm-laser.com\/glm\/wp-content\/uploads\/TBR_ohne-Nest-Kopie.jpg\" class=\"gallery_colorbox\"><img loading=\"lazy\" decoding=\"async\" src=\"https:\/\/www.glm-laser.com\/glm\/wp-content\/uploads\/TBR_ohne-Nest-Kopie.jpg\"  alt=\"Tooling Ball Reflector\" class=\"wp-image-6305\" width=\"176\" height=\"167\" srcset=\"https:\/\/www.glm-laser.com\/glm\/wp-content\/uploads\/TBR_ohne-Nest-Kopie.jpg 911w, https:\/\/www.glm-laser.com\/glm\/wp-content\/uploads\/TBR_ohne-Nest-Kopie-300x285.jpg 300w, https:\/\/www.glm-laser.com\/glm\/wp-content\/uploads\/TBR_ohne-Nest-Kopie-768x730.jpg 768w, https:\/\/www.glm-laser.com\/glm\/wp-content\/uploads\/TBR_ohne-Nest-Kopie-0x430.jpg 452w\" sizes=\"(max-width: 176px) 100vw, 176px\" \/><\/a><\/figure>\n<\/div>\n<p>GLM Laserme\u00dftechnik freut sich Ihnen die Verf\u00fcgbarkeit der neuen TBR Serie ank\u00fcndigen zu d\u00fcrfen. Sie ist eine konsequente Weiterentwicklung der bew\u00e4hrten BSK. Die Beschichtung des im Kugelzentrum gelagerten Glastripelprismas wurde hinsichtlich der Reflexionseigenschaften verbessert. Der  Laser wird nun bestm\u00f6glich reflektiert und erm\u00f6glichen dem Sokkia Tachymeter eine optimale Messung. <\/p>\n<p>Neben einer deutlichen Steigerung der Edelstahloberfl\u00e4cheng\u00fcte des Kugelk\u00f6rpers k\u00f6nnen wir Ihnen eine weitere Genauigkeitsklasse anbieten. <\/p>\n<p>Die neue TBR Serie ist jetzt mit einer Zentriergenauigkeit von \u00b10,1mm erh\u00e4ltlich. Somit ist die Verwendung der TBR Serie eine kosteng\u00fcnstige, robuste und nahezu unzerbrechliche Alternative zu einer SMR und erm\u00f6glicht eine hochgenaue tachymetrische Pr\u00e4zisionsmessung. Durch  den Edelstahl garantieren wir eine extreme Witterungsbest\u00e4ndigkeit.<\/p>\n<div class=\"wp-block-image\">\n<figure class=\"alignright is-resized\"><a href=\"https:\/\/www.glm-laser.com\/glm\/wp-content\/uploads\/TBR_mit-Nest2-Kopie.jpg\" class=\"gallery_colorbox\"><img loading=\"lazy\" decoding=\"async\" src=\"https:\/\/www.glm-laser.com\/glm\/wp-content\/uploads\/TBR_mit-Nest2-Kopie-913x1024.jpg\"  alt=\"Tooling Ball Reflector with base\" class=\"wp-image-6396\" width=\"149\" height=\"167\" srcset=\"https:\/\/www.glm-laser.com\/glm\/wp-content\/uploads\/TBR_mit-Nest2-Kopie-913x1024.jpg 913w, https:\/\/www.glm-laser.com\/glm\/wp-content\/uploads\/TBR_mit-Nest2-Kopie-268x300.jpg 268w, https:\/\/www.glm-laser.com\/glm\/wp-content\/uploads\/TBR_mit-Nest2-Kopie-768x861.jpg 768w, https:\/\/www.glm-laser.com\/glm\/wp-content\/uploads\/TBR_mit-Nest2-Kopie.jpg 1098w\" sizes=\"(max-width: 149px) 100vw, 149px\" \/><\/a><\/figure>\n<\/div>\n<p>Die neue TBR Serie ist magnetisch und vollkommen kompatibel mit Ihren bisherigen <a href=\"https:\/\/www.glm-laser.com\/glm\/optische-vermessungsinstrumente-3\/zubehoer-2\/kugelprismen-zubehoer\/\">Adaptern<\/a>. <\/p>\n<\/p>\n<table width=\"359\" cellspacing=\"0\" cellpadding=\"0\" border=\"0\">\n<colgroup>\n<col width=\"206\">\n<col width=\"180\">\n<col width=\"173\"><\/colgroup>\n<tbody>\n<tr>\n<td width=\"550\" height=\"20\" align=\"left\"><strong>Zentriergenauigkeit<\/strong><\/td>\n<td width=\"150\" align=\"left\"><strong>Bestellnummer<\/strong><\/td>\n<\/tr>\n<tr>\n<td height=\"20\" align=\"left\">+-0.1 mm<\/td>\n<td align=\"left\">OMS5102742<\/td>\n<\/tr>\n<tr>\n<td height=\"20\" align=\"left\">+-0.2 mm<\/td>\n<td align=\"left\">OMS5102761\n<\/td>\n<\/tr>\n<tr>\n<td width=\"550\" height=\"20\" align=\"left\"><strong><br \/>\n<\/strong><\/td>\n<td width=\"750\" align=\"left\"><\/td>\n<\/tr>\n<tr>\n<td width=\"550\" height=\"20\" align=\"left\"><strong>Prismenkonstante<\/strong><\/td>\n<td width=\"350\" align=\"left\">-17,6  +- 0.1mm (Sokkia)<\/td>\n<\/tr>\n<\/tbody>\n<\/table>\n<div style=\"height:100px\" aria-hidden=\"true\" class=\"wp-block-spacer\"><\/div>\n<div style=\"height:10px\" aria-hidden=\"true\" class=\"wp-block-spacer\"><\/div>\n<p>Ben\u00f6tigen Sie weiteres Zubeh\u00f6r? Dann schauen Sie auf unser umfangreiches Angebot, indem Sie <a href=\"https:\/\/www.glm-laser.com\/glm\/optische-vermessungsinstrumente-2\/zubehoer-2\/\"><strong>hier klicken<\/strong><\/a><\/p>\n<div class=\"wp-block-file\"><a href=\"https:\/\/www.glm-laser.com\/glm\/wp-content\/uploads\/GLM-TBR.pdf\">Tooling ball reflector<\/a><a href=\"https:\/\/www.glm-laser.com\/glm\/wp-content\/uploads\/GLM-TBR.pdf\" class=\"wp-block-file__button\" download>Herunterladen<\/a><\/div>\n","protected":false},"excerpt":{"rendered":"<p>Tooling Ball Reflector GLM Laserme\u00dftechnik freut sich Ihnen die Verf\u00fcgbarkeit der neuen TBR Serie ank\u00fcndigen zu d\u00fcrfen. Sie ist eine konsequente Weiterentwicklung der bew\u00e4hrten BSK. Die Beschichtung des im Kugelzentrum gelagerten Glastripelprismas wurde hinsichtlich der Reflexionseigenschaften verbessert. Der Laser wird nun bestm\u00f6glich reflektiert und erm\u00f6glichen dem Sokkia Tachymeter eine optimale Messung. Neben einer deutlichen Steigerung [&hellip;]<\/p>\n","protected":false},"author":4,"featured_media":0,"parent":6349,"menu_order":0,"comment_status":"closed","ping_status":"closed","template":"page_submenu.php","meta":{"footnotes":""},"class_list":["post-6395","page","type-page","status-publish","hentry"],"_links":{"self":[{"href":"https:\/\/www.glm-laser.com\/glm\/wp-json\/wp\/v2\/pages\/6395"}],"collection":[{"href":"https:\/\/www.glm-laser.com\/glm\/wp-json\/wp\/v2\/pages"}],"about":[{"href":"https:\/\/www.glm-laser.com\/glm\/wp-json\/wp\/v2\/types\/page"}],"author":[{"embeddable":true,"href":"https:\/\/www.glm-laser.com\/glm\/wp-json\/wp\/v2\/users\/4"}],"replies":[{"embeddable":true,"href":"https:\/\/www.glm-laser.com\/glm\/wp-json\/wp\/v2\/comments?post=6395"}],"version-history":[{"count":52,"href":"https:\/\/www.glm-laser.com\/glm\/wp-json\/wp\/v2\/pages\/6395\/revisions"}],"predecessor-version":[{"id":9682,"href":"https:\/\/www.glm-laser.com\/glm\/wp-json\/wp\/v2\/pages\/6395\/revisions\/9682"}],"up":[{"embeddable":true,"href":"https:\/\/www.glm-laser.com\/glm\/wp-json\/wp\/v2\/pages\/6349"}],"wp:attachment":[{"href":"https:\/\/www.glm-laser.com\/glm\/wp-json\/wp\/v2\/media?parent=6395"}],"curies":[{"name":"wp","href":"https:\/\/api.w.org\/{rel}","templated":true}]}}