{"id":655,"date":"2016-04-07T14:54:49","date_gmt":"2016-04-07T12:54:49","guid":{"rendered":"http:\/\/www.glm-laser.com\/?page_id=655"},"modified":"2016-04-07T14:57:00","modified_gmt":"2016-04-07T12:57:00","slug":"news-2","status":"publish","type":"page","link":"https:\/\/www.glm-laser.com\/glm\/ueber-glm\/news-2\/","title":{"rendered":"News"},"content":{"rendered":"<p>Hier finden Sie in K\u00fcrze regelm\u00e4\u00dfig aktuelle Beitr\u00e4ge.<\/p>\n","protected":false},"excerpt":{"rendered":"<p>Hier finden Sie in K\u00fcrze regelm\u00e4\u00dfig aktuelle Beitr\u00e4ge.<\/p>\n","protected":false},"author":1,"featured_media":0,"parent":30,"menu_order":7,"comment_status":"closed","ping_status":"closed","template":"page_submenu.php","meta":{"footnotes":""},"class_list":["post-655","page","type-page","status-publish","hentry"],"_links":{"self":[{"href":"https:\/\/www.glm-laser.com\/glm\/wp-json\/wp\/v2\/pages\/655"}],"collection":[{"href":"https:\/\/www.glm-laser.com\/glm\/wp-json\/wp\/v2\/pages"}],"about":[{"href":"https:\/\/www.glm-laser.com\/glm\/wp-json\/wp\/v2\/types\/page"}],"author":[{"embeddable":true,"href":"https:\/\/www.glm-laser.com\/glm\/wp-json\/wp\/v2\/users\/1"}],"replies":[{"embeddable":true,"href":"https:\/\/www.glm-laser.com\/glm\/wp-json\/wp\/v2\/comments?post=655"}],"version-history":[{"count":1,"href":"https:\/\/www.glm-laser.com\/glm\/wp-json\/wp\/v2\/pages\/655\/revisions"}],"predecessor-version":[{"id":656,"href":"https:\/\/www.glm-laser.com\/glm\/wp-json\/wp\/v2\/pages\/655\/revisions\/656"}],"up":[{"embeddable":true,"href":"https:\/\/www.glm-laser.com\/glm\/wp-json\/wp\/v2\/pages\/30"}],"wp:attachment":[{"href":"https:\/\/www.glm-laser.com\/glm\/wp-json\/wp\/v2\/media?parent=655"}],"curies":[{"name":"wp","href":"https:\/\/api.w.org\/{rel}","templated":true}]}}