{"id":659,"date":"2016-04-07T15:02:39","date_gmt":"2016-04-07T13:02:39","guid":{"rendered":"http:\/\/www.glm-laser.com\/?page_id=659"},"modified":"2020-10-22T12:00:48","modified_gmt":"2020-10-22T10:00:48","slug":"geschichte-sokkia","status":"publish","type":"page","link":"https:\/\/www.glm-laser.com\/glm\/ueber-glm\/geschichte-sokkia\/","title":{"rendered":"Geschichte Sokkia"},"content":{"rendered":"<h1>Die Geschichte von Sokkia<img loading=\"lazy\" decoding=\"async\" class=\"Geschichte Sokkia alignright wp-image-658 size-full\" title=\"Geschichte Sokkia\" src=\"https:\/\/www.glm-laser.com\/glm\/wp-content\/uploads\/instrument_winkelmessung.png\" alt=\"\" width=\"199\" height=\"152\" \/><\/h1>\n<div class=\"rex-cnt-slc-otp\">\n<div class=\"rex-cnt-slc-otp2\">\n<div class=\"section\">\n<p>Sokkia ist seit 1920 Hersteller von Vermessungsinstrumenten (<a href=\"https:\/\/www.glm-laser.com\/glm\/optische-vermessungsinstrumente-2\/ingenieurnivelliere\/\">Nivelliere<\/a>, <a href=\"https:\/\/www.glm-laser.com\/glm\/optische-vermessungsinstrumente-2\/sokkia-ingenieurtheodolit\/\">Theodolite<\/a>, <a href=\"https:\/\/www.glm-laser.com\/glm\/optische-vermessungsinstrumente-2\/net05ax-ii\/\">Tachymeter<\/a> und GNSS).<\/p>\n<ul>\n<li>Sokkia wird 1920 in Japan (Tokyo) unter dem Namen Sokkisha gegr\u00fcndet.<\/li>\n<li>1934 wird Sokkia (Sokkisha) in ein Unternehmen mit beschr\u00e4nkter Haftung umgewandelt.<\/li>\n<li>1943 wird Sokkia (Sokkisha) in eine Aktiengesellschaft umgewandelt.<\/li>\n<li>Die Fima Oberl\u00e4nder startet in<br \/>\nDeutschland 1976 mit dem Vertrieb von Sokkia (Sokkisha) Produkten.<\/li>\n<li>Zwischen 1982 und 1985 wird in Europa (Niederlande) eine Sokkia (Sokkisha) Niederlassung aufgebaut.<\/li>\n<li>Im Fr\u00fchjahr 1988 wird in Deutschland eine Sokkia (Sokkisha) Niederlassung aufgebaut.<\/li>\n<li>Im Jahr 1991 beginnt die Zusammenarbeit zwischen Sokkia (Sokkisha) und GLM.<\/li>\n<li>Am 1. Januar 1992 wird Sokkisha in Sokkia unbenannt. Dies soll als \u00e4u\u00dferes Zeichen f\u00fcr ein internationales Unternehmen stehen.<\/li>\n<li>Im Jahr 2003 wird die IVK &#8211; Sokkia in K\u00f6ln gegr\u00fcndet. Sie \u00fcbernimmt die Gesch\u00e4ftsfelder von Sokkia Deutschland.<\/li>\n<li>Im Jahr 2006 wird ein Kooperationsvertrag zwischen Sokkia und GLM geschlossen. Seit diesem Datum ist die GLM-Software weltweit vertreten.<\/li>\n<li>2008 findet der Zusammenschluss zwischen Topcon und Sokkia statt.<\/li>\n<li>2009 wird die IVK &#8211; Sokkia aufgel\u00f6st. GLM \u00fcbernimmt den Vertrieb von Tachymetern und Nivellieren. HKL \u00fcbernimmt den Vertrieb von Rotationslasern.<\/li>\n<li>2015 der Vertrieb von\u00a0klassischen Tachymetern, GNSS sowie Nivelliere wird \u00fcber neu gewonnene H\u00e4ndler organisiert.<\/li>\n<\/ul>\n<\/div>\n<\/div>\n<\/div>\n<form id=\"slice1446\" action=\"http:\/\/glm-laser.com\/glm\/redaxo\/index.php#addslice\" method=\"get\">\n<fieldset><\/fieldset>\n<\/form>\n","protected":false},"excerpt":{"rendered":"<p>Die Geschichte von Sokkia Sokkia ist seit 1920 Hersteller von Vermessungsinstrumenten (Nivelliere, Theodolite, Tachymeter und GNSS). Sokkia wird 1920 in Japan (Tokyo) unter dem Namen Sokkisha gegr\u00fcndet. 1934 wird Sokkia (Sokkisha) in ein Unternehmen mit beschr\u00e4nkter Haftung umgewandelt. 1943 wird Sokkia (Sokkisha) in eine Aktiengesellschaft umgewandelt. Die Fima Oberl\u00e4nder startet in Deutschland 1976 mit dem [&hellip;]<\/p>\n","protected":false},"author":1,"featured_media":0,"parent":30,"menu_order":8,"comment_status":"closed","ping_status":"closed","template":"page_submenu.php","meta":{"footnotes":""},"class_list":["post-659","page","type-page","status-publish","hentry"],"_links":{"self":[{"href":"https:\/\/www.glm-laser.com\/glm\/wp-json\/wp\/v2\/pages\/659"}],"collection":[{"href":"https:\/\/www.glm-laser.com\/glm\/wp-json\/wp\/v2\/pages"}],"about":[{"href":"https:\/\/www.glm-laser.com\/glm\/wp-json\/wp\/v2\/types\/page"}],"author":[{"embeddable":true,"href":"https:\/\/www.glm-laser.com\/glm\/wp-json\/wp\/v2\/users\/1"}],"replies":[{"embeddable":true,"href":"https:\/\/www.glm-laser.com\/glm\/wp-json\/wp\/v2\/comments?post=659"}],"version-history":[{"count":9,"href":"https:\/\/www.glm-laser.com\/glm\/wp-json\/wp\/v2\/pages\/659\/revisions"}],"predecessor-version":[{"id":7083,"href":"https:\/\/www.glm-laser.com\/glm\/wp-json\/wp\/v2\/pages\/659\/revisions\/7083"}],"up":[{"embeddable":true,"href":"https:\/\/www.glm-laser.com\/glm\/wp-json\/wp\/v2\/pages\/30"}],"wp:attachment":[{"href":"https:\/\/www.glm-laser.com\/glm\/wp-json\/wp\/v2\/media?parent=659"}],"curies":[{"name":"wp","href":"https:\/\/api.w.org\/{rel}","templated":true}]}}