{"id":66,"date":"2015-06-12T09:10:16","date_gmt":"2015-06-12T07:10:16","guid":{"rendered":"http:\/\/www.glm-laser.com\/?page_id=66"},"modified":"2021-04-14T14:04:39","modified_gmt":"2021-04-14T12:04:39","slug":"beratungskonzept","status":"publish","type":"page","link":"https:\/\/www.glm-laser.com\/glm\/ueber-glm\/beratungskonzept\/","title":{"rendered":"Beratungskonzept"},"content":{"rendered":"<h1>immer gut beraten. immer gut betreut.<\/h1>\n<p>Einen echten Mehrwert zu bieten \u2013 das ist unser Anspruch. Bei GLM bekommen Sie nicht nur hochwertige Messtechnik, sondern auch gleich die passende Software dazu \u2013 aus einer Hand! Das ist im Markt einzigartig.<\/p>\n<p>Worauf Sie bei uns immer zu 100 % z\u00e4hlen k\u00f6nnen: Wir denken ganzheitlich und handeln auch danach. Zu Ihrem Vorteil. Unsere Leistungen gehen weit \u00fcber die reine Bereitstellung von Messger\u00e4ten hinaus. Wir verbinden unsere langj\u00e4hrige Kompetenz in der 3D-Industriemesstechnik mit fundiertem Know-how in der Softwareentwicklung. So bekommen Sie bei GLM stets ein durchdachtes Gesamtsystem f\u00fcr Ihre individuelle Vermessungsaufgabe bzw. Ihr Projekt. Komplett von uns verantwortet, bis ins Detail geplant und l\u00f6sungsorientiert umgesetzt.<\/p>\n<p>Ein ganzheitlicher Denkansatz hei\u00dft bei uns: Wir sind auch nach dem Kauf f\u00fcr Sie da und bieten Ihnen ein umfangreiches Service-Angebot. Von praxisgerechten Schulungen \u00fcber die kontinuierliche Instrumenten-Wartung bis zur Kalibrierung Ihrer Messtechniksysteme.<\/p>\n<h6>Nutzen Sie unsere Beratungskompetenz f\u00fcr Ihren Erfolg.<br \/>\nSie werden sehen: GLM Lasermesstechnik ist einfach messbar besser.<\/h6>\n<p>Profitieren Sie von unserer jahrelangen Erfahrung und unserem Know-how unter anderem in folgenden Branchen<\/p>\n<h3 style=\"text-align: center;\"><\/h3>\n<p><a href=\"https:\/\/www.glm-laser.com\/glm\/3d-messsysteme-branchen\/messsystem-schienenfahrzeuge\/\"><img loading=\"lazy\" decoding=\"async\" class=\"Messsysteme Schienenfahrzeuge alignleft wp-image-78\" title=\"Messsysteme Schienenfahrzeuge\" src=\"https:\/\/www.glm-laser.com\/glm\/wp-content\/uploads\/schienenfahrzeugbau-lasermesstechnik.png\" alt=\"\" width=\"50\" height=\"50\" srcset=\"https:\/\/www.glm-laser.com\/glm\/wp-content\/uploads\/schienenfahrzeugbau-lasermesstechnik.png 200w, https:\/\/www.glm-laser.com\/glm\/wp-content\/uploads\/schienenfahrzeugbau-lasermesstechnik-150x150.png 150w\" sizes=\"(max-width: 50px) 100vw, 50px\" \/><\/a><a href=\"https:\/\/www.glm-laser.com\/glm\/3d-messsysteme-branchen\/schiffbau\/\"><img loading=\"lazy\" decoding=\"async\" class=\"wp-image-77 alignleft\" src=\"https:\/\/www.glm-laser.com\/glm\/wp-content\/uploads\/schiffbau-lasermesstechnik.png\" alt=\"\" width=\"50\" height=\"50\" srcset=\"https:\/\/www.glm-laser.com\/glm\/wp-content\/uploads\/schiffbau-lasermesstechnik.png 200w, https:\/\/www.glm-laser.com\/glm\/wp-content\/uploads\/schiffbau-lasermesstechnik-150x150.png 150w\" sizes=\"(max-width: 50px) 100vw, 50px\" \/><\/a><img loading=\"lazy\" decoding=\"async\" class=\"wp-image-76 alignleft\" src=\"https:\/\/www.glm-laser.com\/glm\/wp-content\/uploads\/stahl-anlagenbau-lasermesstechnik.png\" alt=\"\" width=\"50\" height=\"50\" srcset=\"https:\/\/www.glm-laser.com\/glm\/wp-content\/uploads\/stahl-anlagenbau-lasermesstechnik.png 200w, https:\/\/www.glm-laser.com\/glm\/wp-content\/uploads\/stahl-anlagenbau-lasermesstechnik-150x150.png 150w\" sizes=\"(max-width: 50px) 100vw, 50px\" \/><img loading=\"lazy\" decoding=\"async\" class=\"wp-image-73 alignleft\" src=\"https:\/\/www.glm-laser.com\/glm\/wp-content\/uploads\/kranbau-lasermesstechnik-150x150.png\" alt=\"\" width=\"50\" height=\"50\" srcset=\"https:\/\/www.glm-laser.com\/glm\/wp-content\/uploads\/kranbau-lasermesstechnik-150x150.png 150w, https:\/\/www.glm-laser.com\/glm\/wp-content\/uploads\/kranbau-lasermesstechnik.png 200w\" sizes=\"(max-width: 50px) 100vw, 50px\" \/><img loading=\"lazy\" decoding=\"async\" class=\"wp-image-70 alignleft\" src=\"https:\/\/www.glm-laser.com\/glm\/wp-content\/uploads\/maschinenmontage-lasermesstechnik.png\" alt=\"\" width=\"50\" height=\"50\" srcset=\"https:\/\/www.glm-laser.com\/glm\/wp-content\/uploads\/maschinenmontage-lasermesstechnik.png 200w, https:\/\/www.glm-laser.com\/glm\/wp-content\/uploads\/maschinenmontage-lasermesstechnik-150x150.png 150w\" sizes=\"(max-width: 50px) 100vw, 50px\" \/><img loading=\"lazy\" decoding=\"async\" class=\"wp-image-71 alignleft\" src=\"https:\/\/www.glm-laser.com\/glm\/wp-content\/uploads\/wind-lasermesstechnik.png\" alt=\"\" width=\"50\" height=\"50\" srcset=\"https:\/\/www.glm-laser.com\/glm\/wp-content\/uploads\/wind-lasermesstechnik.png 200w, https:\/\/www.glm-laser.com\/glm\/wp-content\/uploads\/wind-lasermesstechnik-150x150.png 150w\" sizes=\"(max-width: 50px) 100vw, 50px\" \/><img loading=\"lazy\" decoding=\"async\" class=\"wp-image-68 alignleft\" src=\"https:\/\/www.glm-laser.com\/glm\/wp-content\/uploads\/fundamentabsteckung-lasermesstechnik.png\" alt=\"\" width=\"50\" height=\"50\" srcset=\"https:\/\/www.glm-laser.com\/glm\/wp-content\/uploads\/fundamentabsteckung-lasermesstechnik.png 200w, https:\/\/www.glm-laser.com\/glm\/wp-content\/uploads\/fundamentabsteckung-lasermesstechnik-150x150.png 150w\" sizes=\"(max-width: 50px) 100vw, 50px\" \/><img loading=\"lazy\" decoding=\"async\" class=\"wp-image-72 alignleft\" src=\"https:\/\/www.glm-laser.com\/glm\/wp-content\/uploads\/stahlwasserbau-lasermesstechnik.png\" alt=\"\" width=\"50\" height=\"50\" srcset=\"https:\/\/www.glm-laser.com\/glm\/wp-content\/uploads\/stahlwasserbau-lasermesstechnik.png 200w, https:\/\/www.glm-laser.com\/glm\/wp-content\/uploads\/stahlwasserbau-lasermesstechnik-150x150.png 150w\" sizes=\"(max-width: 50px) 100vw, 50px\" \/><img loading=\"lazy\" decoding=\"async\" class=\"wp-image-75 alignleft\" src=\"https:\/\/www.glm-laser.com\/glm\/wp-content\/uploads\/offshore-lasermesstechnik.png\" alt=\"\" width=\"50\" height=\"50\" srcset=\"https:\/\/www.glm-laser.com\/glm\/wp-content\/uploads\/offshore-lasermesstechnik.png 200w, https:\/\/www.glm-laser.com\/glm\/wp-content\/uploads\/offshore-lasermesstechnik-150x150.png 150w\" sizes=\"(max-width: 50px) 100vw, 50px\" \/><\/p>\n<h3><\/h3>\n<h3><\/h3>\n<h2 style=\"text-align: center;\">Ganzheitliche L\u00f6sungen f\u00fcr jeden Einsatzbereich.<\/h2>\n<h3><\/h3>\n","protected":false},"excerpt":{"rendered":"<p>immer gut beraten. immer gut betreut. Einen echten Mehrwert zu bieten \u2013 das ist unser Anspruch. Bei GLM bekommen Sie nicht nur hochwertige Messtechnik, sondern auch gleich die passende Software dazu \u2013 aus einer Hand! Das ist im Markt einzigartig. Worauf Sie bei uns immer zu 100 % z\u00e4hlen k\u00f6nnen: Wir denken ganzheitlich und handeln [&hellip;]<\/p>\n","protected":false},"author":1,"featured_media":0,"parent":30,"menu_order":1,"comment_status":"open","ping_status":"closed","template":"page_submenu.php","meta":{"footnotes":""},"class_list":["post-66","page","type-page","status-publish","hentry"],"_links":{"self":[{"href":"https:\/\/www.glm-laser.com\/glm\/wp-json\/wp\/v2\/pages\/66"}],"collection":[{"href":"https:\/\/www.glm-laser.com\/glm\/wp-json\/wp\/v2\/pages"}],"about":[{"href":"https:\/\/www.glm-laser.com\/glm\/wp-json\/wp\/v2\/types\/page"}],"author":[{"embeddable":true,"href":"https:\/\/www.glm-laser.com\/glm\/wp-json\/wp\/v2\/users\/1"}],"replies":[{"embeddable":true,"href":"https:\/\/www.glm-laser.com\/glm\/wp-json\/wp\/v2\/comments?post=66"}],"version-history":[{"count":30,"href":"https:\/\/www.glm-laser.com\/glm\/wp-json\/wp\/v2\/pages\/66\/revisions"}],"predecessor-version":[{"id":9746,"href":"https:\/\/www.glm-laser.com\/glm\/wp-json\/wp\/v2\/pages\/66\/revisions\/9746"}],"up":[{"embeddable":true,"href":"https:\/\/www.glm-laser.com\/glm\/wp-json\/wp\/v2\/pages\/30"}],"wp:attachment":[{"href":"https:\/\/www.glm-laser.com\/glm\/wp-json\/wp\/v2\/media?parent=66"}],"curies":[{"name":"wp","href":"https:\/\/api.w.org\/{rel}","templated":true}]}}