{"id":664,"date":"2016-04-07T15:07:57","date_gmt":"2016-04-07T13:07:57","guid":{"rendered":"http:\/\/www.glm-laser.com\/?page_id=664"},"modified":"2020-10-22T12:01:22","modified_gmt":"2020-10-22T10:01:22","slug":"sponsoring","status":"publish","type":"page","link":"https:\/\/www.glm-laser.com\/glm\/ueber-glm\/sponsoring\/","title":{"rendered":"Sponsoring"},"content":{"rendered":"<div class=\"rex-cnt-slc-otp\">\n<div class=\"rex-cnt-slc-otp2\">\n<h1>GLM unterst\u00fctzt die KonVerS<img loading=\"lazy\" decoding=\"async\" class=\"alignright size-medium wp-image-675\" src=\"https:\/\/www.glm-laser.com\/glm\/wp-content\/uploads\/konvers-200x300.jpg\" alt=\"konvers\" width=\"200\" height=\"300\" \/><\/h1>\n<p align=\"justify\">Die GLM Laserme\u00dftechnik GmbH ist langj\u00e4hriger F\u00f6rderer der KonVerS.<\/p>\n<div align=\"justify\"><\/div>\n<p align=\"justify\"><u>Was Ist die KonVerS?<\/u><\/p>\n<div align=\"justify\"><\/div>\n<p align=\"justify\"><em>\u201eDie KonVerS ist die\u00a0<strong>Kon<\/strong>ferenz der\u00a0<strong>Ver<\/strong>messungs<strong>S<\/strong>tudierenden der deutschsprachigen Fachhochschulen. Einmal im Semester treffen sich die Fachschaften der FH&#8217;s. Bei diesem Meeting werden ein Wochenende lang Kontakte zu anderen Vermessungsstudenten\/innen gepflegt und neben Fachvortr\u00e4gen werden Probleme an den FHs diskutiert. Hauptanliegen dieser Treffen ist es, Kontakte zu anderen FHs aufzubauen und gegenseitig Erfahrungen auszutauschen.&#8220;<\/em><\/p>\n<div align=\"justify\"><\/div>\n<p align=\"justify\">\n<\/div>\n<\/div>\n","protected":false},"excerpt":{"rendered":"<p>GLM unterst\u00fctzt die KonVerS Die GLM Laserme\u00dftechnik GmbH ist langj\u00e4hriger F\u00f6rderer der KonVerS. Was Ist die KonVerS? \u201eDie KonVerS ist die\u00a0Konferenz der\u00a0VermessungsStudierenden der deutschsprachigen Fachhochschulen. Einmal im Semester treffen sich die Fachschaften der FH&#8217;s. Bei diesem Meeting werden ein Wochenende lang Kontakte zu anderen Vermessungsstudenten\/innen gepflegt und neben Fachvortr\u00e4gen werden Probleme an den FHs diskutiert. [&hellip;]<\/p>\n","protected":false},"author":1,"featured_media":0,"parent":30,"menu_order":9,"comment_status":"closed","ping_status":"closed","template":"page_submenu.php","meta":{"footnotes":""},"class_list":["post-664","page","type-page","status-publish","hentry"],"_links":{"self":[{"href":"https:\/\/www.glm-laser.com\/glm\/wp-json\/wp\/v2\/pages\/664"}],"collection":[{"href":"https:\/\/www.glm-laser.com\/glm\/wp-json\/wp\/v2\/pages"}],"about":[{"href":"https:\/\/www.glm-laser.com\/glm\/wp-json\/wp\/v2\/types\/page"}],"author":[{"embeddable":true,"href":"https:\/\/www.glm-laser.com\/glm\/wp-json\/wp\/v2\/users\/1"}],"replies":[{"embeddable":true,"href":"https:\/\/www.glm-laser.com\/glm\/wp-json\/wp\/v2\/comments?post=664"}],"version-history":[{"count":5,"href":"https:\/\/www.glm-laser.com\/glm\/wp-json\/wp\/v2\/pages\/664\/revisions"}],"predecessor-version":[{"id":7084,"href":"https:\/\/www.glm-laser.com\/glm\/wp-json\/wp\/v2\/pages\/664\/revisions\/7084"}],"up":[{"embeddable":true,"href":"https:\/\/www.glm-laser.com\/glm\/wp-json\/wp\/v2\/pages\/30"}],"wp:attachment":[{"href":"https:\/\/www.glm-laser.com\/glm\/wp-json\/wp\/v2\/media?parent=664"}],"curies":[{"name":"wp","href":"https:\/\/api.w.org\/{rel}","templated":true}]}}