{"id":6641,"date":"2020-10-19T10:12:47","date_gmt":"2020-10-19T08:12:47","guid":{"rendered":"https:\/\/www.glm-laser.com\/glm\/?page_id=6641"},"modified":"2020-10-21T08:22:22","modified_gmt":"2020-10-21T06:22:22","slug":"kugelprismen-zubehoer","status":"publish","type":"page","link":"https:\/\/www.glm-laser.com\/glm\/optische-vermessungsinstrumente-3\/zubehoer-2\/kugelprismen-zubehoer\/","title":{"rendered":"Kugelprismen Zubeh\u00f6r"},"content":{"rendered":"<p>Verschiedene magnetische Nester f\u00fcr Kugelreflektoren mit 1,5&#8243;. Adapter f\u00fcr Kanten, Konturen und Bohrungen. Verwendung mit einem Tachymeter.<\/p>\n<h2 class=\"wp-block-heading\"><strong>Nest<\/strong> <strong>1.5&#8243;<\/strong><\/h2>\n<div class=\"wp-block-image\">\n<figure class=\"alignright is-resized\"><a href=\"https:\/\/www.glm-laser.com\/glm\/wp-content\/uploads\/SMR-Nest_beleuchtet-Kopie.jpg\" class=\"gallery_colorbox\"><img loading=\"lazy\" decoding=\"async\" src=\"https:\/\/www.glm-laser.com\/glm\/wp-content\/uploads\/SMR-Nest_beleuchtet-Kopie-1024x752.jpg\"  alt=\"Base1.5\" class=\"wp-image-5130\" width=\"150\" height=\"108\"\/><\/a><\/figure>\n<\/div>\n<p>Das magnetische Nest mit 25 mm Offset ist f\u00fcr Kugelreflektoren mit einem&nbsp; Durchmesser von 1,5\u201d. Die 3 Punkt Auflage erm\u00f6glicht eine zuverl\u00e4ssige Zentrierung im Mittelpunkt des Nestes. In Anwendung mit SMR und TBR.<\/p>\n<table width=\"350\" cellspacing=\"0\" cellpadding=\"0\" border=\"0\">\n<colgroup>\n<col width=\"206\">\n<col width=\"80\">\n<col width=\"173\"><\/colgroup>\n<tbody>\n<tr>\n<td width=\"550\" height=\"20\" align=\"left\"><strong>Beschreibung<\/strong><\/td>\n<td width=\"250\" align=\"left\"><strong>Bestellnr.<\/strong>\n<\/td>\n<\/tr\n\n\n<tr>\n<td width=\"550\" height=\"20\" align=\"left\"><strong>Nest 1.5&#8243;<\/strong><\/td>\n<td width=\"250\" align=\"left\">5102655<\/td>\n<\/tr>\n<\/tbody>\n<\/table>\n<div style=\"height:50px\" aria-hidden=\"true\" class=\"wp-block-spacer\"><\/div>\n<h2 class=\"wp-block-heading\"><strong>Konturnest 1.5<\/strong><\/h2>\n<div class=\"wp-block-image\">\n<figure class=\"alignleft is-resized\"><a href=\"https:\/\/www.glm-laser.com\/glm\/wp-content\/uploads\/SMR-Eck-Kopie.jpg\" class=\"gallery_colorbox\"><img loading=\"lazy\" decoding=\"async\" src=\"https:\/\/www.glm-laser.com\/glm\/wp-content\/uploads\/SMR-Eck-Kopie.jpg\"  alt=\"Base1.5 contur\" width=\"134\" height=\"62\"\/><\/a><\/figure>\n<\/div>\n<p>Das magnetische Nest mit 25 mm Offset f\u00fcr Kugelreflektoren mit einem&nbsp; Durchmesser von 1,5\u201d ist zum Aufmessen von Konturen. Die Spitze des Quadranten liegt im Zentrum, sodass es in einem beliebigen Winkel an die Kante gehalten werden kann und die 3 Punkt Auflage erm\u00f6glicht eine zuverl\u00e4ssige Zentrierung im Mittelpunkt des Nestes. In Anwendung mit SMR und TBR.<\/p>\n<table width=\"350\" cellspacing=\"0\" cellpadding=\"0\" border=\"0\">\n<colgroup>\n<col width=\"206\">\n<col width=\"80\">\n<col width=\"173\"><\/colgroup>\n<tbody>\n<tr>\n<td width=\"550\" height=\"20\" align=\"left\"><strong>Beschreibung<\/strong><\/td>\n<td width=\"250\" align=\"left\"><strong>Bestellnr.<\/strong>\n<\/td>\n<\/tr>\n<tr>\n<td width=\"550\" height=\"20\" align=\"left\"><strong>Konturnest 1.5&#8243;<br \/>\n<\/strong><\/td>\n<td width=\"250\" align=\"left\">OMS5101514<\/td>\n<\/tr>\n<\/tbody>\n<\/table>\n<div style=\"height:20px\" aria-hidden=\"true\" class=\"wp-block-spacer\"><\/div>\n<h2 class=\"wp-block-heading\"><strong>Kantennest 1.5<\/strong><\/h2>\n<div class=\"wp-block-image\">\n<figure class=\"alignright is-resized\"><a href=\"https:\/\/www.glm-laser.com\/glm\/wp-content\/uploads\/SMR-Kant-Kopie-1024x718.jpg\" class=\"gallery_colorbox\"><img loading=\"lazy\" decoding=\"async\" src=\"https:\/\/www.glm-laser.com\/glm\/wp-content\/uploads\/SMR-Kant-Kopie-1024x718.jpg\"  alt=\"Base 1.5&quot; edge\" width=\"144\" height=\"100\"\/><\/a><\/figure>\n<\/div>\n<p>Das magnetische Nest mit 25 mm Offset f\u00fcr Kugelreflektoren mit einem&nbsp; Durchmesser von 1,5\u201d ist zum Aufmessen von Kanten und die 3 Punkt Auflage erm\u00f6glicht eine zuverl\u00e4ssige Zentrierung im Mittelpunkt des Nestes. In Anwendung mit SMR und TBR.<\/p>\n<table width=\"350\" cellspacing=\"0\" cellpadding=\"0\" border=\"0\">\n<colgroup>\n<col width=\"206\">\n<col width=\"80\">\n<col width=\"173\"><\/colgroup>\n<tbody>\n<tr>\n<td width=\"550\" height=\"20\" align=\"left\"><strong>Beschreibung<\/strong><\/td>\n<td width=\"250\" align=\"left\"><strong>Bestellnr.<\/strong>\n<\/td>\n<\/tr>\n<tr>\n<td width=\"550\" height=\"20\" align=\"left\"><strong>Kantennest 1.5&#8243; <\/strong><\/td>\n<td width=\"250\" align=\"left\">OMS5101486<\/td>\n<\/tr>\n<\/tbody>\n<\/table>\n<div style=\"height:20px\" aria-hidden=\"true\" class=\"wp-block-spacer\"><\/div>\n<h2 class=\"wp-block-heading\"><strong>Stiftnest 1.5&#8243;<\/strong><\/h2>\n<div class=\"wp-block-image\">\n<figure class=\"alignright is-resized\"><img loading=\"lazy\" decoding=\"async\" src=\"https:\/\/www.glm-laser.com\/glm\/wp-content\/uploads\/SMR-Pin.jpg\" alt=\"Base_1,5&quot;_Pin\" width=\"127\" height=\"127\"\/><\/figure>\n<\/div>\n<p>Das magnetische Nest mit 25 mm Offset f\u00fcr Kugelreflektoren mit einem&nbsp; Durchmesser von 1,5\u201d Am Nest ist ein konzentrischen Bolzen, der das Aufmessen von Bohrungen erm\u00f6glicht. Die 3 Punkt Auflage erm\u00f6glicht eine zuverl\u00e4ssige Zentrierung in der Nestmitte, welche exakt in der Bolzenachse liegt. Anwendung mit SMR und TBR<\/p>\n<table width=\"350\" cellspacing=\"0\" cellpadding=\"0\" border=\"0\">\n<colgroup>\n<col width=\"206\">\n<col width=\"80\">\n<col width=\"173\"><\/colgroup>\n<tbody>\n<tr>\n<td width=\"750\" height=\"20\" align=\"left\"><strong>Beschreibung<\/strong><\/td>\n<td width=\"250\" align=\"left\"><strong>Bestellnr. .<\/strong>\n<\/td>\n<\/tr>\n<tr>\n<td width=\"750\" height=\"20\" align=\"left\"><strong>Nest 1.5&#8243; mit 6mm Stift<\/strong><\/td>\n<td width=\"250\" align=\"left\">OMS5102661\n<\/td>\n<\/tr>\n<tr>\n<td width=\"750\" height=\"20\" align=\"left\"><strong>Nest 1.5&#8243; mit 8mm Stift<\/strong><\/td>\n<td width=\"250\" align=\"left\">OMS5102738\n<\/td>\n<\/tr>\n<tr>\n<td width=\"750\" height=\"20\" align=\"left\"><strong>Nest 1.5&#8243; mit 10mm Stift<\/strong><\/td>\n<td width=\"250\" align=\"left\">OMS5101487\n<\/td>\n<\/tr>\n<tr>\n<td width=\"750\" height=\"20\" align=\"left\"><strong>Nest 1.5&#8243; mit 12mm Stift<\/strong><\/td>\n<td width=\"250\" align=\"left\">OMS5102739\n<\/td>\n<\/tr>\n<\/tbody>\n<\/table>\n<div style=\"height:20px\" aria-hidden=\"true\" class=\"wp-block-spacer\"><\/div>\n<h2 class=\"wp-block-heading\"><strong>Kugeladapter<\/strong><\/h2>\n<div class=\"wp-block-image\">\n<figure class=\"alignright is-resized\"><a href=\"https:\/\/www.glm-laser.com\/glm\/wp-content\/uploads\/KugBSK-Kopie-1024x542.jpg\" class=\"gallery_colorbox\"><img loading=\"lazy\" decoding=\"async\" src=\"https:\/\/www.glm-laser.com\/glm\/wp-content\/uploads\/KugBSK-Kopie-1024x542.jpg\"  alt=\"Spherical adapter\" width=\"187\" height=\"98\"\/><\/a><\/figure>\n<\/div>\n<p> Kugeladapter f\u00fcr Bohrungen mit magnetischer und zentrischer Aufnahme f\u00fcr 1,5\u201d Kugelreflektoren <\/p>\n<table width=\"350\" cellspacing=\"0\" cellpadding=\"0\" border=\"0\">\n<colgroup>\n<col width=\"206\">\n<col width=\"80\">\n<col width=\"173\"><\/colgroup>\n<tbody>\n<tr>\n<td width=\"580\" height=\"20\" align=\"left\"><strong>Bohrungen zwischen:<br \/>\n<\/strong><\/td>\n<td width=\"250\" align=\"left\"><strong>Bestellnr. <\/strong>\n<\/td>\n<\/tr\n\n\n<tr>\n<td width=\"580\" height=\"20\" align=\"left\"><strong>25 &#8211; 53 mm<\/strong><\/td>\n<td width=\"250\" align=\"left\">OMS5101983<\/td>\n<\/tr>\n<tr>\n<td width=\"580\" height=\"20\" align=\"left\"><strong>35 &#8211; 75 mm<\/strong><\/td>\n<td width=\"250\" align=\"left\">OMS5102025<\/td>\n<\/tr>\n<tr>\n<td width=\"580\" height=\"20\" align=\"left\"><strong>45 &#8211; 65 mm<\/strong><\/td>\n<td width=\"250\" align=\"left\">OMS5101237<\/td>\n<\/tr>\n<tr>\n<td width=\"580\" height=\"20\" align=\"left\"><strong>60 &#8211; 80 mm<\/strong><\/td>\n<td width=\"250\" align=\"left\">OMS5101238<\/td>\n<\/tr>\n<tr>\n<td width=\"580\" height=\"20\" align=\"left\"><strong>95 &#8211; 110 mm<\/strong><\/td>\n<td width=\"250\" align=\"left\">OMS5101246<\/td>\n<\/tr>\n<tr>\n<td width=\"580\" height=\"20\" align=\"left\"><strong>100 &#8211; 130 mm<\/strong><\/td>\n<td width=\"250\" align=\"left\">OMS5101247<\/td>\n<\/tr>\n<\/tbody>\n<\/table>\n<div class=\"wp-block-image\">\n<figure class=\"alignright is-resized\"><a href=\"https:\/\/www.glm-laser.com\/glm\/wp-content\/uploads\/Kugeladapter_1.5-Kopie.jpg\" class=\"gallery_colorbox\"><img loading=\"lazy\" decoding=\"async\" src=\"https:\/\/www.glm-laser.com\/glm\/wp-content\/uploads\/Kugeladapter_1.5-Kopie-1024x762.jpg\"  alt=\"Kugeladapter 1.5 f\u00fcr Bohrungen\" class=\"wp-image-6670\" width=\"196\" height=\"145\" srcset=\"https:\/\/www.glm-laser.com\/glm\/wp-content\/uploads\/Kugeladapter_1.5-Kopie-1024x762.jpg 1024w, https:\/\/www.glm-laser.com\/glm\/wp-content\/uploads\/Kugeladapter_1.5-Kopie-300x223.jpg 300w, https:\/\/www.glm-laser.com\/glm\/wp-content\/uploads\/Kugeladapter_1.5-Kopie-768x572.jpg 768w, https:\/\/www.glm-laser.com\/glm\/wp-content\/uploads\/Kugeladapter_1.5-Kopie.jpg 2028w\" sizes=\"(max-width: 196px) 100vw, 196px\" \/><\/a><figcaption>Kugeladapter in Kombination mit TBR<\/figcaption><\/figure>\n<\/div>\n<div style=\"height:100px\" aria-hidden=\"true\" class=\"wp-block-spacer\"><\/div>\n<\/p>\n<p>Ben\u00f6tigen Sie weiteres Zubeh\u00f6r? Dann schauen Sie auf unser umfangreiches Angebot, indem Sie <a href=\"https:\/\/www.glm-laser.com\/glm\/optische-vermessungsinstrumente-2\/zubehoer-2\/\"><strong>hier klicken<\/strong><\/a><\/p>\n","protected":false},"excerpt":{"rendered":"<p>Verschiedene magnetische Nester f\u00fcr Kugelreflektoren mit 1,5&#8243;. Adapter f\u00fcr Kanten, Konturen und Bohrungen. Verwendung mit einem Tachymeter. Nest 1.5&#8243; Das magnetische Nest mit 25 mm Offset ist f\u00fcr Kugelreflektoren mit einem&nbsp; Durchmesser von 1,5\u201d. Die 3 Punkt Auflage erm\u00f6glicht eine zuverl\u00e4ssige Zentrierung im Mittelpunkt des Nestes. In Anwendung mit SMR und TBR. Beschreibung Bestellnr.<\/p>\n","protected":false},"author":4,"featured_media":0,"parent":703,"menu_order":4,"comment_status":"closed","ping_status":"closed","template":"page_submenu.php","meta":{"footnotes":""},"class_list":["post-6641","page","type-page","status-publish","hentry"],"_links":{"self":[{"href":"https:\/\/www.glm-laser.com\/glm\/wp-json\/wp\/v2\/pages\/6641"}],"collection":[{"href":"https:\/\/www.glm-laser.com\/glm\/wp-json\/wp\/v2\/pages"}],"about":[{"href":"https:\/\/www.glm-laser.com\/glm\/wp-json\/wp\/v2\/types\/page"}],"author":[{"embeddable":true,"href":"https:\/\/www.glm-laser.com\/glm\/wp-json\/wp\/v2\/users\/4"}],"replies":[{"embeddable":true,"href":"https:\/\/www.glm-laser.com\/glm\/wp-json\/wp\/v2\/comments?post=6641"}],"version-history":[{"count":34,"href":"https:\/\/www.glm-laser.com\/glm\/wp-json\/wp\/v2\/pages\/6641\/revisions"}],"predecessor-version":[{"id":6849,"href":"https:\/\/www.glm-laser.com\/glm\/wp-json\/wp\/v2\/pages\/6641\/revisions\/6849"}],"up":[{"embeddable":true,"href":"https:\/\/www.glm-laser.com\/glm\/wp-json\/wp\/v2\/pages\/703"}],"wp:attachment":[{"href":"https:\/\/www.glm-laser.com\/glm\/wp-json\/wp\/v2\/media?parent=6641"}],"curies":[{"name":"wp","href":"https:\/\/api.w.org\/{rel}","templated":true}]}}