{"id":6700,"date":"2020-10-19T12:00:36","date_gmt":"2020-10-19T10:00:36","guid":{"rendered":"https:\/\/www.glm-laser.com\/glm\/?page_id=6700"},"modified":"2022-05-25T11:28:53","modified_gmt":"2022-05-25T09:28:53","slug":"klebezielmarken","status":"publish","type":"page","link":"https:\/\/www.glm-laser.com\/glm\/optische-vermessungsinstrumente-3\/zubehoer-2\/klebezielmarken\/","title":{"rendered":"Klebezielmarken"},"content":{"rendered":"<h1 class=\"wp-block-heading\">Klebezielmarken<\/h1>\n<div class=\"wp-block-image\">\n<figure class=\"alignright is-resized\"><a href=\"https:\/\/www.glm-laser.com\/glm\/wp-content\/uploads\/Sheets-Kopie-1024x640.jpg\" class=\"gallery_colorbox\"><img loading=\"lazy\" decoding=\"async\" src=\"https:\/\/www.glm-laser.com\/glm\/wp-content\/uploads\/Sheets-Kopie-1024x640.jpg\"  alt=\"Dieses Bild hat ein leeres Alt-Attribut. Der Dateiname ist Sheets-Kopie-1024x640.jpg\" width=\"209\" height=\"130\"\/><\/a><\/figure>\n<\/div>\n<p>Die Klebezielmarken verwenden Mikroprismen und verf\u00fcgen \u00fcber eine Klebeband an der R\u00fcckseite zum direkten Befestigung am Objekt.  <\/p>\n<p>Die Prismenkonstante bei allen Reflexionsfolien ist f\u00fcr alle Sokkia Instrumente &#8222;0&#8220;.<\/p>\n<p>Die 0,4mm dicken selbstklebenden Folien lassen sich durch leichtes Andr\u00fccken an jeder trockenen Oberfl\u00e4che anbringen.<\/p>\n<div style=\"height:100px\" aria-hidden=\"true\" class=\"wp-block-spacer\"><\/div>\n<h2 class=\"wp-block-heading\">Normale Strichst\u00e4rke<\/h2>\n<div class=\"wp-block-image\">\n<figure class=\"alignright is-resized\"><a href=\"https:\/\/www.glm-laser.com\/glm\/wp-content\/uploads\/RSXXN-R.png\" class=\"gallery_colorbox\"><img loading=\"lazy\" decoding=\"async\" src=\"https:\/\/www.glm-laser.com\/glm\/wp-content\/uploads\/RSXXN-R.png\"  alt=\"RSXXN-R\" width=\"160\" height=\"246\"\/><\/a><\/figure>\n<\/div>\n<table width=\"350\" cellspacing=\"0\" cellpadding=\"0\" border=\"0\">\n<colgroup>\n<col width=\"206\">\n<col width=\"80\">\n<col width=\"173\"><\/colgroup>\n<tbody>\n<tr>\n<td width=\"380\" height=\"20\" align=\"left\"><strong>Beschreibung<\/strong><\/td>\n<td width=\"270\" align=\"left\"><strong>Ma\u00dfe<\/strong><\/td>\n<td width=\"250\" align=\"left\"><strong>Bestellnr.<\/strong>\n<\/td>\n<\/tr\n\n\n<tr>\n<td width=\"380\" height=\"20\" align=\"left\"><strong>RS10N-R<\/strong><\/td>\n<td width=\"270\" align=\"left\">10x10mm<\/td>\n<td width=\"250\" align=\"left\">OMS80<\/td>\n<\/tr>\n<tr>\n<td width=\"380\" height=\"20\" align=\"left\"><strong>RS15N-R<\/strong><\/td>\n<td width=\"270\" align=\"left\">15x15mm<\/td>\n<td width=\"250\" align=\"left\">OMS81<\/td>\n<\/tr>\n<tr>\n<td width=\"380\" height=\"20\" align=\"left\"><strong>RS20N-R<\/strong><\/td>\n<td width=\"270\" align=\"left\">20x20mm<\/td>\n<td width=\"250\" align=\"left\">OMS82<\/td>\n<\/tr>\n<tr>\n<td width=\"380\" height=\"20\" align=\"left\"><strong>RS30N-R<\/strong><\/td>\n<td width=\"270\" align=\"left\">30x30mm<\/td>\n<td width=\"250\" align=\"left\">OMS83<\/td>\n<\/tr>\n<tr>\n<td width=\"380\" height=\"20\" align=\"left\"><strong>RS50N-R<\/strong><\/td>\n<td width=\"250\" align=\"left\">50x50mm<\/td>\n<td width=\"250\" align=\"left\">OMS84<\/td>\n<\/tr>\n<tr>\n<td width=\"380\" height=\"20\" align=\"left\"><strong><\/strong><\/td>\n<td width=\"250\" align=\"left\"><\/td>\n<td width=\"250\" align=\"left\"><\/td>\n<\/tr>\n<tr>\n<td width=\"380\" height=\"20\" align=\"left\"><strong>RS70N-R<\/strong><\/td>\n<td width=\"270\" align=\"left\">70x70mm<\/td>\n<td width=\"250\" align=\"left\">OMS85<\/td>\n<\/tr>\n<tr>\n<td width=\"380\" height=\"20\" align=\"left\"><strong>RS90N-R<\/strong><\/td>\n<td width=\"270\" align=\"left\">90x90mm<\/td>\n<td width=\"250\" align=\"left\">OMS86<\/td>\n<\/tr>\n<\/tbody>\n<\/table>\n<div style=\"height:100px\" aria-hidden=\"true\" class=\"wp-block-spacer\"><\/div>\n<h2 class=\"wp-block-heading\">D\u00fcnne Strichst\u00e4rke<\/h2>\n<div class=\"wp-block-image\">\n<figure class=\"alignright is-resized\"><a href=\"https:\/\/www.glm-laser.com\/glm\/wp-content\/uploads\/RSXXT.png\" class=\"gallery_colorbox\"><img loading=\"lazy\" decoding=\"async\" src=\"https:\/\/www.glm-laser.com\/glm\/wp-content\/uploads\/RSXXT.png\"  alt=\"RSXXT\" width=\"165\" height=\"128\"\/><\/a><\/figure>\n<\/div>\n<table width=\"350\" cellspacing=\"0\" cellpadding=\"0\" border=\"0\">\n<colgroup>\n<col width=\"206\">\n<col width=\"80\">\n<col width=\"173\"><\/colgroup>\n<tbody>\n<tr>\n<td width=\"380\" height=\"20\" align=\"left\"><strong>Beschreibung<\/strong><\/td>\n<td width=\"270\" align=\"left\"><strong>Ma\u00dfe<\/strong><\/td>\n<td width=\"250\" align=\"left\"><strong>Bestellnr.<\/strong>\n<\/td>\n<\/tr\n\n\n<tr>\n<td width=\"380\" height=\"20\" align=\"left\"><strong>RS05T-R<\/strong><\/td>\n<td width=\"270\" align=\"left\">5x5mm<\/td>\n<td width=\"250\" align=\"left\">OMS5101018<\/td>\n<\/tr>\n<tr>\n<td width=\"380\" height=\"20\" align=\"left\"><strong>RS10T-R<\/strong><\/td>\n<td width=\"270\" align=\"left\">10x10mm<\/td>\n<td width=\"250\" align=\"left\">OMS88<\/td>\n<\/tr>\n<tr>\n<td width=\"380\" height=\"20\" align=\"left\"><strong>RS15T-R<\/strong><\/td>\n<td width=\"270\" align=\"left\">15x15mm<\/td>\n<td width=\"250\" align=\"left\">OMS5101111<\/td>\n<\/tr>\n<tr>\n<td width=\"380\" height=\"20\" align=\"left\"><strong>RS20T-R<\/strong><\/td>\n<td width=\"270\" align=\"left\">20x20mm<\/td>\n<td width=\"250\" align=\"left\">OMS89<\/td>\n<\/tr>\n<tr>\n<td width=\"380\" height=\"20\" align=\"left\"><strong>RS30T-R<\/strong><\/td>\n<td width=\"250\" align=\"left\">30x30mm<\/td>\n<td width=\"250\" align=\"left\">OMS90<\/td>\n<\/tr>\n<\/tbody>\n<\/table>\n<div style=\"height:100px\" aria-hidden=\"true\" class=\"wp-block-spacer\"><\/div>\n<div class=\"wp-block-image\">\n<figure class=\"alignright is-resized\"><a href=\"https:\/\/www.glm-laser.com\/glm\/wp-content\/uploads\/RSXXH.jpg\" class=\"gallery_colorbox\"><img loading=\"lazy\" decoding=\"async\" src=\"https:\/\/www.glm-laser.com\/glm\/wp-content\/uploads\/RSXXH.jpg\"  alt=\"RSXXH\" width=\"166\" height=\"216\"\/><\/a><\/figure>\n<\/div>\n<h2 class=\"wp-block-heading\">Halbe Zielmarken,Normale Strichst\u00e4rke<\/h2>\n<table width=\"350\" cellspacing=\"0\" cellpadding=\"0\" border=\"0\">\n<colgroup>\n<col width=\"206\">\n<col width=\"80\">\n<col width=\"173\"><\/colgroup>\n<tbody>\n<tr>\n<td width=\"380\" height=\"20\" align=\"left\"><strong>Beschreibung<\/strong><\/td>\n<td width=\"270\" align=\"left\"><strong>Ma\u00dfe<\/strong><\/td>\n<td width=\"250\" align=\"left\"><strong>Bestellnr.<\/strong>\n<\/td>\n<\/tr\n\n\n<tr>\n<td width=\"380\" height=\"20\" align=\"left\"><strong>RS20H<\/strong><\/td>\n<td width=\"270\" align=\"left\">20x10mm<\/td>\n<td width=\"250\" align=\"left\">OMS91<\/td>\n<\/tr>\n<tr>\n<td width=\"380\" height=\"20\" align=\"left\"><strong>RS30H<\/strong><\/td>\n<td width=\"270\" align=\"left\">30x15mm<\/td>\n<td width=\"250\" align=\"left\">OMS92<\/td>\n<\/tr>\n<tr>\n<td width=\"380\" height=\"20\" align=\"left\"><strong>RS50H<\/strong><\/td>\n<td width=\"270\" align=\"left\">50x25mm<\/td>\n<td width=\"250\" align=\"left\">OMS93<\/td>\n<\/tr>\n<tr>\n<td width=\"380\" height=\"20\" align=\"left\"><strong><\/strong><\/td>\n<td width=\"270\" align=\"left\"><\/td>\n<td width=\"250\" align=\"left\"><\/td>\n<\/tr\n\n<tr>\n<td width=\"380\" height=\"20\" align=\"left\"><strong><\/strong><\/td>\n<td width=\"270\" align=\"left\"><\/td>\n<td width=\"250\" align=\"left\"><\/td>\n<\/tr\n\n\n<tr>\n<td width=\"380\" height=\"20\" align=\"left\"><strong>RS90H<\/strong><\/td>\n<td width=\"270\" align=\"left\">90x45mm<\/td>\n<td width=\"250\" align=\"left\">OMS94<\/td>\n<\/tr>\n<\/tbody>\n<\/table>\n<div style=\"height:30px\" aria-hidden=\"true\" class=\"wp-block-spacer\"><\/div>\n<p>Ben\u00f6tigen Sie weiteres Zubeh\u00f6r? Dann schauen Sie auf unser umfangreiches Angebot, indem Sie <a href=\"https:\/\/www.glm-laser.com\/glm\/optische-vermessungsinstrumente-2\/zubehoer-2\/\"><strong>hier klicken<\/strong><\/a><\/p><\/p>\n","protected":false},"excerpt":{"rendered":"<p>Klebezielmarken Die Klebezielmarken verwenden Mikroprismen und verf\u00fcgen \u00fcber eine Klebeband an der R\u00fcckseite zum direkten Befestigung am Objekt. Die Prismenkonstante bei allen Reflexionsfolien ist f\u00fcr alle Sokkia Instrumente &#8222;0&#8220;. Die 0,4mm dicken selbstklebenden Folien lassen sich durch leichtes Andr\u00fccken an jeder trockenen Oberfl\u00e4che anbringen. Normale Strichst\u00e4rke Beschreibung Ma\u00dfe Bestellnr.<\/p>\n","protected":false},"author":4,"featured_media":0,"parent":703,"menu_order":5,"comment_status":"closed","ping_status":"closed","template":"page_submenu.php","meta":{"footnotes":""},"class_list":["post-6700","page","type-page","status-publish","hentry"],"_links":{"self":[{"href":"https:\/\/www.glm-laser.com\/glm\/wp-json\/wp\/v2\/pages\/6700"}],"collection":[{"href":"https:\/\/www.glm-laser.com\/glm\/wp-json\/wp\/v2\/pages"}],"about":[{"href":"https:\/\/www.glm-laser.com\/glm\/wp-json\/wp\/v2\/types\/page"}],"author":[{"embeddable":true,"href":"https:\/\/www.glm-laser.com\/glm\/wp-json\/wp\/v2\/users\/4"}],"replies":[{"embeddable":true,"href":"https:\/\/www.glm-laser.com\/glm\/wp-json\/wp\/v2\/comments?post=6700"}],"version-history":[{"count":20,"href":"https:\/\/www.glm-laser.com\/glm\/wp-json\/wp\/v2\/pages\/6700\/revisions"}],"predecessor-version":[{"id":10164,"href":"https:\/\/www.glm-laser.com\/glm\/wp-json\/wp\/v2\/pages\/6700\/revisions\/10164"}],"up":[{"embeddable":true,"href":"https:\/\/www.glm-laser.com\/glm\/wp-json\/wp\/v2\/pages\/703"}],"wp:attachment":[{"href":"https:\/\/www.glm-laser.com\/glm\/wp-json\/wp\/v2\/media?parent=6700"}],"curies":[{"name":"wp","href":"https:\/\/api.w.org\/{rel}","templated":true}]}}