{"id":677,"date":"2016-04-07T15:21:12","date_gmt":"2016-04-07T13:21:12","guid":{"rendered":"http:\/\/www.glm-laser.com\/?page_id=677"},"modified":"2021-11-08T15:40:35","modified_gmt":"2021-11-08T14:40:35","slug":"partner-und-foren","status":"publish","type":"page","link":"https:\/\/www.glm-laser.com\/glm\/ueber-glm\/partner-und-foren\/","title":{"rendered":"Partner und Foren"},"content":{"rendered":"<div class=\"rex-cnt-slc-otp\">\n<div class=\"rex-cnt-slc-otp2\">\n<h1>Partner von GLM &#8211; Laserme\u00dftechnik<img loading=\"lazy\" decoding=\"async\" class=\"alignright wp-image-631\" src=\"https:\/\/www.glm-laser.com\/glm\/wp-content\/uploads\/glm-logo-mit-claim-rgb-300dpi-300x130.jpg\" alt=\"GLM Lasermesstechnik GmbH\" width=\"190\" height=\"84\" \/><\/h1>\n<p><a href=\"http:\/\/www.sokkia.eu\/\" target=\"_blank\" rel=\"noopener noreferrer\">Sokkia &#8211; Europa<\/a><\/p>\n<p><a href=\"http:\/\/us.sokkia.com\/about-us\" target=\"_blank\" rel=\"noopener noreferrer\">Sokkia &#8211; USA\u00a0<\/a><\/p>\n<p><u><strong>Sokkiah\u00e4ndler und Partner von GLM Laserme\u00dftechnik Weltweit:<\/strong><\/u><\/p>\n<p>Partner f\u00fcr die VAE (Vereinigten Arabischen Emirate) und Katar:<\/p>\n<p><a href=\"http:\/\/sigma-epd.com\/\" target=\"_parent\" rel=\"noopener noreferrer\">SIGMA Enterprises LLC, P.O. Box 96241 Dubai, United Arab Emirates\u00a0<\/a><\/p>\n<p><u><strong>H\u00e4ndler und Werkst\u00e4tten vor Ort:<\/strong><\/u><\/p>\n<p><a href=\"http:\/\/www.geotek-baulaser.de\/\" target=\"_blank\" rel=\"noopener noreferrer\">Geotek GmbH &amp; Co.KG; 06493 Ballenstedt, Gr\u00fcne Stra\u00dfe 26,<br \/>\nTel.: 039483-95233\u00a0<\/a><\/p>\n<p>Bodenburg Fachhandel f\u00fcr Verm.technik.; 06844 Dessau-Ro\u00dflau, Carl-Maria-v-Weber-Stra\u00dfe 14,\u00a0Tel: 0340-2202202<\/p>\n<p>Junghanns Vermessungstechnik &amp; Service; 07749 Jena, Fr.-Engels-Stra\u00dfe 17,<br \/>\nTel: 03641-336468<\/p>\n<p><a href=\"http:\/\/www.nivellier-baulaser.de\/\" target=\"_blank\" rel=\"noopener noreferrer\">Jochen Grosse Baulaser &amp; Nivelliertechnik; 41844 Wegberg, Johannes-Pellen-Sta\u00dfe 1,Tel: 02431-71893<\/a><\/p>\n<p>MERTENS GMBH K\u00f6ln-Vermessungs-Bedarf; 53340 Meckenheim, Haselweg 34,Tel: 02225-7039666<\/p>\n<p><a href=\"http:\/\/www.lohmann-siegen.de\/\" target=\"_blank\" rel=\"noopener noreferrer\">Fa. A Lohmann; 57080 Siegen, Rensbachstra\u00dfe 2a, Tel: 0271-392870\u00a0<\/a><\/p>\n<p>Goecke Bau-Service GmbH; 58332 Schwelm, Ruhrstra\u00dfe 38, Tel: 02336-479010<\/p>\n<p><a href=\"http:\/\/g-nestle.de\/\" target=\"_blank\" rel=\"noopener noreferrer\">Gottlieb NESTLE GmbH; 72280 Dornstetten,<strong>\u00a0 <\/strong>Freudenst\u00e4dter Stra\u00dfe 37-43 Tel: 07443-96370\u00a0 <\/a><\/p>\n<p><a href=\"http:\/\/www.rogoll-vermessung.de\/\" target=\"_blank\" rel=\"noopener noreferrer\">Rogoll Vermessungsger\u00e4teservice; 84405 Dorfen, Forach 1, Tel: 08085-187550<\/a><\/p>\n<p><u><strong>Empfohlene Foren:<\/strong><\/u><\/p>\n<p>Industrie- und Ingenieurvermessung\u00a0<\/p>\n<p><a href=\"http:\/\/www.forum-anlagenbau.de\/\" target=\"_blank\" rel=\"noopener noreferrer\" class=\"broken_link\">Anlagenbau<\/a><\/p>\n<p>Das Geod\u00e4tische Portal f\u00fcr Vermessung und Geomatik<\/p>\n<\/div>\n<\/div>\n","protected":false},"excerpt":{"rendered":"<p>Partner von GLM &#8211; Laserme\u00dftechnik Sokkia &#8211; Europa Sokkia &#8211; USA\u00a0 Sokkiah\u00e4ndler und Partner von GLM Laserme\u00dftechnik Weltweit: Partner f\u00fcr die VAE (Vereinigten Arabischen Emirate) und Katar: SIGMA Enterprises LLC, P.O. Box 96241 Dubai, United Arab Emirates\u00a0 H\u00e4ndler und Werkst\u00e4tten vor Ort: Geotek GmbH &amp; Co.KG; 06493 Ballenstedt, Gr\u00fcne Stra\u00dfe 26, Tel.: 039483-95233\u00a0 Bodenburg Fachhandel [&hellip;]<\/p>\n","protected":false},"author":1,"featured_media":0,"parent":30,"menu_order":11,"comment_status":"closed","ping_status":"closed","template":"page_submenu.php","meta":{"footnotes":""},"class_list":["post-677","page","type-page","status-publish","hentry"],"_links":{"self":[{"href":"https:\/\/www.glm-laser.com\/glm\/wp-json\/wp\/v2\/pages\/677"}],"collection":[{"href":"https:\/\/www.glm-laser.com\/glm\/wp-json\/wp\/v2\/pages"}],"about":[{"href":"https:\/\/www.glm-laser.com\/glm\/wp-json\/wp\/v2\/types\/page"}],"author":[{"embeddable":true,"href":"https:\/\/www.glm-laser.com\/glm\/wp-json\/wp\/v2\/users\/1"}],"replies":[{"embeddable":true,"href":"https:\/\/www.glm-laser.com\/glm\/wp-json\/wp\/v2\/comments?post=677"}],"version-history":[{"count":8,"href":"https:\/\/www.glm-laser.com\/glm\/wp-json\/wp\/v2\/pages\/677\/revisions"}],"predecessor-version":[{"id":10012,"href":"https:\/\/www.glm-laser.com\/glm\/wp-json\/wp\/v2\/pages\/677\/revisions\/10012"}],"up":[{"embeddable":true,"href":"https:\/\/www.glm-laser.com\/glm\/wp-json\/wp\/v2\/pages\/30"}],"wp:attachment":[{"href":"https:\/\/www.glm-laser.com\/glm\/wp-json\/wp\/v2\/media?parent=677"}],"curies":[{"name":"wp","href":"https:\/\/api.w.org\/{rel}","templated":true}]}}