{"id":689,"date":"2016-04-08T13:34:34","date_gmt":"2016-04-08T11:34:34","guid":{"rendered":"http:\/\/www.glm-laser.com\/?page_id=689"},"modified":"2020-10-22T08:48:53","modified_gmt":"2020-10-22T06:48:53","slug":"3-dim-pt","status":"publish","type":"page","link":"https:\/\/www.glm-laser.com\/glm\/software-2\/pc-software-2\/3-dim-pt\/","title":{"rendered":"3-DIM PT"},"content":{"rendered":"<h1 class=\"wp-block-heading\">SOFTWARE ZUR 3D-VERMESSUNG <\/h1>\n<h1 class=\"wp-block-heading\">3-DIM PT<\/h1>\n<div class=\"wp-block-image\">\n<figure class=\"alignright is-resized\"><a href=\"https:\/\/www.glm-laser.com\/glm\/wp-content\/uploads\/3-dim-PT.jpg\" class=\"gallery_colorbox\"><img loading=\"lazy\" decoding=\"async\" src=\"https:\/\/www.glm-laser.com\/glm\/wp-content\/uploads\/3-dim-PT.jpg\"  alt=\"3-dim-PT\" class=\"wp-image-1958\" width=\"239\" height=\"172\"\/><\/a><\/figure>\n<\/div>\n<p>3-DIM PT ist eine Sammlung von Plug-Ins f\u00fcr <a href=\"https:\/\/www.glm-laser.com\/glm\/software-2\/pc-software-2\/3-dim-pt\/rhinoceros\/\">Rhino3D<\/a>.<\/p>\n<p>3-DIM PT ist Software f\u00fcr die Industrievermessung. Es beherrscht die Erfassung, Verarbeitung und Dokumentation von 3D Messungen. 3-Dim-PT eignet sich ideal f\u00fcr CAD basierte Anwendungen.<\/p>\n<p>3-DIM-PT ist stark, wenn es um Auswertungen zu Objektgeometrien (Primitiven) geht. Beispiele sind:<\/p>\n<ul class=\"wp-block-list\">\n<li>Freiformfl\u00e4che-Punkte<\/li>\n<li>Kreis-Punkte<\/li>\n<li>Gerade-Punkte<\/li>\n<\/ul>\n<p>Nat\u00fcrlich beherrscht 3-Dim-PT auch punktorientierte Auswertung. Zu H\u00f6chstleistung l\u00e4uft\u00a03-DIM-PT jedoch im Gespann mit <a href=\"https:\/\/www.glm-laser.com\/glm\/software-2\/pc-software-2\/3d-vermessung-software\/\">3-Dim PC-Basic<\/a> auf, zu dem es eine exzellente Schnittstelle hat. Auch zu <a href=\"https:\/\/www.glm-laser.com\/glm\/software-2\/poket-pc\/3-dim-observer\/\">3-Dim Observer<\/a> besteht eine ausgezeichnete Schnittstelle.<\/p>\n<p>Weitere Rhino3D Plug-Ins, welche zu 3-Dim PT geh\u00f6ren:<\/p>\n<ul class=\"wp-block-list\">\n<li><strong>Measurement Center<\/strong>\n<ul>\n<li>direkte Ansteuerung von Industrietachymetern <\/li>\n<\/ul>\n<\/li>\n<li><strong><a href=\"https:\/\/www.glm-laser.com\/glm\/3d-messsysteme-branchen\/vermessung-von-kranbahnen\/\">3-DIM Kran<\/a><\/strong>\n<ul>\n<li>Automatisierte Auswertefunktion bei Kranbahn-Vermessungen nach VDI357 <\/li>\n<\/ul>\n<\/li>\n<li><strong><a href=\"https:\/\/www.glm-laser.com\/glm\/3d-messsysteme-branchen\/maschinenausrichtung\/vermessung-von-papiermaschinen\/\">3-DIM Walze<\/a><\/strong>\n<ul>\n<li>Automatisierte Auswertefunktion der Parallelit\u00e4t von Walzen in Maschinen zur Hauptachse <\/li>\n<\/ul>\n<\/li>\n<li><strong>3-DIM Offshore<\/strong>\n<ul>\n<li>Erzeugung von Fl\u00e4chenmodelle von Offshore Rohren aus CAD Dateien Berechnung von Sattelschnitt und Schwei\u00dfnahtvorbereitung f\u00fcr die Rohrmontage <\/li>\n<\/ul>\n<\/li>\n<\/ul>\n<div class=\"wp-block-image\">\n<figure class=\"alignleft\"><img loading=\"lazy\" decoding=\"async\" width=\"38\" height=\"42\" src=\"https:\/\/www.glm-laser.com\/glm\/wp-content\/uploads\/pdf-icon.png\" alt=\"Download PDF\" class=\"wp-image-958\"\/><\/figure>\n<\/div>\n<p><a rel=\"noreferrer noopener\" aria-label=\" (\u00f6ffnet in neuem Tab)\" href=\"https:\/\/www.glm-laser.com\/glm\/wp-content\/uploads\/3-dim_pt_1.pdf\" target=\"_blank\">3-DIM PT Prospekt (837 kB)<br \/><\/a><a rel=\"noreferrer noopener\" aria-label=\" (\u00f6ffnet in neuem Tab)\" href=\"https:\/\/www.glm-laser.com\/glm\/wp-content\/uploads\/scannen_thorheyerdahl_4.pdf\" target=\"_blank\">Scannen Schiffsh\u00fclle (3 MB)<br \/><\/a><a rel=\"noreferrer noopener\" href=\"https:\/\/www.glm-laser.com\/glm\/wp-content\/uploads\/flyer_ist_soll_fl__chenvergleich.pdf\" target=\"_blank\">Flyer Ist Soll Fl\u00e4chenvergleich (1 MB)<\/a><\/p>\n","protected":false},"excerpt":{"rendered":"<p>SOFTWARE ZUR 3D-VERMESSUNG 3-DIM PT 3-DIM PT ist eine Sammlung von Plug-Ins f\u00fcr Rhino3D. 3-DIM PT ist Software f\u00fcr die Industrievermessung. Es beherrscht die Erfassung, Verarbeitung und Dokumentation von 3D Messungen. 3-Dim-PT eignet sich ideal f\u00fcr CAD basierte Anwendungen. 3-DIM-PT ist stark, wenn es um Auswertungen zu Objektgeometrien (Primitiven) geht. Beispiele sind: Freiformfl\u00e4che-Punkte Kreis-Punkte Gerade-Punkte [&hellip;]<\/p>\n","protected":false},"author":1,"featured_media":0,"parent":146,"menu_order":2,"comment_status":"closed","ping_status":"closed","template":"page_submenu.php","meta":{"footnotes":""},"class_list":["post-689","page","type-page","status-publish","hentry"],"_links":{"self":[{"href":"https:\/\/www.glm-laser.com\/glm\/wp-json\/wp\/v2\/pages\/689"}],"collection":[{"href":"https:\/\/www.glm-laser.com\/glm\/wp-json\/wp\/v2\/pages"}],"about":[{"href":"https:\/\/www.glm-laser.com\/glm\/wp-json\/wp\/v2\/types\/page"}],"author":[{"embeddable":true,"href":"https:\/\/www.glm-laser.com\/glm\/wp-json\/wp\/v2\/users\/1"}],"replies":[{"embeddable":true,"href":"https:\/\/www.glm-laser.com\/glm\/wp-json\/wp\/v2\/comments?post=689"}],"version-history":[{"count":22,"href":"https:\/\/www.glm-laser.com\/glm\/wp-json\/wp\/v2\/pages\/689\/revisions"}],"predecessor-version":[{"id":7070,"href":"https:\/\/www.glm-laser.com\/glm\/wp-json\/wp\/v2\/pages\/689\/revisions\/7070"}],"up":[{"embeddable":true,"href":"https:\/\/www.glm-laser.com\/glm\/wp-json\/wp\/v2\/pages\/146"}],"wp:attachment":[{"href":"https:\/\/www.glm-laser.com\/glm\/wp-json\/wp\/v2\/media?parent=689"}],"curies":[{"name":"wp","href":"https:\/\/api.w.org\/{rel}","templated":true}]}}