{"id":694,"date":"2016-04-08T13:49:56","date_gmt":"2016-04-08T11:49:56","guid":{"rendered":"http:\/\/www.glm-laser.com\/?page_id=694"},"modified":"2021-10-07T10:49:02","modified_gmt":"2021-10-07T08:49:02","slug":"3-dim-observer","status":"publish","type":"page","link":"https:\/\/www.glm-laser.com\/glm\/software-2\/poket-pc\/3-dim-observer\/","title":{"rendered":"3-DIM Observer"},"content":{"rendered":"<h1 class=\"wp-block-heading\">3-DIM Observer &#8211; Software f\u00fcr die mobile Industrievermessung<\/h1>\n<div class=\"wp-block-image\">\n<figure class=\"alignright is-resized\"><img loading=\"lazy\" decoding=\"async\" src=\"https:\/\/www.glm-laser.com\/glm\/wp-content\/uploads\/3-DIM-Observer-1024x952.png\" alt=\"3-Dim Observer\" class=\"wp-image-3948\" width=\"218\" height=\"203\"\/><\/figure>\n<\/div>\n<p>Die Software<strong> 3-DIM Observer<\/strong> ist Bestandteile von 3D Messsystemen. Sie findet Ihre Anwendung bei den unterschiedlichsten Anforderungen der mobilen Industrievermessung. Sie ist erste Wahl, wenn Schnelligkeit, Flexibilit\u00e4t und Mobilit\u00e4t z\u00e4hlt.<\/p>\n<p>Seit 2004 wird diese mobile Software f\u00fcr die Industrievermessung von Anwendern&nbsp;f\u00fcr Anwender entwickelt. Jahrelange Erfahrung in der optischen Koordinatenmesstechnik sowie unz\u00e4hlige Anregungen <a href=\"https:\/\/www.glm-laser.com\/glm\/ueber-glm\/referenzkunden\/\">unserer Kunden<\/a> stellen hierf\u00fcr die Rahmenbedingungen her.<\/p>\n<p>Das Ergebnis ist eine einzigartige mobile 3D Software, die ihresgleichen sucht und ist der Standard z.B. im Schiffbau, Anlagenbau und in der Papierindustrie. Sie macht das 3D Messsystem zum <strong>Ein-Mann-System<\/strong>.<\/p>\n<p>Als Hardware f\u00fcr die mobile Software 3-DIM Observer dienen <a href=\"https:\/\/www.glm-laser.com\/glm\/optische-vermessungsinstrumente-2\/handrechner\/\">Handrechner<\/a> bzw. Pocket PCs. GLM Laserme\u00dftechnik empfiehlt hierbei den <a href=\"https:\/\/www.glm-laser.com\/glm\/optische-vermessungsinstrumente-3\/handrechner\/archer2-feldrechner\/\">Archer<\/a>2 und den <a href=\"https:\/\/www.glm-laser.com\/glm\/optische-vermessungsinstrumente-3\/handrechner\/mesa-feldrechner\/\">Mesa<\/a>.<\/p>\n<div class=\"wp-block-image\">\n<figure class=\"alignright is-resized\"><img loading=\"lazy\" decoding=\"async\" src=\"https:\/\/www.glm-laser.com\/glm\/wp-content\/uploads\/3-DIM-Observer_2-1.png\" alt=\"\" class=\"wp-image-3978\" width=\"243\" height=\"291\" srcset=\"https:\/\/www.glm-laser.com\/glm\/wp-content\/uploads\/3-DIM-Observer_2-1.png 511w, https:\/\/www.glm-laser.com\/glm\/wp-content\/uploads\/3-DIM-Observer_2-1-250x300.png 250w\" sizes=\"(max-width: 243px) 100vw, 243px\" \/><\/figure>\n<\/div>\n<p><strong>Die St\u00e4rken und Schwerpunkte<\/strong> dieses der mobilen Software f\u00fcr die Industrievermessung sind:<\/p>\n<ul class=\"wp-block-list\">\n<li><strong><a href=\"https:\/\/www.glm-laser.com\/glm\/wp-content\/uploads\/3-DIM-Observer_2-1.png\"><\/a>Direkter SOLL &#8211; IST Vergleich<\/strong> in Pr\u00fcfpunkten (3D Koordinaten X-Y-Z)<\/li>\n<\/ul>\n<ul class=\"wp-block-list\">\n<li><strong>Einfacher Standortwechsel<\/strong>\n<ul>\n<li>2 Punkte (Helmert 2D)<\/li>\n<li>3 und mehr Punkte (Helmert 2D und 3D)<\/li>\n<li>und mehr<\/li>\n<\/ul>\n<\/li>\n<\/ul>\n<ul class=\"wp-block-list\">\n<li><strong>Koordinatentransformationen<\/strong>\n<ul>\n<li>Ist an Soll (Punkt-Achse \/ Helmert 2D \/ Helmert 3D)<\/li>\n<li>Punkte (z.B. &#8222;Ursprung \/ x-Achse&#8220;)<\/li>\n<li>PAXOR (Ebene \/ Achse \/ Ursprung \/ Rotation)<\/li>\n<li>und mehr<\/li>\n<\/ul>\n<\/li>\n<\/ul>\n<ul class=\"wp-block-list\">\n<li>Viele <strong>Auswertefunktionen<\/strong>, z.B.:\n<ul>\n<li>Mittelpunkt auf Gerade<\/li>\n<li>Kreismittelpunkt \/ Rundheit<\/li>\n<li>Ebenen Fit<\/li>\n<li>und vieles mehr &#8230;..<\/li>\n<\/ul>\n<\/li>\n<\/ul>\n<ul class=\"wp-block-list\">\n<li><strong>Weitere Messfunktionen<\/strong>\n<ul>\n<li>Macht&nbsp;den <a href=\"https:\/\/www.glm-laser.com\/glm\/optische-vermessungsinstrumente-2\/net05ax-ii\/\">Industrietachymeter<\/a>&nbsp;zum <strong>Tracker<\/strong>. 3-Dim Observer in Verbindung mit einen Handrechner dient als Fernbedienung<\/li>\n<li>Macht den <a href=\"https:\/\/www.glm-laser.com\/glm\/optische-vermessungsinstrumente-2\/net05ax-ii\/\">Industrietachymeter<\/a>&nbsp;zum<strong> Scanner<\/strong> f\u00fcr reflektorlose automatische Messungen<\/li>\n<li><strong>Monitoring<\/strong>: \u00dcberwachung und Positionierung von Bauteilen<\/li>\n<li><strong>Iteratives Abstecken<\/strong> (Wahl einer Freien Achse)<\/li>\n<li><a href=\"https:\/\/www.glm-laser.com\/glm\/optische-vermessungsinstrumente-2\/zubehoer-2\/\">Zielmittel<\/a> k\u00f6nnen selbst konfiguriert werden (Messkugel SMR oder TBR, Mehrfachzielstabe, Folie&nbsp;&#8230;)<\/li>\n<li>Messen von Kontrollpunkten<\/li>\n<li>Und vieles mehr &#8230;. <\/li>\n<\/ul>\n<\/li>\n<\/ul>\n<ul class=\"wp-block-list\">\n<li><strong>Und noch<\/strong>\n<ul>\n<li><strong>Schnittstelle<\/strong> zu Excel, <a href=\"http:\/\/www.rhino3d.com\">Rhino3D<\/a> \u00fcber <a href=\"https:\/\/www.glm-laser.com\/glm\/software-2\/pc-software-2\/3-dim-pt\/\">3-Dim PT<\/a> und <a href=\"https:\/\/www.glm-laser.com\/glm\/software-2\/pc-software-2\/3d-vermessung-software\/\">3-DIM PC Basic<\/a><\/li>\n<li><strong>Ansteuerung aller Industrietachymeter<\/strong> der <a href=\"https:\/\/www.glm-laser.com\/glm\/optische-vermessungsinstrumente-2\/net05ax-ii\/\">Sokkia NET Serie<\/a> sowie die Totalstationen der <a href=\"https:\/\/www.glm-laser.com\/glm\/optische-vermessungsinstrumente-2\/sokkia-ix-serie\/\">iX Serie<\/a> <\/li>\n<li>Benutzerinterface verf\u00fcgbar in mehr als <strong>15 Sprachen<\/strong>. <\/li>\n<\/ul>\n<\/li>\n<\/ul>\n<p>Bei Fragen rufen Sie bitte an oder senden uns eine E-Mail. Wir beraten Sie gerne.<\/p>\n","protected":false},"excerpt":{"rendered":"<p>3-DIM Observer &#8211; Software f\u00fcr die mobile Industrievermessung Die Software 3-DIM Observer ist Bestandteile von 3D Messsystemen. Sie findet Ihre Anwendung bei den unterschiedlichsten Anforderungen der mobilen Industrievermessung. Sie ist erste Wahl, wenn Schnelligkeit, Flexibilit\u00e4t und Mobilit\u00e4t z\u00e4hlt. Seit 2004 wird diese mobile Software f\u00fcr die Industrievermessung von Anwendern&nbsp;f\u00fcr Anwender entwickelt. Jahrelange Erfahrung in der [&hellip;]<\/p>\n","protected":false},"author":1,"featured_media":0,"parent":149,"menu_order":2,"comment_status":"closed","ping_status":"closed","template":"page_submenu.php","meta":{"footnotes":""},"class_list":["post-694","page","type-page","status-publish","hentry"],"_links":{"self":[{"href":"https:\/\/www.glm-laser.com\/glm\/wp-json\/wp\/v2\/pages\/694"}],"collection":[{"href":"https:\/\/www.glm-laser.com\/glm\/wp-json\/wp\/v2\/pages"}],"about":[{"href":"https:\/\/www.glm-laser.com\/glm\/wp-json\/wp\/v2\/types\/page"}],"author":[{"embeddable":true,"href":"https:\/\/www.glm-laser.com\/glm\/wp-json\/wp\/v2\/users\/1"}],"replies":[{"embeddable":true,"href":"https:\/\/www.glm-laser.com\/glm\/wp-json\/wp\/v2\/comments?post=694"}],"version-history":[{"count":70,"href":"https:\/\/www.glm-laser.com\/glm\/wp-json\/wp\/v2\/pages\/694\/revisions"}],"predecessor-version":[{"id":9985,"href":"https:\/\/www.glm-laser.com\/glm\/wp-json\/wp\/v2\/pages\/694\/revisions\/9985"}],"up":[{"embeddable":true,"href":"https:\/\/www.glm-laser.com\/glm\/wp-json\/wp\/v2\/pages\/149"}],"wp:attachment":[{"href":"https:\/\/www.glm-laser.com\/glm\/wp-json\/wp\/v2\/media?parent=694"}],"curies":[{"name":"wp","href":"https:\/\/api.w.org\/{rel}","templated":true}]}}