{"id":703,"date":"2016-04-18T09:33:26","date_gmt":"2016-04-18T07:33:26","guid":{"rendered":"http:\/\/www.glm-laser.com\/?page_id=703"},"modified":"2020-11-10T12:06:28","modified_gmt":"2020-11-10T11:06:28","slug":"zubehoer-2","status":"publish","type":"page","link":"https:\/\/www.glm-laser.com\/glm\/optische-vermessungsinstrumente-3\/zubehoer-2\/","title":{"rendered":"Zubeh\u00f6r"},"content":{"rendered":"<h1 class=\"wp-block-heading\">Zubeh\u00f6r f\u00fcr die Industrievermessung<\/h1>\n<div class=\"wp-block-image\">\n<figure class=\"alignright\"><a href=\"https:\/\/www.glm-laser.com\/glm\/wp-content\/uploads\/zielmarkenkoffer_1.jpg\" class=\"gallery_colorbox\"><img decoding=\"async\" src=\"https:\/\/www.glm-laser.com\/glm\/wp-content\/uploads\/zielmarkenkoffer_1.jpg\"  alt=\"Zielmittel aus der Industrievermessung\"\/><\/a><\/figure>\n<\/div>\n<p>In der Industrievermessung reicht das herk\u00f6mmliche Zubeh\u00f6r aus der klassischen Vermessung in der Regel nicht aus.<\/p>\n<p>Um hohe Genauigkeiten bei kurzen Messzeiten zu erreichen, stehen verschiedene Zubeh\u00f6rteile zur Verf\u00fcgung:<\/p>\n<ul class=\"wp-block-list\">\n<li><a href=\"https:\/\/www.glm-laser.com\/glm\/optische-vermessungsinstrumente-3\/zubehoer-2\/magnetische-zielmarken\/\">Magnetische Zielmarken<\/a><\/li>\n<li><a href=\"https:\/\/www.glm-laser.com\/glm\/optische-vermessungsinstrumente-3\/zubehoer-2\/prismen-und-prismenstaebe\/\">Prismen, Prismenst\u00e4be und Stabstative<\/a><\/li>\n<li><a href=\"https:\/\/www.glm-laser.com\/glm\/optische-vermessungsinstrumente-3\/zubehoer-2\/kugelprismen\/\">Kugelprismen<\/a><\/li>\n<li><a href=\"https:\/\/www.glm-laser.com\/glm\/optische-vermessungsinstrumente-3\/zubehoer-2\/klebezielmarken\/\">Klebezielmarken<\/a><\/li>\n<li><a href=\"https:\/\/www.glm-laser.com\/glm\/optische-vermessungsinstrumente-3\/zubehoer-2\/kugelprismen-zubehoer\/\">Kugelprismen Zubeh\u00f6r<\/a><\/li>\n<li><a href=\"https:\/\/www.glm-laser.com\/glm\/optische-vermessungsinstrumente-3\/zubehoer-2\/adapter-fuer-exzentrische-3d-vermessung\/\">Adapter f\u00fcr Exzentrische 3D-Vermessung<\/a><\/li>\n<li><a href=\"https:\/\/www.glm-laser.com\/glm\/optische-vermessungsinstrumente-3\/zubehoer-2\/absteckadapter\/\">Absteckadapter<\/a><\/li>\n<li><a href=\"https:\/\/www.glm-laser.com\/glm\/optische-vermessungsinstrumente-3\/zubehoer-2\/adapter-standortwechsel\/\">Adapter Standortwechsel<\/a><\/li>\n<li><a href=\"https:\/\/www.glm-laser.com\/glm\/optische-vermessungsinstrumente-3\/zubehoer-2\/spezialzielmarken\/\">Spezialzielmarken<\/a><\/li>\n<li><a href=\"https:\/\/www.glm-laser.com\/glm\/optische-vermessungsinstrumente-3\/zubehoer-2\/adapter-fuer-messbohrungen\/\">Adapter f\u00fcr Messbohrungen 3D-Vermessung<\/a><\/li>\n<li><a href=\"https:\/\/www.glm-laser.com\/glm\/optische-vermessungsinstrumente-3\/zubehoer-2\/nivellierlatten\/\">Nivellierlatten<\/a><\/li>\n<li><a href=\"https:\/\/www.glm-laser.com\/glm\/optische-vermessungsinstrumente-3\/zubehoer-2\/kreuzschlitten\/\">Kreuzschlitten<\/a><\/li>\n<li><a href=\"https:\/\/www.glm-laser.com\/glm\/optische-vermessungsinstrumente-3\/zubehoer-2\/steilsichtokular\/\">Steilsichtokular<\/a><\/li>\n<li><a href=\"https:\/\/www.glm-laser.com\/glm\/optische-vermessungsinstrumente-3\/zubehoer-2\/stative\/\">Stative<\/a><\/li>\n<li><a href=\"https:\/\/www.glm-laser.com\/glm\/optische-vermessungsinstrumente-3\/zubehoer-2\/zielmittel\/\">Sonstiges<\/a><\/li>\n<\/ul>\n","protected":false},"excerpt":{"rendered":"<p>Zubeh\u00f6r f\u00fcr die Industrievermessung In der Industrievermessung reicht das herk\u00f6mmliche Zubeh\u00f6r aus der klassischen Vermessung in der Regel nicht aus. Um hohe Genauigkeiten bei kurzen Messzeiten zu erreichen, stehen verschiedene Zubeh\u00f6rteile zur Verf\u00fcgung: Magnetische Zielmarken Prismen, Prismenst\u00e4be und Stabstative Kugelprismen Klebezielmarken Kugelprismen Zubeh\u00f6r Adapter f\u00fcr Exzentrische 3D-Vermessung Absteckadapter Adapter Standortwechsel Spezialzielmarken Adapter f\u00fcr Messbohrungen 3D-Vermessung [&hellip;]<\/p>\n","protected":false},"author":1,"featured_media":0,"parent":19,"menu_order":30,"comment_status":"closed","ping_status":"closed","template":"page_submenu.php","meta":{"footnotes":""},"class_list":["post-703","page","type-page","status-publish","hentry"],"_links":{"self":[{"href":"https:\/\/www.glm-laser.com\/glm\/wp-json\/wp\/v2\/pages\/703"}],"collection":[{"href":"https:\/\/www.glm-laser.com\/glm\/wp-json\/wp\/v2\/pages"}],"about":[{"href":"https:\/\/www.glm-laser.com\/glm\/wp-json\/wp\/v2\/types\/page"}],"author":[{"embeddable":true,"href":"https:\/\/www.glm-laser.com\/glm\/wp-json\/wp\/v2\/users\/1"}],"replies":[{"embeddable":true,"href":"https:\/\/www.glm-laser.com\/glm\/wp-json\/wp\/v2\/comments?post=703"}],"version-history":[{"count":22,"href":"https:\/\/www.glm-laser.com\/glm\/wp-json\/wp\/v2\/pages\/703\/revisions"}],"predecessor-version":[{"id":9645,"href":"https:\/\/www.glm-laser.com\/glm\/wp-json\/wp\/v2\/pages\/703\/revisions\/9645"}],"up":[{"embeddable":true,"href":"https:\/\/www.glm-laser.com\/glm\/wp-json\/wp\/v2\/pages\/19"}],"wp:attachment":[{"href":"https:\/\/www.glm-laser.com\/glm\/wp-json\/wp\/v2\/media?parent=703"}],"curies":[{"name":"wp","href":"https:\/\/api.w.org\/{rel}","templated":true}]}}