{"id":711,"date":"2016-04-18T09:38:17","date_gmt":"2016-04-18T07:38:17","guid":{"rendered":"http:\/\/www.glm-laser.com\/?page_id=711"},"modified":"2020-10-22T12:32:31","modified_gmt":"2020-10-22T10:32:31","slug":"sokkia-sdl1x","status":"publish","type":"page","link":"https:\/\/www.glm-laser.com\/glm\/optische-vermessungsinstrumente-3\/sokkia-digitalnivellier\/sokkia-sdl1x\/","title":{"rendered":"Sokkia SDL1X"},"content":{"rendered":"<div class=\"rex-cnt-slc-otp\">\n<div class=\"rex-cnt-slc-otp2\">\n<h1>Das hochpr\u00e4zise Digitalnivellier SDL1X aus dem Hause Sokkia<\/h1>\n<div class=\"section\">\n<p align=\"justify\"><img loading=\"lazy\" decoding=\"async\" class=\"Sokkia SDL1X alignright wp-image-972 size-full\" title=\"Sokkia SDL1X\" src=\"https:\/\/www.glm-laser.com\/glm\/wp-content\/uploads\/SDL1x-Digiralnivellier_1.jpg\" alt=\"Sokkia SDL1X\" width=\"250\" height=\"188\" \/>Das Digitalnivellier SDL1X geh\u00f6rt zu dem pr\u00e4zisesten <a title=\"Optische H\u00f6henmessung\" href=\"https:\/\/www.glm-laser.com\/optische-hoehenmessung\/\">H\u00f6henmessinstrument<\/a>. Dieses Digitalnivellier unterscheidet sich durch die Implementierung fortschrittlichster Technologie zu den <a title=\"Sokkia Nivellier\" href=\"https:\/\/www.glm-laser.com\/glm\/optische-vermessungsinstrumente-2\/ingenieurnivelliere\/\">klassischen Nivellieren<\/a> durch:<\/p>\n<div align=\"justify\">\n<ul>\n<li>Selbsthorizontierend (bis zu +\/- 12 Minuten)<\/li>\n<li>Selbstablesend (keine Ablesung mehr durch den Beobachter; Fehlerquellen wie das verwechseln der reichenbachschen Distanzf\u00e4den mit den Zielkreuz scheiden aus)<\/li>\n<li>Selbstregistrierend (keine Aufschriebe mehr n\u00f6tig; die Fehlerquelle Zahlendreher entf\u00e4llt)<\/li>\n<li>Autofokus (das Scharfstellen des Zielkreuzes entf\u00e4llt)<\/li>\n<li>Ausl\u00f6sung der Messung durch Fernbedienung<\/li>\n<\/ul>\n<p><img loading=\"lazy\" decoding=\"async\" class=\"Sokkia SDL1X Anzielhilfe alignleft wp-image-971 size-full\" title=\"Sokkia SDL1X Anzielhilfe\" src=\"https:\/\/www.glm-laser.com\/glm\/wp-content\/uploads\/SDL1x-Anzielhilfe.jpg\" alt=\"Sokkia SDL1X Anzielhilfe\" width=\"200\" height=\"150\" \/><\/p>\n<p>Das SDL1X ist ein\u00a0<a title=\"Referenz 3D-Messsysteme\" href=\"https:\/\/www.glm-laser.com\/glm\/ueber-glm\/referenzkunden\/\">felderprobtes<\/a>\u00a0Digitalnivellier, es eignet sich hervorragend zur Ermittlung von H\u00f6henunterschieden. Die typischen Einsatzgebiete sind unter anderem:<\/p>\n<\/div>\n<div align=\"justify\">\n<ul>\n<li>Die pr\u00e4zise Ermittlung der Ebenheit gr\u00f6\u00dfere Fl\u00e4chen (z.B. Fundamente oder Hallenb\u00f6den)<\/li>\n<li>H\u00f6henmessung von Bodenprofilen<\/li>\n<li>Senkungsmessung (z.B. bei gr\u00f6\u00dferen und langwierigen Bauprojekten)<\/li>\n<li>Justierung von Walzen oder \u00e4hnlichen Maschinenteilen<\/li>\n<\/ul>\n<\/div>\n<p align=\"justify\">Der\u00a0<a title=\"IP Vermessungsinstrumente\" href=\"https:\/\/www.glm-laser.com\/glm\/instrumente\/ip-schutzartbezeichnung\/\">Staub- und Wasserschutz<\/a>\u00a0IP45 gew\u00e4hrleistet auch unter schwierigen Umweltbedingungen die Zuverl\u00e4ssigkeit des Instrumentes.<\/p>\n<\/div>\n<div class=\"section\">\n<h3>Die Industriestandards des Digitalnivelliers SDL1X aus dem Hause Sokkia sind:<\/h3>\n<\/div>\n<\/div>\n<\/div>\n<div class=\"section\">\n<div align=\"justify\">\n<ul>\n<li><img loading=\"lazy\" decoding=\"async\" class=\"Digitalnivellier SDL1X alignright wp-image-978 size-full\" title=\"Digitalnivellier SDL1X\" src=\"https:\/\/www.glm-laser.com\/glm\/wp-content\/uploads\/SDL1x-Digiralnivellier_2.jpg\" alt=\"Digitalnivellier SDL1X\" width=\"200\" height=\"213\" \/>0.2mm\u00a0Genauigkeit (ISO17123-2)<\/li>\n<li>Auto Focus\u00a0f\u00fcr &#8222;high-end&#8220; Nivellements<\/li>\n<li>Beobachtungshilfe f\u00fcr Schnellzielungen<\/li>\n<li>Fernbedienbar<\/li>\n<li>Zweiachskompensation<\/li>\n<li>SD-Kartenslot zur Datensicherung<\/li>\n<li>100m Bl<em>uetooth<\/em>\u00ae\u00a0kabellose Kommunikation<\/li>\n<li>Sokkia Invarlatte\u00a0mit \u00b10.1ppm\/\u00b0C Linearexpansionskoeffizient<\/li>\n<\/ul>\n<\/div>\n<h3>Das digitalnivellier SDL1X setzt mit einer Genauigkeit von 0,02 Millimeter Ma\u00dfst\u00e4be<\/h3>\n<div align=\"justify\">\n<ul>\n<li>Bei Verwendung der SOKKIA\u00a0RAB-Code\u00a0Nivellierlatte BIS30A ereichen Sie mit dem Digitalnivellier SDL1X Genauigkeit von 0,2mm. Die Nivellierlatte BIS30A weist den geringsten Expansionskoeffizienten von \u00b10.1ppm\/\u00b0C auf.<\/li>\n<li>Mit einer\u00a0Standard Invarlatte\u00a0werden bis 0,3mm erreicht.<\/li>\n<\/ul>\n<\/div>\n<p align=\"left\"><img loading=\"lazy\" decoding=\"async\" class=\"alignleft size-full wp-image-971\" src=\"https:\/\/www.glm-laser.com\/glm\/wp-content\/uploads\/SDL1x-Anzielhilfe.jpg\" alt=\"SDL1x-Anzielhilfe\" width=\"200\" height=\"150\" \/><\/p>\n<p><strong>Sie sparen bis zu 40% Arbeitszeit<\/strong><\/p>\n<div align=\"justify\">\n<ul>\n<li>Mit &#8222;Auto Focus&#8220;\u00a0und der Beobachtungshilfe\u00a0reduziert sich die Messzeit um 40% im Gegensatz zu herk\u00f6mmlichen Nivellierger\u00e4ten.<\/li>\n<li>Manuelles Fokussieren\u00a0ist ohne Umstellungen m\u00f6glich.\u00a0Drehen Sie einfach an der Fokussierschraube und &#8222;Auto Fokus&#8220; wird unterdr\u00fcckt.<\/li>\n<li>Diverse Nivellier- und Speicherroutinen &#8222;on-board&#8220;<\/li>\n<li>L\u00f6sen Sie Ihre Aufgaben mit der &#8222;on-board&#8220; Software.<\/li>\n<li>Toleranzen k\u00f6nnen gesetzt werden.<\/li>\n<\/ul>\n<p>Sie w\u00fcnschen ein Angebot, eine Vorf\u00fchrung oder mehr Informationen. Rufen Sie einfach an oder senden Sie uns eine E-Mail. Wir beraten Sie gerne.<\/p>\n<\/div>\n<div align=\"justify\"><\/div>\n<\/div>\n<p><img loading=\"lazy\" decoding=\"async\" class=\"alignleft size-full wp-image-958\" src=\"https:\/\/www.glm-laser.com\/glm\/wp-content\/uploads\/pdf-icon.png\" alt=\"Download PDF\" width=\"38\" height=\"42\" \/><\/p>\n<p><a href=\"https:\/\/www.glm-laser.com\/glm\/wp-content\/uploads\/datenblatt_sokkia_sdl1x.pdf\" target=\"_blank\" rel=\"noopener noreferrer\"><br \/>\nDatenblatt Sokkia SDL1X (92 kB)<br \/>\n<\/a><a href=\"https:\/\/www.glm-laser.com\/glm\/wp-content\/uploads\/sdl1x.pdf\" target=\"_blank\" rel=\"noopener noreferrer\">Prospekt SDL1X en (2 MB)<\/a><\/p>\n","protected":false},"excerpt":{"rendered":"<p>Das hochpr\u00e4zise Digitalnivellier SDL1X aus dem Hause Sokkia Das Digitalnivellier SDL1X geh\u00f6rt zu dem pr\u00e4zisesten H\u00f6henmessinstrument. Dieses Digitalnivellier unterscheidet sich durch die Implementierung fortschrittlichster Technologie zu den klassischen Nivellieren durch: Selbsthorizontierend (bis zu +\/- 12 Minuten) Selbstablesend (keine Ablesung mehr durch den Beobachter; Fehlerquellen wie das verwechseln der reichenbachschen Distanzf\u00e4den mit den Zielkreuz scheiden aus) [&hellip;]<\/p>\n","protected":false},"author":1,"featured_media":0,"parent":6217,"menu_order":0,"comment_status":"closed","ping_status":"closed","template":"page_submenu.php","meta":{"footnotes":""},"class_list":["post-711","page","type-page","status-publish","hentry"],"_links":{"self":[{"href":"https:\/\/www.glm-laser.com\/glm\/wp-json\/wp\/v2\/pages\/711"}],"collection":[{"href":"https:\/\/www.glm-laser.com\/glm\/wp-json\/wp\/v2\/pages"}],"about":[{"href":"https:\/\/www.glm-laser.com\/glm\/wp-json\/wp\/v2\/types\/page"}],"author":[{"embeddable":true,"href":"https:\/\/www.glm-laser.com\/glm\/wp-json\/wp\/v2\/users\/1"}],"replies":[{"embeddable":true,"href":"https:\/\/www.glm-laser.com\/glm\/wp-json\/wp\/v2\/comments?post=711"}],"version-history":[{"count":28,"href":"https:\/\/www.glm-laser.com\/glm\/wp-json\/wp\/v2\/pages\/711\/revisions"}],"predecessor-version":[{"id":7116,"href":"https:\/\/www.glm-laser.com\/glm\/wp-json\/wp\/v2\/pages\/711\/revisions\/7116"}],"up":[{"embeddable":true,"href":"https:\/\/www.glm-laser.com\/glm\/wp-json\/wp\/v2\/pages\/6217"}],"wp:attachment":[{"href":"https:\/\/www.glm-laser.com\/glm\/wp-json\/wp\/v2\/media?parent=711"}],"curies":[{"name":"wp","href":"https:\/\/api.w.org\/{rel}","templated":true}]}}