{"id":713,"date":"2016-04-18T09:38:37","date_gmt":"2016-04-18T07:38:37","guid":{"rendered":"http:\/\/www.glm-laser.com\/?page_id=713"},"modified":"2021-11-08T15:40:37","modified_gmt":"2021-11-08T14:40:37","slug":"dt240-industrietheodolit","status":"publish","type":"page","link":"https:\/\/www.glm-laser.com\/glm\/optische-vermessungsinstrumente-3\/uebersicht\/theodolite\/dt240-industrietheodolit\/","title":{"rendered":"DT240 Industrietheodolit"},"content":{"rendered":"<div class=\"rex-cnt-slc-otp\">\n<div class=\"rex-cnt-slc-otp2\"><\/div>\n<h1>Industrietheodolit DT240 von Sokkia<\/h1>\n<div class=\"section\">\n<p align=\"justify\"><img loading=\"lazy\" decoding=\"async\" class=\"alignright size-full wp-image-992\" src=\"https:\/\/www.glm-laser.com\/glm\/wp-content\/uploads\/Industrietheodolit-DT240.png\" alt=\"Industrietheodolit-DT240\" width=\"160\" height=\"274\" \/><br \/>\n<strong>DT240, elektronischer Pr\u00e4zisionstheodolit und Zweiachskompensator (2&#8243; \/ 0,6 mgon). Abgel\u00f6st durch die DT50 Serie,<\/strong><\/p>\n<div align=\"justify\"><\/div>\n<p align=\"justify\">Der Digitaltheodolit DT240 ist derzeitig das vielseitigste Einstiegsmodell auf dem Markt. Mit einer Schutzklasse nach\u00a0<a href=\"https:\/\/www.glm-laser.com\/ip-65-vermessungsinstrumente\/\">IP66\u00a0<\/a>arbeitet die DT Serie auch dort noch zuverl\u00e4ssig, wo konventionelle Theodolite aufgeben m\u00fcssen &#8211; z.B. bei pl\u00f6tzlich einsetzenden Schauern, in anhaltendem Nieselregen oder in Umgebungen mit sehr hoher Luftfeuchtigkeit.<\/p>\n<div align=\"justify\"><\/div>\n<p align=\"justify\">Die Vertikal- und Horizontalwinkel werden elektronisch abgelesen und auf einem gro\u00dfen, sehr gut lesbaren LCD Display angezeigt. Mit der automatischen Vertikalkreisindizierung wird ein Genauigkeitsniveau erreicht, an das andere Instrumente dieser Preisklasse lange nicht herankommen. Die Theodolite der DT Serie arbeiten mit 4 herk\u00f6mmlichen und wirklich \u00fcberall erh\u00e4ltlichen AA Batterien 100 Stunden lang im Dauerbetrieb.<\/p>\n<div align=\"justify\"><\/div>\n<p align=\"justify\"><strong>Weitere Merkmale:<\/strong><\/p>\n<div align=\"justify\"><\/div>\n<p align=\"justify\">Winkelablesungen werden durch einen intelligenten Mikroprozessor \u00fcberwacht und in weniger als 0,5 Sekunden ausgegeben.<\/p>\n<div align=\"justify\"><\/div>\n<p align=\"justify\">Die Horizontalwinkel k\u00f6nnen mit dem oder gegen den Uhrzeigersinn ablesen werden und k\u00f6nnen dann mit der Halten\/Freigabe-Taste (hold\/release) gespeichert werden.<\/p>\n<div align=\"justify\"><\/div>\n<p align=\"justify\">Das Fernrohr mit 30facher Vergr\u00f6\u00dferung enth\u00e4lt eine eingebaute Beleuchtung.<\/p>\n<div align=\"justify\"><\/div>\n<p align=\"justify\">Der Industrietheodolit DT240 ist mit Displays auf beiden Seiten des Instrumentes ausgestattet.<\/p>\n<div align=\"justify\"><\/div>\n<p align=\"justify\">Das Gewicht liegt bei 4,1 kg.<\/p>\n<div align=\"justify\"><\/div>\n<p align=\"justify\">Dank der Vielseitigkeit und der Zuverl\u00e4ssigkeit dieser Instrumente werden die Messaufgaben schnell und genau erledigt.<\/p>\n<div align=\"justify\"><\/div>\n<\/div>\n<div class=\"section\">\n<div style=\"text-align: left;\" align=\"center\">DT240\u00a0&#8211;\u00a0DT540\u00a0&#8211;\u00a0<a title=\"Sokkia DT740\" href=\"https:\/\/www.glm-laser.com\/dt740-digitaltheodolit\/\">DT740<\/a>\u00a0&#8211;\u00a0<a title=\"Sokkia DT520\" href=\"https:\/\/www.glm-laser.com\/dt940-digitaltheodolit\/\">DT940<\/a><\/div>\n<\/div>\n<div style=\"text-align: left;\" align=\"center\"><\/div>\n<p><img loading=\"lazy\" decoding=\"async\" class=\"alignleft size-full wp-image-958\" src=\"https:\/\/www.glm-laser.com\/glm\/wp-content\/uploads\/pdf-icon.png\" alt=\"Download PDF\" width=\"38\" height=\"42\" \/><\/p>\n<p class=\"section\">\n<\/div>\n<p class=\"rex-cnt-slc-otp\"><a href=\"https:\/\/www.glm-laser.com\/glm\/wp-content\/uploads\/dtx40_prospekt_en-1.pdf\">Prospekt Sokkia DTx40_en (975 kB)<\/a><\/p>\n","protected":false},"excerpt":{"rendered":"<p>Industrietheodolit DT240 von Sokkia DT240, elektronischer Pr\u00e4zisionstheodolit und Zweiachskompensator (2&#8243; \/ 0,6 mgon). Abgel\u00f6st durch die DT50 Serie, Der Digitaltheodolit DT240 ist derzeitig das vielseitigste Einstiegsmodell auf dem Markt. Mit einer Schutzklasse nach\u00a0IP66\u00a0arbeitet die DT Serie auch dort noch zuverl\u00e4ssig, wo konventionelle Theodolite aufgeben m\u00fcssen &#8211; z.B. bei pl\u00f6tzlich einsetzenden Schauern, in anhaltendem Nieselregen oder [&hellip;]<\/p>\n","protected":false},"author":1,"featured_media":0,"parent":819,"menu_order":4,"comment_status":"closed","ping_status":"closed","template":"page_submenu.php","meta":{"footnotes":""},"class_list":["post-713","page","type-page","status-publish","hentry"],"_links":{"self":[{"href":"https:\/\/www.glm-laser.com\/glm\/wp-json\/wp\/v2\/pages\/713"}],"collection":[{"href":"https:\/\/www.glm-laser.com\/glm\/wp-json\/wp\/v2\/pages"}],"about":[{"href":"https:\/\/www.glm-laser.com\/glm\/wp-json\/wp\/v2\/types\/page"}],"author":[{"embeddable":true,"href":"https:\/\/www.glm-laser.com\/glm\/wp-json\/wp\/v2\/users\/1"}],"replies":[{"embeddable":true,"href":"https:\/\/www.glm-laser.com\/glm\/wp-json\/wp\/v2\/comments?post=713"}],"version-history":[{"count":16,"href":"https:\/\/www.glm-laser.com\/glm\/wp-json\/wp\/v2\/pages\/713\/revisions"}],"predecessor-version":[{"id":10029,"href":"https:\/\/www.glm-laser.com\/glm\/wp-json\/wp\/v2\/pages\/713\/revisions\/10029"}],"up":[{"embeddable":true,"href":"https:\/\/www.glm-laser.com\/glm\/wp-json\/wp\/v2\/pages\/819"}],"wp:attachment":[{"href":"https:\/\/www.glm-laser.com\/glm\/wp-json\/wp\/v2\/media?parent=713"}],"curies":[{"name":"wp","href":"https:\/\/api.w.org\/{rel}","templated":true}]}}